{"id":12532,"date":"2025-06-29T14:30:26","date_gmt":"2025-06-29T12:30:26","guid":{"rendered":"https:\/\/uj.adatbank.ro\/lexikon\/termek\/konya-istvan-bela\/"},"modified":"2025-06-29T14:30:26","modified_gmt":"2025-06-29T12:30:26","slug":"konya-istvan-bela","status":"publish","type":"product","link":"https:\/\/uj.adatbank.ro\/lexikon\/termek\/konya-istvan-bela\/","title":{"rendered":"K\u00d3NYA Istv\u00e1n B\u00e9la"},"content":{"rendered":"<p>Mv., 1915. \u2020 Arad v. Temes\u00e1g, 1958. szept. 1.: \u00fcgyv\u00e9d. \u2013 Apja K. Imre tan\u00e1r. Feles\u00e9ge: 1. Telegdy M\u00e1rta (esk\u00fcv\u0151 1936-elv\u00e1ltak), 2. Dobra Erzs\u00e9bet. A mv.-i Ref. Koll.-ban \u00e9retts\u00e9gizett (1931), majd Kv.-on v\u00e9gzett jogi tanulm\u00e1nyokat. Folyfalv\u00e1n \u00e9ltek egy ideig, mert els\u0151 feles\u00e9g\u00e9nek itt 200 hold birtoka volt. \u00dcgyv\u00e9di irod\u00e1t nyitott Mv.-en Fekete Andorral k\u00f6z\u00f6sen (1945\u2013). A gyergy\u00f3szentmikl\u00f3si \u00fcgyv\u00e9di kamar\u00e1hoz, majd K\u00e9zdiv\u00e1s\u00e1rhelyre ker\u00fclt. A szentkatolnai \u00e1llami gazdas\u00e1g jogtan\u00e1csosa volt. F\u00f6ldbirtokosi kapcsolatai r\u00e9v\u00e9n ismerte meg Husz\u00e1r J\u00f3zsefet \u00e9s a titkos szervezet tagja lett., fegyveres felkel\u00e9sben val\u00f3 r\u00e9szv\u00e9tellel v\u00e1dolt\u00e1k. K\u00e9zdiv\u00e1s\u00e1rhelyen tart\u00f3ztatt\u00e1k le (1957. okt. 31.), a temesv\u00e1ri szekuritate b\u00f6rt\u00f6n\u00e9be sz\u00e1ll\u00edtott\u00e1k, majd a kv.-i Katonai T\u00f6rv\u00e9nysz\u00e9k ny\u00edlt t\u00e1rgyal\u00e1son hal\u00e1lra \u00e9s teljes vagyonelkobz\u00e1sra it\u00e9lte. Minden val\u00f3sz\u00edn\u0171s\u00e9g szerint a temesv\u00e1ri b\u00f6rt\u00f6nben v\u00e9gezt\u00e9k ki. 1956 m\u00e1rt\u00edrja. <br \/><strong>Irod.:<\/strong> Kincses El\u0151d: Az iskola m\u00e1rt\u00edrjai (N\u00fa., 2007. aug. 28.); Sipos; T\u00f3falvi Zolt\u00e1n: 1956 Maros megyei m\u00e1rt\u00edrjai (N\u00fa., 1998. okt. 23.)<\/br><\/p>\n","protected":false},"excerpt":{"rendered":"<p>Mv., 1915. \u2020 Arad v. Temes\u00e1g, 1958. szept. 1.: \u00fcgyv\u00e9d. \u2013 Apja K. Imre tan\u00e1r. Feles\u00e9ge: 1. Telegdy M\u00e1rta (esk\u00fcv\u0151 1936-elv\u00e1ltak), 2. Dobra Erzs\u00e9bet. A mv.-i Ref. Koll.-ban \u00e9retts\u00e9gizett (1931), majd Kv.-on v\u00e9gzett jogi tanulm\u00e1nyokat. Folyfalv\u00e1n \u00e9ltek egy ideig, mert els\u0151 feles\u00e9g\u00e9nek itt 200 hold birtoka volt. \u00dcgyv\u00e9di irod\u00e1t nyitott Mv.-en Fekete Andorral k\u00f6z\u00f6sen (1945\u2013). [&hellip;]<\/p>\n","protected":false},"featured_media":0,"comment_status":"open","ping_status":"closed","template":"","meta":[],"product_brand":[],"product_cat":[137],"product_tag":[],"class_list":{"0":"post-12532","1":"product","2":"type-product","3":"status-publish","5":"product_cat-maros-megyei-eletrajzi-lexikon","7":"first","8":"instock","9":"shipping-taxable","10":"product-type-simple"},"_links":{"self":[{"href":"https:\/\/uj.adatbank.ro\/lexikon\/wp-json\/wp\/v2\/product\/12532","targetHints":{"allow":["GET"]}}],"collection":[{"href":"https:\/\/uj.adatbank.ro\/lexikon\/wp-json\/wp\/v2\/product"}],"about":[{"href":"https:\/\/uj.adatbank.ro\/lexikon\/wp-json\/wp\/v2\/types\/product"}],"replies":[{"embeddable":true,"href":"https:\/\/uj.adatbank.ro\/lexikon\/wp-json\/wp\/v2\/comments?post=12532"}],"wp:attachment":[{"href":"https:\/\/uj.adatbank.ro\/lexikon\/wp-json\/wp\/v2\/media?parent=12532"}],"wp:term":[{"taxonomy":"product_brand","embeddable":true,"href":"https:\/\/uj.adatbank.ro\/lexikon\/wp-json\/wp\/v2\/product_brand?post=12532"},{"taxonomy":"product_cat","embeddable":true,"href":"https:\/\/uj.adatbank.ro\/lexikon\/wp-json\/wp\/v2\/product_cat?post=12532"},{"taxonomy":"product_tag","embeddable":true,"href":"https:\/\/uj.adatbank.ro\/lexikon\/wp-json\/wp\/v2\/product_tag?post=12532"}],"curies":[{"name":"wp","href":"https:\/\/api.w.org\/{rel}","templated":true}]}}