{"id":12533,"date":"2025-06-29T14:30:28","date_gmt":"2025-06-29T12:30:28","guid":{"rendered":"https:\/\/uj.adatbank.ro\/lexikon\/termek\/konya-janos\/"},"modified":"2025-06-29T14:30:28","modified_gmt":"2025-06-29T12:30:28","slug":"konya-janos","status":"publish","type":"product","link":"https:\/\/uj.adatbank.ro\/lexikon\/termek\/konya-janos\/","title":{"rendered":"K\u00d3NYA J\u00e1nos"},"content":{"rendered":"<p>Mikefalva, 1889., \u2020 ? : gazd\u00e1lkod\u00f3, moln\u00e1rmester. \u2013 Dics\u0151szentm\u00e1rtonban 4 k\u00f6z\u00e9piskol\u00e1t v\u00e9gzett, majd a f\u00f6ldm\u0171ves szakiskola elv\u00e9gz\u00e9se ut\u00e1n Vaj\u00e1n a moln\u00e1ripart tanulta. Malmot nyitott Sz\u00e9kelyvaj\u00e1ban (1909) ahol kereskedelmi \u00e9s v\u00e1m\u00f6rl\u00e9st v\u00e9gzett, ugyanakkor saj\u00e1t f\u00f6ldj\u00e9n gazd\u00e1lkodott, 3. \u00e9vig k\u00f6zs\u00e9gi b\u00edr\u00f3 volt. \u00dczeme modern g\u00e9per\u0151re volt berendezve. Az els\u0151 vh.-ban a 21. \u00e9s a 12. ezredben harcolt. <br \/><strong>Irod.:<\/strong> Sz\u00e9kelyf\u00f6ld \u00ed. k.<\/br><\/p>\n","protected":false},"excerpt":{"rendered":"<p>Mikefalva, 1889., \u2020 ? : gazd\u00e1lkod\u00f3, moln\u00e1rmester. \u2013 Dics\u0151szentm\u00e1rtonban 4 k\u00f6z\u00e9piskol\u00e1t v\u00e9gzett, majd a f\u00f6ldm\u0171ves szakiskola elv\u00e9gz\u00e9se ut\u00e1n Vaj\u00e1n a moln\u00e1ripart tanulta. Malmot nyitott Sz\u00e9kelyvaj\u00e1ban (1909) ahol kereskedelmi \u00e9s v\u00e1m\u00f6rl\u00e9st v\u00e9gzett, ugyanakkor saj\u00e1t f\u00f6ldj\u00e9n gazd\u00e1lkodott, 3. \u00e9vig k\u00f6zs\u00e9gi b\u00edr\u00f3 volt. \u00dczeme modern g\u00e9per\u0151re volt berendezve. Az els\u0151 vh.-ban a 21. \u00e9s a 12. ezredben harcolt. [&hellip;]<\/p>\n","protected":false},"featured_media":0,"comment_status":"open","ping_status":"closed","template":"","meta":[],"product_brand":[],"product_cat":[137],"product_tag":[],"class_list":{"0":"post-12533","1":"product","2":"type-product","3":"status-publish","5":"product_cat-maros-megyei-eletrajzi-lexikon","7":"first","8":"instock","9":"shipping-taxable","10":"product-type-simple"},"_links":{"self":[{"href":"https:\/\/uj.adatbank.ro\/lexikon\/wp-json\/wp\/v2\/product\/12533","targetHints":{"allow":["GET"]}}],"collection":[{"href":"https:\/\/uj.adatbank.ro\/lexikon\/wp-json\/wp\/v2\/product"}],"about":[{"href":"https:\/\/uj.adatbank.ro\/lexikon\/wp-json\/wp\/v2\/types\/product"}],"replies":[{"embeddable":true,"href":"https:\/\/uj.adatbank.ro\/lexikon\/wp-json\/wp\/v2\/comments?post=12533"}],"wp:attachment":[{"href":"https:\/\/uj.adatbank.ro\/lexikon\/wp-json\/wp\/v2\/media?parent=12533"}],"wp:term":[{"taxonomy":"product_brand","embeddable":true,"href":"https:\/\/uj.adatbank.ro\/lexikon\/wp-json\/wp\/v2\/product_brand?post=12533"},{"taxonomy":"product_cat","embeddable":true,"href":"https:\/\/uj.adatbank.ro\/lexikon\/wp-json\/wp\/v2\/product_cat?post=12533"},{"taxonomy":"product_tag","embeddable":true,"href":"https:\/\/uj.adatbank.ro\/lexikon\/wp-json\/wp\/v2\/product_tag?post=12533"}],"curies":[{"name":"wp","href":"https:\/\/api.w.org\/{rel}","templated":true}]}}