{"id":12535,"date":"2025-06-29T14:30:32","date_gmt":"2025-06-29T12:30:32","guid":{"rendered":"https:\/\/uj.adatbank.ro\/lexikon\/termek\/konya-laszlo\/"},"modified":"2025-06-29T14:30:32","modified_gmt":"2025-06-29T12:30:32","slug":"konya-laszlo","status":"publish","type":"product","link":"https:\/\/uj.adatbank.ro\/lexikon\/termek\/konya-laszlo\/","title":{"rendered":"K\u00d3NYA L\u00e1szl\u00f3"},"content":{"rendered":"<p>? \u2020 ?: hitvezet\u0151. \u2013 A jehova tanui hitvezet\u0151 Ny\u00e1r\u00e1dszered\u00e1ban. Megismerkedett a vall\u00e1s l\u00e9nyeg\u00e9vel \u00e9s csatlakozott ahhoz (1946\u2013). Mivel ezt a vall\u00e1st a m\u00falt rendszerben tiltott\u00e1k, a Securitate emberei \u00fcld\u00f6zt\u00e9k. 32 m\u00e1s t\u00e1rs\u00e1val egy\u00fctt letart\u00f3ztatt\u00e1k (1957. nov.). F\u00e9l \u00e9ven \u00e1t folyt a t\u00e1rgyal\u00e1s, azt\u00e1n a Katonai T\u00f6rv\u00e9nysz\u00e9k 20 \u00e9v b\u00f6rt\u00f6nre \u00edt\u00e9lte mer\u00e9nylet elk\u00f6vet\u00e9se c\u00edm\u00e9n. Egy \u00e9vet Szamos\u00fajv\u00e1ron, majd t\u00f6bb mint \u00f6t\u00f6t a Duna \u2013 delt\u00e1ban t\u00f6lt\u00f6ttek. A feles\u00e9ge azt sem tudta, h. hol van (\u20131961). <br \/><strong>Irod.:<\/strong> Ny\u00e1r\u00e1dszereda<\/br><\/p>\n","protected":false},"excerpt":{"rendered":"<p>? \u2020 ?: hitvezet\u0151. \u2013 A jehova tanui hitvezet\u0151 Ny\u00e1r\u00e1dszered\u00e1ban. Megismerkedett a vall\u00e1s l\u00e9nyeg\u00e9vel \u00e9s csatlakozott ahhoz (1946\u2013). Mivel ezt a vall\u00e1st a m\u00falt rendszerben tiltott\u00e1k, a Securitate emberei \u00fcld\u00f6zt\u00e9k. 32 m\u00e1s t\u00e1rs\u00e1val egy\u00fctt letart\u00f3ztatt\u00e1k (1957. nov.). F\u00e9l \u00e9ven \u00e1t folyt a t\u00e1rgyal\u00e1s, azt\u00e1n a Katonai T\u00f6rv\u00e9nysz\u00e9k 20 \u00e9v b\u00f6rt\u00f6nre \u00edt\u00e9lte mer\u00e9nylet elk\u00f6vet\u00e9se c\u00edm\u00e9n. Egy [&hellip;]<\/p>\n","protected":false},"featured_media":0,"comment_status":"open","ping_status":"closed","template":"","meta":[],"product_brand":[],"product_cat":[137],"product_tag":[],"class_list":{"0":"post-12535","1":"product","2":"type-product","3":"status-publish","5":"product_cat-maros-megyei-eletrajzi-lexikon","7":"first","8":"instock","9":"shipping-taxable","10":"product-type-simple"},"_links":{"self":[{"href":"https:\/\/uj.adatbank.ro\/lexikon\/wp-json\/wp\/v2\/product\/12535","targetHints":{"allow":["GET"]}}],"collection":[{"href":"https:\/\/uj.adatbank.ro\/lexikon\/wp-json\/wp\/v2\/product"}],"about":[{"href":"https:\/\/uj.adatbank.ro\/lexikon\/wp-json\/wp\/v2\/types\/product"}],"replies":[{"embeddable":true,"href":"https:\/\/uj.adatbank.ro\/lexikon\/wp-json\/wp\/v2\/comments?post=12535"}],"wp:attachment":[{"href":"https:\/\/uj.adatbank.ro\/lexikon\/wp-json\/wp\/v2\/media?parent=12535"}],"wp:term":[{"taxonomy":"product_brand","embeddable":true,"href":"https:\/\/uj.adatbank.ro\/lexikon\/wp-json\/wp\/v2\/product_brand?post=12535"},{"taxonomy":"product_cat","embeddable":true,"href":"https:\/\/uj.adatbank.ro\/lexikon\/wp-json\/wp\/v2\/product_cat?post=12535"},{"taxonomy":"product_tag","embeddable":true,"href":"https:\/\/uj.adatbank.ro\/lexikon\/wp-json\/wp\/v2\/product_tag?post=12535"}],"curies":[{"name":"wp","href":"https:\/\/api.w.org\/{rel}","templated":true}]}}