{"id":12538,"date":"2025-06-29T14:30:36","date_gmt":"2025-06-29T12:30:36","guid":{"rendered":"https:\/\/uj.adatbank.ro\/lexikon\/termek\/koos-bela\/"},"modified":"2025-06-29T14:30:36","modified_gmt":"2025-06-29T12:30:36","slug":"koos-bela","status":"publish","type":"product","link":"https:\/\/uj.adatbank.ro\/lexikon\/termek\/koos-bela\/","title":{"rendered":"KO\u00d3S B\u00e9la"},"content":{"rendered":"<p>Mv., 1928. j\u00fal. 24., \u2020 ?: kos\u00e1rlabd\u00e1z\u00f3, tan\u00e1r. \u2013 Az egyetemet a buk.-i Sestnevel\u00e9si F\u0151iskol\u00e1n v\u00e9gezte (1954); A mv.-i F\u00e9mipari Szakiskola tan\u00e1ra (1954\u201365); kos\u00e1rlabda szakoktat\u00f3; Kv.-on tan\u00e1r \u00e9s edz\u0151 (1965\u201388). <br \/><strong>Irod.:<\/strong> : RMKK<\/br><\/p>\n","protected":false},"excerpt":{"rendered":"<p>Mv., 1928. j\u00fal. 24., \u2020 ?: kos\u00e1rlabd\u00e1z\u00f3, tan\u00e1r. \u2013 Az egyetemet a buk.-i Sestnevel\u00e9si F\u0151iskol\u00e1n v\u00e9gezte (1954); A mv.-i F\u00e9mipari Szakiskola tan\u00e1ra (1954\u201365); kos\u00e1rlabda szakoktat\u00f3; Kv.-on tan\u00e1r \u00e9s edz\u0151 (1965\u201388). Irod.: : RMKK<\/p>\n","protected":false},"featured_media":0,"comment_status":"open","ping_status":"closed","template":"","meta":[],"product_brand":[],"product_cat":[137],"product_tag":[],"class_list":{"0":"post-12538","1":"product","2":"type-product","3":"status-publish","5":"product_cat-maros-megyei-eletrajzi-lexikon","7":"first","8":"instock","9":"shipping-taxable","10":"product-type-simple"},"_links":{"self":[{"href":"https:\/\/uj.adatbank.ro\/lexikon\/wp-json\/wp\/v2\/product\/12538","targetHints":{"allow":["GET"]}}],"collection":[{"href":"https:\/\/uj.adatbank.ro\/lexikon\/wp-json\/wp\/v2\/product"}],"about":[{"href":"https:\/\/uj.adatbank.ro\/lexikon\/wp-json\/wp\/v2\/types\/product"}],"replies":[{"embeddable":true,"href":"https:\/\/uj.adatbank.ro\/lexikon\/wp-json\/wp\/v2\/comments?post=12538"}],"wp:attachment":[{"href":"https:\/\/uj.adatbank.ro\/lexikon\/wp-json\/wp\/v2\/media?parent=12538"}],"wp:term":[{"taxonomy":"product_brand","embeddable":true,"href":"https:\/\/uj.adatbank.ro\/lexikon\/wp-json\/wp\/v2\/product_brand?post=12538"},{"taxonomy":"product_cat","embeddable":true,"href":"https:\/\/uj.adatbank.ro\/lexikon\/wp-json\/wp\/v2\/product_cat?post=12538"},{"taxonomy":"product_tag","embeddable":true,"href":"https:\/\/uj.adatbank.ro\/lexikon\/wp-json\/wp\/v2\/product_tag?post=12538"}],"curies":[{"name":"wp","href":"https:\/\/api.w.org\/{rel}","templated":true}]}}