{"id":12540,"date":"2025-06-29T14:30:40","date_gmt":"2025-06-29T12:30:40","guid":{"rendered":"https:\/\/uj.adatbank.ro\/lexikon\/termek\/koos-ferenc-%c2%a7\/"},"modified":"2025-06-29T14:30:40","modified_gmt":"2025-06-29T12:30:40","slug":"koos-ferenc-%c2%a7","status":"publish","type":"product","link":"https:\/\/uj.adatbank.ro\/lexikon\/termek\/koos-ferenc-%c2%a7\/","title":{"rendered":"KO\u00d3S Ferenc, \u00a7"},"content":{"rendered":"<p>1869., \u2020 Mv., 1930.: \u00e9p\u00edt\u00e9sz, lakatos. \u2013 A mv.-i V\u00e1rosh\u00e1za \u00e9p\u00edt\u00e9s\u00e9n\u00e9l lakatos munk\u00e1latokat v\u00e9gezte Victor G\u00e9z\u00e1val (1906\u201308). A MSE alap\u00edt\u00f3 tagja (1898\u2013), az ugr\u00f3 oszt\u00e1ly megalap\u00edt\u00f3ja \u00e9s vezet\u0151je (1904\u2013). <br \/><strong>Irod.:<\/strong> Csekme; Illy\u00e9s; Kereszetes Gyula: Szecesszi\u00f3 Mv.-en 4.: A V\u00e1rosh\u00e1za (N\u00fa., 1991. okt. 26.)<\/br><\/p>\n","protected":false},"excerpt":{"rendered":"<p>1869., \u2020 Mv., 1930.: \u00e9p\u00edt\u00e9sz, lakatos. \u2013 A mv.-i V\u00e1rosh\u00e1za \u00e9p\u00edt\u00e9s\u00e9n\u00e9l lakatos munk\u00e1latokat v\u00e9gezte Victor G\u00e9z\u00e1val (1906\u201308). A MSE alap\u00edt\u00f3 tagja (1898\u2013), az ugr\u00f3 oszt\u00e1ly megalap\u00edt\u00f3ja \u00e9s vezet\u0151je (1904\u2013). Irod.: Csekme; Illy\u00e9s; Kereszetes Gyula: Szecesszi\u00f3 Mv.-en 4.: A V\u00e1rosh\u00e1za (N\u00fa., 1991. okt. 26.)<\/p>\n","protected":false},"featured_media":0,"comment_status":"open","ping_status":"closed","template":"","meta":[],"product_brand":[],"product_cat":[137],"product_tag":[],"class_list":{"0":"post-12540","1":"product","2":"type-product","3":"status-publish","5":"product_cat-maros-megyei-eletrajzi-lexikon","7":"first","8":"instock","9":"shipping-taxable","10":"product-type-simple"},"_links":{"self":[{"href":"https:\/\/uj.adatbank.ro\/lexikon\/wp-json\/wp\/v2\/product\/12540","targetHints":{"allow":["GET"]}}],"collection":[{"href":"https:\/\/uj.adatbank.ro\/lexikon\/wp-json\/wp\/v2\/product"}],"about":[{"href":"https:\/\/uj.adatbank.ro\/lexikon\/wp-json\/wp\/v2\/types\/product"}],"replies":[{"embeddable":true,"href":"https:\/\/uj.adatbank.ro\/lexikon\/wp-json\/wp\/v2\/comments?post=12540"}],"wp:attachment":[{"href":"https:\/\/uj.adatbank.ro\/lexikon\/wp-json\/wp\/v2\/media?parent=12540"}],"wp:term":[{"taxonomy":"product_brand","embeddable":true,"href":"https:\/\/uj.adatbank.ro\/lexikon\/wp-json\/wp\/v2\/product_brand?post=12540"},{"taxonomy":"product_cat","embeddable":true,"href":"https:\/\/uj.adatbank.ro\/lexikon\/wp-json\/wp\/v2\/product_cat?post=12540"},{"taxonomy":"product_tag","embeddable":true,"href":"https:\/\/uj.adatbank.ro\/lexikon\/wp-json\/wp\/v2\/product_tag?post=12540"}],"curies":[{"name":"wp","href":"https:\/\/api.w.org\/{rel}","templated":true}]}}