{"id":12541,"date":"2025-06-29T14:30:42","date_gmt":"2025-06-29T12:30:42","guid":{"rendered":"https:\/\/uj.adatbank.ro\/lexikon\/termek\/koos-ferenc-%c2%a7-koos\/"},"modified":"2025-06-29T14:30:42","modified_gmt":"2025-06-29T12:30:42","slug":"koos-ferenc-%c2%a7-koos","status":"publish","type":"product","link":"https:\/\/uj.adatbank.ro\/lexikon\/termek\/koos-ferenc-%c2%a7-koos\/","title":{"rendered":"KO\u00d3S Ferenc, \u00a7 Koos"},"content":{"rendered":"<p>Magyarr\u00e9gen, 1828. okt. 18., \u2020 Brass\u00f3, 1905. nov. 21.: ref. lelk\u00e9sz, pedag\u00f3gus, tanfel\u00fcgyel\u0151, eml\u00e9k\u00edr\u00f3. \u2013 Apja, K. L\u0151rinc, aki jobb\u00e1gysz\u00e1rmaz\u00e1s\u00fa Unok\u00e1b\u00f3l. \u2013 Az elemi iskol\u00e1t sz\u00fcl\u0151hely\u00e9n, majd a sz\u00e1szr\u00e9geni rom\u00e1n iskol\u00e1ban v\u00e9gezte, ahol j\u00f3l megtanulta a nyelvet. A mv.-i Ref. Koll. szolgadi\u00e1kja (1840\u201348), T\u00f6r\u00f6k J\u00e1nos tan\u00edtv\u00e1nyak\u00e9nt hat gimn\u00e1ziumi oszt\u00e1lyt v\u00e9gzett \u00e9s k\u00e9t b\u00f6lcseletit; D\u00e9sen volt mag\u00e1ntan\u00edt\u00f3, amikor kit\u00f6rt a forradalom, be\u00e1llt Kossuth husz\u00e1rnak, Kv.-on r\u00e9szes\u00fclt katonai kik\u00e9pz\u00e9sben. M\u00e1ty\u00e1s husz\u00e1rk\u00e9nt a Bem sereg\u00e9ben v\u00e9gigk\u00fczd\u00f6tte a k\u00e9t erd\u00e9lyi hadj\u00e1ratot, a szabads\u00e1gharc lever\u00e9se ut\u00e1n b\u00fajdosott. Tancson lelt mened\u00e9kre Sz\u00e1sz Gy\u00f6rgy ref. lelk\u00e9szn\u00e9l, ott volt mag\u00e1ntan\u00edt\u00f3. Folytatta tanulm\u00e1\u00adnyait Mv.-en (1850\u201355), ahol k\u00f6ztan\u00edt\u00f3 is volt. A Makk-f\u00e9le szervezked\u00e9sben, a T\u00f6r\u00f6k-Horv\u00e1th-G\u00e1lfi \u2013f\u00e9le \u00f6sszeesk\u00fcv\u00e9sben, val\u00f3 r\u00e9szv\u00e9tele miatt letart\u00f3ztatt\u00e1k, beb\u00f6rt\u00f6n\u00f6zt\u00e9k (1852) hat h\u00e9tig \u00fclt, de bizony\u00edt\u00e9k hi\u00e1n\u00ed\u00e1ban szabadon engedt\u00e9k. \u00c9retts\u00e9gizett (1852). K\u00e9t \u00e9vig a koll.-ban oszt\u00e1lytan\u00edt\u00f3 \u00e9s k\u00f6nyvt\u00e1ros (1853\u201355). Buk.-ben a m. iskola tan\u00edt\u00f3ja, ref. lelk\u00e9sz (1855. \u00e1pr. &#8211; 1869), h\u00edvei szeretet\u00e9t hamar megnyerte lelkes n\u00e9pnevel\u0151 munk\u00e1ja k\u00f6vetkezt\u00e9ben: fel\u00e9p\u00edtette a ref. m. iskol\u00e1t (1856); k\u00e9t \u00faj harangot \u00f6ntetett (1857); k\u00f6zbenj\u00e1r\u00e1s\u00e1ra az egyh\u00e1z \u00faj temet\u0151helyet kapott (1858); pomp\u00e1s templomot \u00e9p\u00edttetett (1863\u201366); Hunnia n\u00e9ven olvas\u00f3k\u00f6rt l\u00e9tes\u00edtett (1857), amelynek eln\u00f6ke 12 \u00e9ven \u00e1t; ezut\u00e1n megalakult az els\u0151 m. iparosegyletet \u00e9s az els\u0151 m. dalegyletet, patron\u00e1l\u00e1s\u00e1ban jelent meg az els\u0151 m. \u00fajs\u00e1g a Bukaresti M. K\u00f6zl\u00f6ny (1860). A par\u00f3kia az \u00fcld\u00f6z\u00f6ttek, bujdos\u00f3k egyik biz\u00adtos mened\u00e9ke volt. Jelent\u0151s munk\u00e1t v\u00e9gzett a cs\u00e1ng\u00f3k k\u00f6z\u00f6tt is, felt\u00e9rk\u00e9pezte falvaikat (1858), l\u00e9tsz\u00e1m, nyelvhaszn\u00e1lat stb. szerint. Czelder M\u00e1rtonnal val\u00f3 ellent\u00e9tei miatt visszat\u00e9rt Erd\u00e9lybe (1869). D\u00e9v\u00e1n (1870\u2013), M\u00e1ramarosszigeten (1873\u2013), Beszterceb\u00e1ny\u00e1n (1876\u2013), Brass\u00f3ban volt tan\u00edt\u00f3k\u00e9pezdei igazgat\u00f3 (1869\u2013), illetve Brass\u00f3 megyei tanfel\u00fcgyel\u0151 (1878\u2013); nyugd\u00edjaz\u00e1sa ut\u00e1n Kv.-on \u00e9lt (1893\u2013). T\u00f6bb nyelv ismer\u0151je: rom\u00e1n, francia, angol, n\u00e9met, szanszkrit, cig\u00e1ny, olasz. A berlini m. egyletnek (1862\u2013), a brass\u00f3i polg\u00e1ri k\u00f6rnek tiszteletbeli tagja, az EMKE v\u00e1l. tagja, brass\u00f3i fi\u00f3kk\u00f6r\u00e9nek eln\u00f6ke (1885\u201394); a brass\u00f3i m. szabadk\u0151m\u0171ves p\u00e1holy tagja; az erd\u00e9lyi ev. ref. egyh\u00e1z k\u00f6zgy\u0171l\u00e9s\u00e9n a rom\u00e1niai ev. ref. egyh\u00e1znak vil\u00e1gi k\u00e9pvisel\u0151je (1888\u2013); kir\u00e1lyi tan\u00e1csos (1883). A KZST \u00e9s az Erd\u00e9lyi M\u00fazeum tagja, az MSE alap\u00edt\u00f3 tagja (1898). \u00cdrt cikkeket, pedag\u00f3giai t\u00e1rgy\u00fa tanulm\u00e1nyokat, V. Goldissal tank\u00f6nyvet \u00edrt az erd\u00e9lyi rom\u00e1n isk. -k sz\u00e1m\u00e1ra, m\u0171ford\u00edt\u00f3, eml\u00e9k\u00edr\u00f3 is, eml\u00e9kiratai forr\u00e1s\u00e9rt\u00e9k\u0171ek. Ford\u00edtott rom\u00e1nb\u00f3l \u00e9s m. lapokban szeml\u00e9zte a rom\u00e1n irodalmi \u00e9let esem\u00e9nyeit. Cikkei, besz\u00e9dei, levelei megjelentek a : A Hon (b\u00e9csi \u00fajs\u00e1gban), a Magyar Sajt\u00f3, Kolozsv\u00e1ri K\u00f6zl\u00f6ny, Magyar Posta, Gir\u00f3kuti Nagy Napt\u00e1ra, Vas\u00e1rnapi \u00dajs\u00e1g, Haz\u00e1nk \u00e9s a K\u00fclf\u00f6ld, Orsz\u00e1g T\u00fckre, Hortob\u00e1gy, Protest\u00e1ns Egyh. \u00c9s Iskolai Lap, Sz\u00e9kely N\u00e9plap, Sz\u00e9kely K\u00f6zl\u00f6ny, Kolozsv\u00e1ri Nagy Napt\u00e1r, M. Polg\u00e1r Nagy Napt\u00e1ra, Reform, M\u00e1ramaros, M\u00e1ramarosmegye le\u00edr\u00e1sa, Bukaresti H\u00edrad\u00f3, Brass\u00f3, Brass\u00f3i Magyar K\u00e9pesnapt\u00e1r, Kolozsv\u00e1r, Bukuresti Magyar K\u00e9pesnapt\u00e1r, Brass\u00f3i H\u00edrad\u00f3, Sz\u00e9kely Nemzet, Erd\u00e9lyi \u00cdr\u00f3k \u00e9s M\u0171v\u00e9szek Almanachja, Marosvid\u00e9k, Ungaria, Magyarorsz\u00e1g, Aradi Lapok, Korunk, Unio, Szolnok Dob\u00f3ka, Beszterce, Delejt\u0171, Alf\u00f6ld, Csal\u00e1d \u00e9s Iskola, Sz\u00e9kely Nemzet, Ellenz\u00e9k, Erd. Prot. Lap c. lapokban. Buk.-ben m. egyes\u00fclet alakult, a Ko\u00f3s Ferenc K\u00f6r (1925\u201344), amelynek volt egy fi\u00f3kszervezete, Ko\u00f3s Ferenc K\u00f6r Di\u00e1koszt\u00e1lya n\u00e9ven (1925\u201340). Szobra \u00e1ll a magyarr\u00e9geni ref. templom tornya mellett, Sz\u00e1szr\u00e9genben a ref. templom el\u0151tt kopjaf\u00e1t \u00e1ll\u00edtottak eml\u00e9k\u00e9re. Mv.-en utca viseli a nev\u00e9t. \u2013 <strong>F. m.:<\/strong> A buk.-i ev. ref. \u00faj iskola alapk\u0151let\u00e9telekor 1865. aug. 11. \u2013\u00e9n mondott ima \u00e9s annak megnyit\u00e1sakor tartott besz\u00e9d (Buk., 1856); Szent fogad\u00e1st\u00e9telek: a buk.-i ev. ref. m. anyaszentegyh\u00e1z k\u00e9t \u00faj harangj\u00e1nak f\u00f6lszentel\u00e9se alkalm\u00e1b\u00f3l tartott egyh\u00e1zi besz\u00e9d (Buk., 1857); A buk.-i magyar casino \u00fcnnep\u00e9lyes megnyit\u00e1sa (Buk., 1857); Temet\u0151kert, mint Magyarorsz\u00e1g kapuja: a buk. ev. ref. egyh\u00e1z \u00faj temet\u0151kertje f\u00f6lszentel\u00e9se alkalm\u00e1val tartott ima \u00e9s besz\u00e9d (Buk., 1858); Felh\u00edv\u00e1s a m. akad\u00e9mia \u00e9rdek\u00e9ben (Buk., 1860); A buk.-i reform\u00e1lt egyh\u00e1z ujonnan \u00e1tdolgozott t\u0151rv\u00e9nyei (Buk., 1861); H\u00e1la ima: Melyet az egyes\u00fclt fejedelems\u00e9g uralkod\u00f3 hercege S\u00e1ndor J\u00e1nos \u0151fenns\u00e9ge n\u00e9v\u00fcnnep\u00e9n aug. 30-\u00e9n a buk.-i ref. templomban mondott (Buk., 1861); \u0150szinte sz\u00f3 a buk.-i m. iparos ifjakhoz vagy m. mesterleg\u00e9nyekhez (Arad., 1863); Az Isten l\u00e9lek: Templomszentel\u00e9si besz\u00e9d melyet a buk.-i ev. ref. templomban 1864 kar\u00e1csony els\u0151 napj\u00e1n mid\u0151n abban az els\u0151 istentisztelet tartatott, elmondott (Buk., 1865); A buk.-i ev. ref. egyh\u00e1z f\u00e9lsz\u00e1zados \u00fcnnep\u00e9n 1865 m\u00e1j. 2. az \u00faj templomban a bennirtak \u00e1ltal elmondott n\u00e9gy egyh\u00e1zi besz\u00e9d (Buk., 1865); A buk.-i els\u0151 m. iparos olvas\u00f3 egylet alapszab\u00e1lyai (Buk., 1865); V\u00e1lasz a buk.-i ev. ref. egyh\u00e1z el\u0151lj\u00e1r\u00f3s\u00e1g\u00e1nak k\u00f6penyeg\u00e9be b\u00fajt Czelder M\u00e1rton r\u00f6vid nyilatkozat\u00e1ra, a melyet e m. ev. ref. anyaszentegyh\u00e1z s a m. nemzethez int\u00e9zni nem sz\u00e9gyellett (Buk., 1869); A buk.-i ev. ref. egyh\u00e1z r\u00f6vid nyilatkozata a m. ev. ref. anyaszentegyh\u00e1z s a m. nemzethez (Buk., 1869); Rom\u00e1norsz\u00e1g (egyes\u00edtett rom\u00e1n fejedelems\u00e9gek) r\u00f6vid f\u00f6ldrajza n\u00e9piskol\u00e1k haszn\u00e1lat\u00e1ra t\u00e9rk\u00e9pekkel (Pest., 1869); T\u00f6rt\u00e9nelmi dolgozatok a m. \u00e9s rom\u00e1n nemzet viharos korszak\u00e1b\u00f3l (Mv., 1870); \u00c9rtes\u00edtv\u00e9ny a d\u00e9vai \u00e1llami tan\u00edt\u00f3k\u00e9pezde els\u0151 tan\u00e9v\u00e9r\u0151l 1870\u201371 (D\u00e9va, 1871); \u00c9rtes\u00edtv\u00e9ny a m\u00e1ramaros-szigeti m. kir. \u00e1llami f\u00e9rfi tan\u00edt\u0151k\u00e9pezd\u00e9r\u0151l az 1873\u201374. iskolai \u00e9vben (M\u00e1ramarossziget, 1874); Ap\u00e1czai Cserei J\u00e1nos n\u00e9pszer\u0171 \u00e9letrajza (Brass\u00f3, 1880); Ap\u00e1czai Csere J\u00e1nos : Eml\u00e9kbesz\u00e9d (Brass\u00f3, 1881); Alkalmi besz\u00e9d : a brass\u00f3i 22 \u00e9ves magyar dal\u00e1rda z\u00e1szl\u00f3felavat\u00e1si \u00fcnnep\u00e9ly\u00e9n 1883. okt. 7 (Sepsiszentgy\u00f6rgy, 1883); Zajzoni Rab Istv\u00e1n cs\u00e1ng\u00f3 k\u00f6lt\u0151 eml\u00e9k\u00fcnnepe Brass\u00f3. 1888. szept. 14.: Eml\u00e9kbesz\u00e9d (Brass\u00f3, 1888); Visszaeml\u00e9kez\u00e9s Veress S\u00e1ndorra \u00e9s emigr\u00e1czi\u00f3i eml\u00e9kek Veress S\u00e1ndor napl\u00f3j\u00e1b\u00f3l (Brass\u00f3, 1890); \u00c9letem \u00e9s eml\u00e9keim : 1828\u20131890 (Brass\u00f3, 1890; bev. Beke Gy\u00f6rgy; Buk., 1971); Az 1848 m\u00e1rc. 15. \u00fcnnep\u00e9ly h\u00e9t\u00e9ves t\u00f6rt\u00e9nete Brass\u00f3ban ( Brass\u00f3, 1892); A brass\u00f3v\u00e1rmegyei tizenegy m. kisded\u00f3voda, illet\u0151leg ny\u00e1ri mened\u00e9kh\u00e1z t\u00edz \u00e9ves t\u00f6rt\u00e9nete (Brass\u00f3, 1893); Rom\u00e1n orsz\u00e1g f\u00f6ldrajza k\u00e9pekkel (Bp., 1896); Vez\u00e9rk\u00f6nyv a m. nyelv tan\u00edt\u00e1s\u00e1ra rom\u00e1n ajk\u00fa n\u00e9piskol\u00e1kban (Bp., 1903); <strong>t\u00e1rssz.:<\/strong> Abecedar seu \u00e2nt\u00e2ia carte de cetire pentru \u00eenv\u0103\u0163area limbei maghiare \u00een \u015fcolele poporale rom\u00e2ne (Brass\u00f3 1890, 1893, 1894); A doua carte pentru deprinderea limbei maghiare in scolele poporale rom\u00e2ne (Brass\u00f3, 1894); <strong>antol\u00f3g.:<\/strong> Mv. \u00e9s V\u00e1rtemploma (Bp., 1990); <strong>ford.:<\/strong> Cig\u00e1ny n\u00e9pdalok \u00e9s mes\u00e9k gy\u0171jtem\u00e9nye (Brass\u00f3, 1903). <br \/><strong>Irod.:<\/strong> Beke Gy.; B\u00e1nt\u00f3 Istv\u00e1n: Magyar k\u00f6zm\u0171vel\u0151d\u00e9s a rom\u00e1n f\u0151v\u00e1rosban: Tanulm\u00e1nyok, jegyzetek (Kv., 2011); Beke Gy\u00f6rgy: Ko\u00f3s tanfel\u00fcgyel\u0151 hite Brass\u00f3ban \u00e9s Buk.-ben (A H\u00e9t \u00e9vk., 1979); Beke Gy\u00f6rgy: Vil\u00e1gos \u00e1rny\u00e9k\u00e1ban [Reg\u00e9ny] (Bp., 1991); B\u00edr\u00f3 Don\u00e1t; B\u00edr\u00f3 Don\u00e1t: K. F. (N\u00fa., 1991. m\u00e1rc. 6.); Chiorean 2008; Cseke P\u00e9ter: M. di\u00e1kegyes\u00fclet Buk. -ben: A Ko\u00f3s Ferenc K\u00f6r Di\u00e1koszt\u00e1ly\u00e1r\u00f3l (1925\u20131940) (Sz\u00e9kelyf\u00f6ld, 9. sz., 2008. szept.); Czelder M\u00e1rton m\u0171k\u00f6d\u00e9se Rom\u00e1ni\u00e1ban (Kv., 1870); Er\u0151s v\u00e1runk; Guly\u00e1s; Heged\u00fcs Lor\u00e1nt: A sz\u00e9kelyek kiv\u00e1ndorl\u00e1sa Rom\u00e1ni\u00e1ba (Bp., 1902); Ki kicsoda? ; Koncz 1879; M\u00e1ln\u00e1si; M\u00e1th\u00e9 Levente; M\u00c9L; Multunkr\u00f3l; Nagy P\u00e1l: Itthoni k\u00f6nyv. Nagyernye; Nurids\u00e1ny Tibor : 100 \u00e9ve alakult meg a Mv.-i Sport Egylet \u2013 MSE (N\u00fa., 1998. jan. 16); Olosz Katalin: Egy magyarr\u00e9geni jobb\u00e1gyh\u00e1z \u00e9s porta le\u00edr\u00e1sa K. F. eml\u00e9kirat\u00e1ban  =  Olosz Katalin 2003; \u00d6tv\u00f6s; Profiluri mure\u015fene. 2.; Profiluri reghinene; Regh. cult. 2.; Reghin, militari; Reghin \u015fi \u00eemprejurimi; RMIL; S\u00e1ndor; Szinnyei; Szinnyei J.; Todea 2013; Transilvania; \u00daM\u00c9L; Veress; Zov\u00e1nyi<\/br><\/p>\n","protected":false},"excerpt":{"rendered":"<p>Magyarr\u00e9gen, 1828. okt. 18., \u2020 Brass\u00f3, 1905. nov. 21.: ref. lelk\u00e9sz, pedag\u00f3gus, tanfel\u00fcgyel\u0151, eml\u00e9k\u00edr\u00f3. \u2013 Apja, K. L\u0151rinc, aki jobb\u00e1gysz\u00e1rmaz\u00e1s\u00fa Unok\u00e1b\u00f3l. \u2013 Az elemi iskol\u00e1t sz\u00fcl\u0151hely\u00e9n, majd a sz\u00e1szr\u00e9geni rom\u00e1n iskol\u00e1ban v\u00e9gezte, ahol j\u00f3l megtanulta a nyelvet. A mv.-i Ref. Koll. szolgadi\u00e1kja (1840\u201348), T\u00f6r\u00f6k J\u00e1nos tan\u00edtv\u00e1nyak\u00e9nt hat gimn\u00e1ziumi oszt\u00e1lyt v\u00e9gzett \u00e9s k\u00e9t b\u00f6lcseletit; D\u00e9sen volt [&hellip;]<\/p>\n","protected":false},"featured_media":0,"comment_status":"open","ping_status":"closed","template":"","meta":[],"product_brand":[],"product_cat":[137],"product_tag":[],"class_list":{"0":"post-12541","1":"product","2":"type-product","3":"status-publish","5":"product_cat-maros-megyei-eletrajzi-lexikon","7":"first","8":"instock","9":"shipping-taxable","10":"product-type-simple"},"_links":{"self":[{"href":"https:\/\/uj.adatbank.ro\/lexikon\/wp-json\/wp\/v2\/product\/12541","targetHints":{"allow":["GET"]}}],"collection":[{"href":"https:\/\/uj.adatbank.ro\/lexikon\/wp-json\/wp\/v2\/product"}],"about":[{"href":"https:\/\/uj.adatbank.ro\/lexikon\/wp-json\/wp\/v2\/types\/product"}],"replies":[{"embeddable":true,"href":"https:\/\/uj.adatbank.ro\/lexikon\/wp-json\/wp\/v2\/comments?post=12541"}],"wp:attachment":[{"href":"https:\/\/uj.adatbank.ro\/lexikon\/wp-json\/wp\/v2\/media?parent=12541"}],"wp:term":[{"taxonomy":"product_brand","embeddable":true,"href":"https:\/\/uj.adatbank.ro\/lexikon\/wp-json\/wp\/v2\/product_brand?post=12541"},{"taxonomy":"product_cat","embeddable":true,"href":"https:\/\/uj.adatbank.ro\/lexikon\/wp-json\/wp\/v2\/product_cat?post=12541"},{"taxonomy":"product_tag","embeddable":true,"href":"https:\/\/uj.adatbank.ro\/lexikon\/wp-json\/wp\/v2\/product_tag?post=12541"}],"curies":[{"name":"wp","href":"https:\/\/api.w.org\/{rel}","templated":true}]}}