{"id":12542,"date":"2025-06-29T14:30:43","date_gmt":"2025-06-29T12:30:43","guid":{"rendered":"https:\/\/uj.adatbank.ro\/lexikon\/termek\/koos-geza\/"},"modified":"2025-06-29T14:30:43","modified_gmt":"2025-06-29T12:30:43","slug":"koos-geza","status":"publish","type":"product","link":"https:\/\/uj.adatbank.ro\/lexikon\/termek\/koos-geza\/","title":{"rendered":"KO\u00d3S G\u00e9za"},"content":{"rendered":"<p>1873.? \u2020 Mv., 1917. dec. 16.: m\u0171lakatos. \u2013 K. J\u00e1nos \u00e9s Nagy \u00c1gnes fia. Testv\u00e9rei: L. Lotti Walcz Gyul\u00e1n\u00e9; K. J\u00e1nos, feles\u00e9ge: Jeddi Anna; K. Viktor, feles\u00e9ge P\u00e1ntya Mariska; K. Kata. Feles\u00e9ge: Ritz Anna. Gyermekeik: Ferenc, G\u00e9za. \u2013 M\u0171lakatos mester Mv.-en. A M Mv.-i Ker\u00e9kp\u00e1roz\u00f3k Egyes\u00fclet\u00e9nek egyik alap\u00edt\u00f3ja (1898), akt\u00edv sportol\u00f3, ker\u00e9kp\u00e1ros, bajnokok verseny\u00e9nek gy\u0151ztese (1902). <br \/><strong>Irod.:<\/strong> Gy\u00e1szjelent\u0151; Illy\u00e9s; Kl\u00f3sz \u2013 Tolok\u00e1n<\/br><\/p>\n","protected":false},"excerpt":{"rendered":"<p>1873.? \u2020 Mv., 1917. dec. 16.: m\u0171lakatos. \u2013 K. J\u00e1nos \u00e9s Nagy \u00c1gnes fia. Testv\u00e9rei: L. Lotti Walcz Gyul\u00e1n\u00e9; K. J\u00e1nos, feles\u00e9ge: Jeddi Anna; K. Viktor, feles\u00e9ge P\u00e1ntya Mariska; K. Kata. Feles\u00e9ge: Ritz Anna. Gyermekeik: Ferenc, G\u00e9za. \u2013 M\u0171lakatos mester Mv.-en. A M Mv.-i Ker\u00e9kp\u00e1roz\u00f3k Egyes\u00fclet\u00e9nek egyik alap\u00edt\u00f3ja (1898), akt\u00edv sportol\u00f3, ker\u00e9kp\u00e1ros, bajnokok verseny\u00e9nek gy\u0151ztese [&hellip;]<\/p>\n","protected":false},"featured_media":0,"comment_status":"open","ping_status":"closed","template":"","meta":[],"product_brand":[],"product_cat":[137],"product_tag":[],"class_list":{"0":"post-12542","1":"product","2":"type-product","3":"status-publish","5":"product_cat-maros-megyei-eletrajzi-lexikon","7":"first","8":"instock","9":"shipping-taxable","10":"product-type-simple"},"_links":{"self":[{"href":"https:\/\/uj.adatbank.ro\/lexikon\/wp-json\/wp\/v2\/product\/12542","targetHints":{"allow":["GET"]}}],"collection":[{"href":"https:\/\/uj.adatbank.ro\/lexikon\/wp-json\/wp\/v2\/product"}],"about":[{"href":"https:\/\/uj.adatbank.ro\/lexikon\/wp-json\/wp\/v2\/types\/product"}],"replies":[{"embeddable":true,"href":"https:\/\/uj.adatbank.ro\/lexikon\/wp-json\/wp\/v2\/comments?post=12542"}],"wp:attachment":[{"href":"https:\/\/uj.adatbank.ro\/lexikon\/wp-json\/wp\/v2\/media?parent=12542"}],"wp:term":[{"taxonomy":"product_brand","embeddable":true,"href":"https:\/\/uj.adatbank.ro\/lexikon\/wp-json\/wp\/v2\/product_brand?post=12542"},{"taxonomy":"product_cat","embeddable":true,"href":"https:\/\/uj.adatbank.ro\/lexikon\/wp-json\/wp\/v2\/product_cat?post=12542"},{"taxonomy":"product_tag","embeddable":true,"href":"https:\/\/uj.adatbank.ro\/lexikon\/wp-json\/wp\/v2\/product_tag?post=12542"}],"curies":[{"name":"wp","href":"https:\/\/api.w.org\/{rel}","templated":true}]}}