{"id":12543,"date":"2025-06-29T14:30:45","date_gmt":"2025-06-29T12:30:45","guid":{"rendered":"https:\/\/uj.adatbank.ro\/lexikon\/termek\/koos-gyorgy\/"},"modified":"2025-06-29T14:30:45","modified_gmt":"2025-06-29T12:30:45","slug":"koos-gyorgy","status":"publish","type":"product","link":"https:\/\/uj.adatbank.ro\/lexikon\/termek\/koos-gyorgy\/","title":{"rendered":"KO\u00d3S Gy\u00f6rgy"},"content":{"rendered":"<p>1885., \u2020 ?: gazd\u00e1lkod\u00f3, vend\u00e9gl\u0151s. \u2013 Iskol\u00e1i elv\u00e9gz\u00e9se ut\u00e1n gazd\u00e1lkod\u00e1st tanult, majd vend\u00e9gl\u0151s volt Radn\u00f3tf\u00e1j\u00e1n. Az els\u0151 vh.-ban a 22. h. gy. ezredben az orosz fronton harcolt, megsebes\u0151lt, leszerelt az arany, ez\u00fcst \u00e9s bronz vit. \u00e9r. -kit\u00fcntet\u00e9sekkel (1917). <br \/><strong>Irod.:<\/strong> Sz\u00e9kelyf\u00f6ld \u00ed. k.<\/br><\/p>\n","protected":false},"excerpt":{"rendered":"<p>1885., \u2020 ?: gazd\u00e1lkod\u00f3, vend\u00e9gl\u0151s. \u2013 Iskol\u00e1i elv\u00e9gz\u00e9se ut\u00e1n gazd\u00e1lkod\u00e1st tanult, majd vend\u00e9gl\u0151s volt Radn\u00f3tf\u00e1j\u00e1n. Az els\u0151 vh.-ban a 22. h. gy. ezredben az orosz fronton harcolt, megsebes\u0151lt, leszerelt az arany, ez\u00fcst \u00e9s bronz vit. \u00e9r. -kit\u00fcntet\u00e9sekkel (1917). Irod.: Sz\u00e9kelyf\u00f6ld \u00ed. k.<\/p>\n","protected":false},"featured_media":0,"comment_status":"open","ping_status":"closed","template":"","meta":[],"product_brand":[],"product_cat":[137],"product_tag":[],"class_list":{"0":"post-12543","1":"product","2":"type-product","3":"status-publish","5":"product_cat-maros-megyei-eletrajzi-lexikon","7":"first","8":"instock","9":"shipping-taxable","10":"product-type-simple"},"_links":{"self":[{"href":"https:\/\/uj.adatbank.ro\/lexikon\/wp-json\/wp\/v2\/product\/12543","targetHints":{"allow":["GET"]}}],"collection":[{"href":"https:\/\/uj.adatbank.ro\/lexikon\/wp-json\/wp\/v2\/product"}],"about":[{"href":"https:\/\/uj.adatbank.ro\/lexikon\/wp-json\/wp\/v2\/types\/product"}],"replies":[{"embeddable":true,"href":"https:\/\/uj.adatbank.ro\/lexikon\/wp-json\/wp\/v2\/comments?post=12543"}],"wp:attachment":[{"href":"https:\/\/uj.adatbank.ro\/lexikon\/wp-json\/wp\/v2\/media?parent=12543"}],"wp:term":[{"taxonomy":"product_brand","embeddable":true,"href":"https:\/\/uj.adatbank.ro\/lexikon\/wp-json\/wp\/v2\/product_brand?post=12543"},{"taxonomy":"product_cat","embeddable":true,"href":"https:\/\/uj.adatbank.ro\/lexikon\/wp-json\/wp\/v2\/product_cat?post=12543"},{"taxonomy":"product_tag","embeddable":true,"href":"https:\/\/uj.adatbank.ro\/lexikon\/wp-json\/wp\/v2\/product_tag?post=12543"}],"curies":[{"name":"wp","href":"https:\/\/api.w.org\/{rel}","templated":true}]}}