{"id":12550,"date":"2025-06-29T14:30:57","date_gmt":"2025-06-29T12:30:57","guid":{"rendered":"https:\/\/uj.adatbank.ro\/lexikon\/termek\/kopacz-lukacs-%c2%a7\/"},"modified":"2025-06-29T14:30:57","modified_gmt":"2025-06-29T12:30:57","slug":"kopacz-lukacs-%c2%a7","status":"publish","type":"product","link":"https:\/\/uj.adatbank.ro\/lexikon\/termek\/kopacz-lukacs-%c2%a7\/","title":{"rendered":"KOPACZ Luk\u00e1cs, \u00a7"},"content":{"rendered":"<p>Ditr\u00f3, 1876, \u2020 Mv., 1955: jog\u00e1sz; keresked\u0151, bankigazgat\u00f3, v\u00e1llakoz\u00f3, sportol\u00f3, edz\u0151. \u2013 Bankigazgat\u00f3 Mv.-en. H\u00e1zat v\u00e1s\u00e1rolt a Kossuth u. 89. sz. Gyergy\u00f3ditr\u00f3b\u00f3l k\u00f6lt\u00f6z\u00f6tt Mv. -re. Bp.-en katon\u00e1skodott (1897). Megn\u0151s\u00fclt (1904). Fia: Istv\u00e1n (1904\u20131980). &#8211; T\u00e9glagy\u00e1r tulajdonos (1912\u2013). R\u00e9szt vett az I. vh.-ban (1914\u201318), az orosz fronton harcolt, fogs\u00e1gba esett, sz\u00f6kve j\u00f6tt haza (1918. apr. 1. \u2013), mint f\u0151hadnagy szerelt le kit\u00fcntet\u00e9sekkel. A MSE v\u00e1lasztm\u00e1nyi tagja (1919\u2013), az evez\u0151s szakoszt\u00e1ly alap\u00edt\u00f3 tagja (1932), aleln\u00f6ke (1936\u2013). Legnagyobb gondja az ut\u00e1np\u00f3tl\u00e1s k\u00e9rd\u00e9se, ezt a k\u00f6z\u00e9piskol\u00e1sok bekapcsol\u00e1s\u00e1val pr\u00f3b\u00e1lt megoldani. Kajak-kenu edz\u0151 Mv.-en. Az MSE. keret\u00e9ben l\u00e9trehozta a vid\u00e9k els\u0151 evez\u0151s szakoszt\u00e1lyt megteremtette ennek a sport\u00e1gnak az anyagi felt\u00e9teleit: a Maros partj\u00e1n hang\u00e1rt \u00e9p\u00edttetett (1941). Legnagyobb gondja az ut\u00e1np\u00f3tl\u00e1s k\u00e9rd\u00e9se, ezt a k\u00f6z\u00e9piskol\u00e1sok bekapcsol\u00e1s\u00e1val pr\u00f3b\u00e1lt megoldani. A tanul\u00f3kkal helyi \u00e9s orsz\u00e1gos bajnoks\u00e1gokon vettek r\u00e9szt. <br \/><strong>Irod.:<\/strong> Erd\u00e9lyi ezredek; Id\u0151t\u00e1r 2; Mv.-i \u00f6rm\u00e9nyek; Pluh\u00e1r; Ra\u0163iu: Sportul mure\u015fan; Sz\u00e1va 2012<\/br><\/p>\n","protected":false},"excerpt":{"rendered":"<p>Ditr\u00f3, 1876, \u2020 Mv., 1955: jog\u00e1sz; keresked\u0151, bankigazgat\u00f3, v\u00e1llakoz\u00f3, sportol\u00f3, edz\u0151. \u2013 Bankigazgat\u00f3 Mv.-en. H\u00e1zat v\u00e1s\u00e1rolt a Kossuth u. 89. sz. Gyergy\u00f3ditr\u00f3b\u00f3l k\u00f6lt\u00f6z\u00f6tt Mv. -re. Bp.-en katon\u00e1skodott (1897). Megn\u0151s\u00fclt (1904). Fia: Istv\u00e1n (1904\u20131980). &#8211; T\u00e9glagy\u00e1r tulajdonos (1912\u2013). R\u00e9szt vett az I. vh.-ban (1914\u201318), az orosz fronton harcolt, fogs\u00e1gba esett, sz\u00f6kve j\u00f6tt haza (1918. apr. 1. [&hellip;]<\/p>\n","protected":false},"featured_media":0,"comment_status":"open","ping_status":"closed","template":"","meta":[],"product_brand":[],"product_cat":[137],"product_tag":[],"class_list":{"0":"post-12550","1":"product","2":"type-product","3":"status-publish","5":"product_cat-maros-megyei-eletrajzi-lexikon","7":"first","8":"instock","9":"shipping-taxable","10":"product-type-simple"},"_links":{"self":[{"href":"https:\/\/uj.adatbank.ro\/lexikon\/wp-json\/wp\/v2\/product\/12550","targetHints":{"allow":["GET"]}}],"collection":[{"href":"https:\/\/uj.adatbank.ro\/lexikon\/wp-json\/wp\/v2\/product"}],"about":[{"href":"https:\/\/uj.adatbank.ro\/lexikon\/wp-json\/wp\/v2\/types\/product"}],"replies":[{"embeddable":true,"href":"https:\/\/uj.adatbank.ro\/lexikon\/wp-json\/wp\/v2\/comments?post=12550"}],"wp:attachment":[{"href":"https:\/\/uj.adatbank.ro\/lexikon\/wp-json\/wp\/v2\/media?parent=12550"}],"wp:term":[{"taxonomy":"product_brand","embeddable":true,"href":"https:\/\/uj.adatbank.ro\/lexikon\/wp-json\/wp\/v2\/product_brand?post=12550"},{"taxonomy":"product_cat","embeddable":true,"href":"https:\/\/uj.adatbank.ro\/lexikon\/wp-json\/wp\/v2\/product_cat?post=12550"},{"taxonomy":"product_tag","embeddable":true,"href":"https:\/\/uj.adatbank.ro\/lexikon\/wp-json\/wp\/v2\/product_tag?post=12550"}],"curies":[{"name":"wp","href":"https:\/\/api.w.org\/{rel}","templated":true}]}}