{"id":12554,"date":"2025-06-29T14:31:06","date_gmt":"2025-06-29T12:31:06","guid":{"rendered":"https:\/\/uj.adatbank.ro\/lexikon\/termek\/kopandi-sandor\/"},"modified":"2025-06-29T14:31:06","modified_gmt":"2025-06-29T12:31:06","slug":"kopandi-sandor","status":"publish","type":"product","link":"https:\/\/uj.adatbank.ro\/lexikon\/termek\/kopandi-sandor\/","title":{"rendered":"KOP\u00c1NDI S\u00e1ndor"},"content":{"rendered":"<p>Nagyf\u00fclp\u00f6s, Magyarf\u00fclp\u00f6s, ? \u2020 Mv., 1970. j\u00fan. 19.: f\u00fcr\u00e9szipari munk\u00e1s, munk\u00e1smozgalmi harcos. \u2013 Mint f\u00fcr\u00e9szipari munk\u00e1s, harcolt az elnyom\u00f3k ellen, r\u00e9szt vett a Maros-v\u00f6lgyi munk\u00e1sok harcaiban, a faipari munk\u00e1sok egys\u00e9ges szakszervezet\u00e9nek vezet\u0151s\u00e9gi tagja. Munk\u00e1smozgalmi tev\u00e9kenys\u00e9g\u00e9\u00e9rt t\u00f6bbsz\u00f6r letart\u00f3ztatt\u00e1k \u00e9s megk\u00ednozt\u00e1k. A RKP tagja (1921\u2013), a V\u00f6r\u00f6s Hadsereg katon\u00e1ja volt, a Nagy Okt\u00f3beri Szocialista Forradalom akt\u00edv szervez\u0151je. A felszabadul\u00e1s ut\u00e1n a RKP k\u00fcl\u00f6nb\u00f6z\u0151 fontos feladatokkal bizta meg. Munk\u00e1ja elismer\u00e9sek\u00e9nt a RSzK \u00c1llamtan\u00e1csa t\u00f6bb kit\u00fcntet\u00e9sben r\u00e9szes\u00edtette. <br \/><strong>Irod.:<\/strong> [Nekrol\u00f3g] (V. Z., 1970. j\u00fan. 21.)<\/br><\/p>\n","protected":false},"excerpt":{"rendered":"<p>Nagyf\u00fclp\u00f6s, Magyarf\u00fclp\u00f6s, ? \u2020 Mv., 1970. j\u00fan. 19.: f\u00fcr\u00e9szipari munk\u00e1s, munk\u00e1smozgalmi harcos. \u2013 Mint f\u00fcr\u00e9szipari munk\u00e1s, harcolt az elnyom\u00f3k ellen, r\u00e9szt vett a Maros-v\u00f6lgyi munk\u00e1sok harcaiban, a faipari munk\u00e1sok egys\u00e9ges szakszervezet\u00e9nek vezet\u0151s\u00e9gi tagja. Munk\u00e1smozgalmi tev\u00e9kenys\u00e9g\u00e9\u00e9rt t\u00f6bbsz\u00f6r letart\u00f3ztatt\u00e1k \u00e9s megk\u00ednozt\u00e1k. A RKP tagja (1921\u2013), a V\u00f6r\u00f6s Hadsereg katon\u00e1ja volt, a Nagy Okt\u00f3beri Szocialista Forradalom akt\u00edv szervez\u0151je. [&hellip;]<\/p>\n","protected":false},"featured_media":0,"comment_status":"open","ping_status":"closed","template":"","meta":[],"product_brand":[],"product_cat":[137],"product_tag":[],"class_list":{"0":"post-12554","1":"product","2":"type-product","3":"status-publish","5":"product_cat-maros-megyei-eletrajzi-lexikon","7":"first","8":"instock","9":"shipping-taxable","10":"product-type-simple"},"_links":{"self":[{"href":"https:\/\/uj.adatbank.ro\/lexikon\/wp-json\/wp\/v2\/product\/12554","targetHints":{"allow":["GET"]}}],"collection":[{"href":"https:\/\/uj.adatbank.ro\/lexikon\/wp-json\/wp\/v2\/product"}],"about":[{"href":"https:\/\/uj.adatbank.ro\/lexikon\/wp-json\/wp\/v2\/types\/product"}],"replies":[{"embeddable":true,"href":"https:\/\/uj.adatbank.ro\/lexikon\/wp-json\/wp\/v2\/comments?post=12554"}],"wp:attachment":[{"href":"https:\/\/uj.adatbank.ro\/lexikon\/wp-json\/wp\/v2\/media?parent=12554"}],"wp:term":[{"taxonomy":"product_brand","embeddable":true,"href":"https:\/\/uj.adatbank.ro\/lexikon\/wp-json\/wp\/v2\/product_brand?post=12554"},{"taxonomy":"product_cat","embeddable":true,"href":"https:\/\/uj.adatbank.ro\/lexikon\/wp-json\/wp\/v2\/product_cat?post=12554"},{"taxonomy":"product_tag","embeddable":true,"href":"https:\/\/uj.adatbank.ro\/lexikon\/wp-json\/wp\/v2\/product_tag?post=12554"}],"curies":[{"name":"wp","href":"https:\/\/api.w.org\/{rel}","templated":true}]}}