{"id":12555,"date":"2025-06-29T14:31:08","date_gmt":"2025-06-29T12:31:08","guid":{"rendered":"https:\/\/uj.adatbank.ro\/lexikon\/termek\/kopataki-ferenc\/"},"modified":"2025-06-29T14:31:08","modified_gmt":"2025-06-29T12:31:08","slug":"kopataki-ferenc","status":"publish","type":"product","link":"https:\/\/uj.adatbank.ro\/lexikon\/termek\/kopataki-ferenc\/","title":{"rendered":"K\u0150PATAKI Ferenc"},"content":{"rendered":"<p>? \u2020 ? karmester, ellen\u0151r. \u2013 Ellen\u0151r volt a mv.-i k\u00f3rh\u00e1z \u00e9p\u00edt\u00e9sekor (1881). Az iparos dalk\u00f6r eln\u00f6k-karmestere volt (1900-as \u00e9vek elej\u00e9n) \u2013 Irod: Kn\u00f6pfler Vilmos: A mv.-i orsz\u00e1gos k\u00f3rh\u00e1z alap\u00edt\u00e1s\u00e1nak \u00e9s fejl\u0151d\u00e9s\u00e9nek r\u00f6vid v\u00e1zlata (Mv, 1882); Mv. m\u0171v. v\u00e1r<\/br><\/p>\n","protected":false},"excerpt":{"rendered":"<p>? \u2020 ? karmester, ellen\u0151r. \u2013 Ellen\u0151r volt a mv.-i k\u00f3rh\u00e1z \u00e9p\u00edt\u00e9sekor (1881). Az iparos dalk\u00f6r eln\u00f6k-karmestere volt (1900-as \u00e9vek elej\u00e9n) \u2013 Irod: Kn\u00f6pfler Vilmos: A mv.-i orsz\u00e1gos k\u00f3rh\u00e1z alap\u00edt\u00e1s\u00e1nak \u00e9s fejl\u0151d\u00e9s\u00e9nek r\u00f6vid v\u00e1zlata (Mv, 1882); Mv. m\u0171v. v\u00e1r<\/p>\n","protected":false},"featured_media":0,"comment_status":"open","ping_status":"closed","template":"","meta":[],"product_brand":[],"product_cat":[137],"product_tag":[],"class_list":{"0":"post-12555","1":"product","2":"type-product","3":"status-publish","5":"product_cat-maros-megyei-eletrajzi-lexikon","7":"first","8":"instock","9":"shipping-taxable","10":"product-type-simple"},"_links":{"self":[{"href":"https:\/\/uj.adatbank.ro\/lexikon\/wp-json\/wp\/v2\/product\/12555","targetHints":{"allow":["GET"]}}],"collection":[{"href":"https:\/\/uj.adatbank.ro\/lexikon\/wp-json\/wp\/v2\/product"}],"about":[{"href":"https:\/\/uj.adatbank.ro\/lexikon\/wp-json\/wp\/v2\/types\/product"}],"replies":[{"embeddable":true,"href":"https:\/\/uj.adatbank.ro\/lexikon\/wp-json\/wp\/v2\/comments?post=12555"}],"wp:attachment":[{"href":"https:\/\/uj.adatbank.ro\/lexikon\/wp-json\/wp\/v2\/media?parent=12555"}],"wp:term":[{"taxonomy":"product_brand","embeddable":true,"href":"https:\/\/uj.adatbank.ro\/lexikon\/wp-json\/wp\/v2\/product_brand?post=12555"},{"taxonomy":"product_cat","embeddable":true,"href":"https:\/\/uj.adatbank.ro\/lexikon\/wp-json\/wp\/v2\/product_cat?post=12555"},{"taxonomy":"product_tag","embeddable":true,"href":"https:\/\/uj.adatbank.ro\/lexikon\/wp-json\/wp\/v2\/product_tag?post=12555"}],"curies":[{"name":"wp","href":"https:\/\/api.w.org\/{rel}","templated":true}]}}