{"id":12560,"date":"2025-06-29T14:31:17","date_gmt":"2025-06-29T12:31:17","guid":{"rendered":"https:\/\/uj.adatbank.ro\/lexikon\/termek\/kopeczi-kozepso-peter\/"},"modified":"2025-06-29T14:31:17","modified_gmt":"2025-06-29T12:31:17","slug":"kopeczi-kozepso-peter","status":"publish","type":"product","link":"https:\/\/uj.adatbank.ro\/lexikon\/termek\/kopeczi-kozepso-peter\/","title":{"rendered":"K\u00d6PECZI \/K\u00d6Z\u00c9PS\u0150 P\u00e9ter"},"content":{"rendered":"<p>\u2192 NAGY SZABO P\u00e9ter<\/br><\/p>\n","protected":false},"excerpt":{"rendered":"<p>\u2192 NAGY SZABO P\u00e9ter<\/p>\n","protected":false},"featured_media":0,"comment_status":"open","ping_status":"closed","template":"","meta":[],"product_brand":[],"product_cat":[137],"product_tag":[],"class_list":{"0":"post-12560","1":"product","2":"type-product","3":"status-publish","5":"product_cat-maros-megyei-eletrajzi-lexikon","7":"first","8":"instock","9":"shipping-taxable","10":"product-type-simple"},"_links":{"self":[{"href":"https:\/\/uj.adatbank.ro\/lexikon\/wp-json\/wp\/v2\/product\/12560","targetHints":{"allow":["GET"]}}],"collection":[{"href":"https:\/\/uj.adatbank.ro\/lexikon\/wp-json\/wp\/v2\/product"}],"about":[{"href":"https:\/\/uj.adatbank.ro\/lexikon\/wp-json\/wp\/v2\/types\/product"}],"replies":[{"embeddable":true,"href":"https:\/\/uj.adatbank.ro\/lexikon\/wp-json\/wp\/v2\/comments?post=12560"}],"wp:attachment":[{"href":"https:\/\/uj.adatbank.ro\/lexikon\/wp-json\/wp\/v2\/media?parent=12560"}],"wp:term":[{"taxonomy":"product_brand","embeddable":true,"href":"https:\/\/uj.adatbank.ro\/lexikon\/wp-json\/wp\/v2\/product_brand?post=12560"},{"taxonomy":"product_cat","embeddable":true,"href":"https:\/\/uj.adatbank.ro\/lexikon\/wp-json\/wp\/v2\/product_cat?post=12560"},{"taxonomy":"product_tag","embeddable":true,"href":"https:\/\/uj.adatbank.ro\/lexikon\/wp-json\/wp\/v2\/product_tag?post=12560"}],"curies":[{"name":"wp","href":"https:\/\/api.w.org\/{rel}","templated":true}]}}