{"id":12561,"date":"2025-06-29T14:31:19","date_gmt":"2025-06-29T12:31:19","guid":{"rendered":"https:\/\/uj.adatbank.ro\/lexikon\/termek\/kopeczi-anna-vasarhelyi-literatus-istvanne\/"},"modified":"2025-06-29T14:31:19","modified_gmt":"2025-06-29T12:31:19","slug":"kopeczi-anna-vasarhelyi-literatus-istvanne","status":"publish","type":"product","link":"https:\/\/uj.adatbank.ro\/lexikon\/termek\/kopeczi-anna-vasarhelyi-literatus-istvanne\/","title":{"rendered":"K\u00d6PECZI Anna, V\u00e1s\u00e1rhelyi Literatus Istv\u00e1nn\u00e9"},"content":{"rendered":"<p>? \u2020 ? : jegyz\u0151 \u00f6zvegye. \u2013 Egerszeg birtoka \u00e9s az ott \u00e1ll\u00f3 nemesi udvarh\u00e1z az akkor Marossz\u00e9k egykori jegyz\u0151j\u00e9nek \u00f6zvegye tulajdon\u00e1ba ker\u00fclt (1597) joger\u0151re emelkedett (1602). <br \/><strong>Irod.:<\/strong> Id\u0151t\u00e1r 1<\/br><\/p>\n","protected":false},"excerpt":{"rendered":"<p>? \u2020 ? : jegyz\u0151 \u00f6zvegye. \u2013 Egerszeg birtoka \u00e9s az ott \u00e1ll\u00f3 nemesi udvarh\u00e1z az akkor Marossz\u00e9k egykori jegyz\u0151j\u00e9nek \u00f6zvegye tulajdon\u00e1ba ker\u00fclt (1597) joger\u0151re emelkedett (1602). Irod.: Id\u0151t\u00e1r 1<\/p>\n","protected":false},"featured_media":0,"comment_status":"open","ping_status":"closed","template":"","meta":[],"product_brand":[],"product_cat":[137],"product_tag":[],"class_list":{"0":"post-12561","1":"product","2":"type-product","3":"status-publish","5":"product_cat-maros-megyei-eletrajzi-lexikon","7":"first","8":"instock","9":"shipping-taxable","10":"product-type-simple"},"_links":{"self":[{"href":"https:\/\/uj.adatbank.ro\/lexikon\/wp-json\/wp\/v2\/product\/12561","targetHints":{"allow":["GET"]}}],"collection":[{"href":"https:\/\/uj.adatbank.ro\/lexikon\/wp-json\/wp\/v2\/product"}],"about":[{"href":"https:\/\/uj.adatbank.ro\/lexikon\/wp-json\/wp\/v2\/types\/product"}],"replies":[{"embeddable":true,"href":"https:\/\/uj.adatbank.ro\/lexikon\/wp-json\/wp\/v2\/comments?post=12561"}],"wp:attachment":[{"href":"https:\/\/uj.adatbank.ro\/lexikon\/wp-json\/wp\/v2\/media?parent=12561"}],"wp:term":[{"taxonomy":"product_brand","embeddable":true,"href":"https:\/\/uj.adatbank.ro\/lexikon\/wp-json\/wp\/v2\/product_brand?post=12561"},{"taxonomy":"product_cat","embeddable":true,"href":"https:\/\/uj.adatbank.ro\/lexikon\/wp-json\/wp\/v2\/product_cat?post=12561"},{"taxonomy":"product_tag","embeddable":true,"href":"https:\/\/uj.adatbank.ro\/lexikon\/wp-json\/wp\/v2\/product_tag?post=12561"}],"curies":[{"name":"wp","href":"https:\/\/api.w.org\/{rel}","templated":true}]}}