{"id":12562,"date":"2025-06-29T14:31:21","date_gmt":"2025-06-29T12:31:21","guid":{"rendered":"https:\/\/uj.adatbank.ro\/lexikon\/termek\/kopeczi-bodoki-samuel\/"},"modified":"2025-06-29T14:31:21","modified_gmt":"2025-06-29T12:31:21","slug":"kopeczi-bodoki-samuel","status":"publish","type":"product","link":"https:\/\/uj.adatbank.ro\/lexikon\/termek\/kopeczi-bodoki-samuel\/","title":{"rendered":"K\u00d6PECZI BODOKI S\u00c1MUEL"},"content":{"rendered":"<p>Bibarcfalva, 1743., \u2020 ? : ref. lelkip\u00e1sztor. \u2013 K\u00f6z\u00e9piskol\u00e1t Fogarason, teol\u00f3gi\u00e1t Nagyenyeden v\u00e9gzett. Bethlen Gergely t\u00e1mogat\u00e1s\u00e1val Hollandi\u00e1ban k\u00e9t \u00e9v tanulm\u00e1nyutat tett. A Wolf-f\u00e9le filoz\u00f3fiai ir\u00e1nyzat k\u00f6vet\u0151je volt. T\u00f6bb m\u0171ve maradt fenn, de nyomtat\u00e1sban csak a teol\u00f3giai disszert\u00e1ci\u00f3ja jelent meg Dissertatio philologico telogica c\u00edmmel. \u0150 ford\u00edtotta le Vossius: De cognitione Dei c. munk\u00e1j\u00e1t. K\u00e9ziratban t\u00f6bb m\u0171ve maradt fenn, k\u00f6zt\u00fck a Kis Kr\u00f3nika c. \u00f6n\u00e9let\u00edr\u00e1sa is. A v\u00e9csi zsinaton szentelt\u00e9k papp\u00e1 (1773). Moh\u00e1n (Szeben) szolg\u00e1lt k\u00e9t \u00e9vet, azut\u00e1n Bonyh\u00e1ra h\u00edvt\u00e1k meg (1775). \u0150 kezdte meg az egyh\u00e1zi anyak\u00f6nyvek vezet\u00e9s\u00e9t (1776), \u00fajj\u00e1\u00e9p\u00edttette a t\u00f6nkrement templomot (1777). J\u00f3 h\u00edr\u00e9\u00e9rt sokfel\u00e9 h\u00edvt\u00e1k papnak, amelyek k\u00f6z\u00fcl Als\u00f3r\u00e1kost fogadta el (1778). &#8211;<br \/><strong>Irod.:<\/strong> P\u00e9terfy L\u00e1szl\u00f3: Bonyha \u00e9s egyh\u00e1za (2000)<\/br><\/p>\n","protected":false},"excerpt":{"rendered":"<p>Bibarcfalva, 1743., \u2020 ? : ref. lelkip\u00e1sztor. \u2013 K\u00f6z\u00e9piskol\u00e1t Fogarason, teol\u00f3gi\u00e1t Nagyenyeden v\u00e9gzett. Bethlen Gergely t\u00e1mogat\u00e1s\u00e1val Hollandi\u00e1ban k\u00e9t \u00e9v tanulm\u00e1nyutat tett. A Wolf-f\u00e9le filoz\u00f3fiai ir\u00e1nyzat k\u00f6vet\u0151je volt. T\u00f6bb m\u0171ve maradt fenn, de nyomtat\u00e1sban csak a teol\u00f3giai disszert\u00e1ci\u00f3ja jelent meg Dissertatio philologico telogica c\u00edmmel. \u0150 ford\u00edtotta le Vossius: De cognitione Dei c. munk\u00e1j\u00e1t. K\u00e9ziratban t\u00f6bb m\u0171ve [&hellip;]<\/p>\n","protected":false},"featured_media":0,"comment_status":"open","ping_status":"closed","template":"","meta":[],"product_brand":[],"product_cat":[137],"product_tag":[],"class_list":{"0":"post-12562","1":"product","2":"type-product","3":"status-publish","5":"product_cat-maros-megyei-eletrajzi-lexikon","7":"first","8":"instock","9":"shipping-taxable","10":"product-type-simple"},"_links":{"self":[{"href":"https:\/\/uj.adatbank.ro\/lexikon\/wp-json\/wp\/v2\/product\/12562","targetHints":{"allow":["GET"]}}],"collection":[{"href":"https:\/\/uj.adatbank.ro\/lexikon\/wp-json\/wp\/v2\/product"}],"about":[{"href":"https:\/\/uj.adatbank.ro\/lexikon\/wp-json\/wp\/v2\/types\/product"}],"replies":[{"embeddable":true,"href":"https:\/\/uj.adatbank.ro\/lexikon\/wp-json\/wp\/v2\/comments?post=12562"}],"wp:attachment":[{"href":"https:\/\/uj.adatbank.ro\/lexikon\/wp-json\/wp\/v2\/media?parent=12562"}],"wp:term":[{"taxonomy":"product_brand","embeddable":true,"href":"https:\/\/uj.adatbank.ro\/lexikon\/wp-json\/wp\/v2\/product_brand?post=12562"},{"taxonomy":"product_cat","embeddable":true,"href":"https:\/\/uj.adatbank.ro\/lexikon\/wp-json\/wp\/v2\/product_cat?post=12562"},{"taxonomy":"product_tag","embeddable":true,"href":"https:\/\/uj.adatbank.ro\/lexikon\/wp-json\/wp\/v2\/product_tag?post=12562"}],"curies":[{"name":"wp","href":"https:\/\/api.w.org\/{rel}","templated":true}]}}