{"id":12565,"date":"2025-06-29T14:31:28","date_gmt":"2025-06-29T12:31:28","guid":{"rendered":"https:\/\/uj.adatbank.ro\/lexikon\/termek\/kopeczi-janos\/"},"modified":"2025-06-29T14:31:28","modified_gmt":"2025-06-29T12:31:28","slug":"kopeczi-janos","status":"publish","type":"product","link":"https:\/\/uj.adatbank.ro\/lexikon\/termek\/kopeczi-janos\/","title":{"rendered":"K\u00d6PECZI J\u00e1nos"},"content":{"rendered":"<p>? \u2020 Jedd, 1625. \u00e1pr. 9., : polg\u00e1r, fisk\u00e1lis director. \u2013 B\u00e1thori Zsigmond szolg\u00e1latai jutalm\u00e1ul t\u00f6bb \u00f6r\u00f6kbirtokot adom\u00e1nyozott K\u00fck\u00fcll\u0151, Torda v\u00e1rmegy\u00e9ben \u00e9s Marossz\u00e9ken t\u00f6bbek k\u00f6z\u00f6tt S\u00e1rv\u00e1riban, Jedden, Kisfaludon \u00e9s a sz\u00e9kely \u00f6r\u00f6ks\u00e9g\u00e9ben is meger\u0151s\u00edti \u0151t \u00e9s ut\u00f3dait (1590). A csal\u00e1d sz\u00e1mtalan kiv\u00e1lts\u00e1got kapott, \u0151v\u00e9k a legr\u00e9gibb emeletes polg\u00e1ri h\u00e1z Mv.-en (1554), mentes\u00fclt a v\u00e1rosi ad\u00f3k al\u00f3l. A B\u00e1sta veszedelmek idej\u00e9n eladta h\u00e1z\u00e1t Nagy Szab\u00f3 J\u00e1nosnak, aki k\u00e9s\u0151bb t\u00f6bb\u00edzben a v\u00e1ros f\u0151b\u00edr\u00e1ja. <br \/><strong>Irod.:<\/strong> Id\u0151t\u00e1r 1; Marossz\u00e9ki kr\u00f3nik\u00e1k, 1<\/br><\/p>\n","protected":false},"excerpt":{"rendered":"<p>? \u2020 Jedd, 1625. \u00e1pr. 9., : polg\u00e1r, fisk\u00e1lis director. \u2013 B\u00e1thori Zsigmond szolg\u00e1latai jutalm\u00e1ul t\u00f6bb \u00f6r\u00f6kbirtokot adom\u00e1nyozott K\u00fck\u00fcll\u0151, Torda v\u00e1rmegy\u00e9ben \u00e9s Marossz\u00e9ken t\u00f6bbek k\u00f6z\u00f6tt S\u00e1rv\u00e1riban, Jedden, Kisfaludon \u00e9s a sz\u00e9kely \u00f6r\u00f6ks\u00e9g\u00e9ben is meger\u0151s\u00edti \u0151t \u00e9s ut\u00f3dait (1590). A csal\u00e1d sz\u00e1mtalan kiv\u00e1lts\u00e1got kapott, \u0151v\u00e9k a legr\u00e9gibb emeletes polg\u00e1ri h\u00e1z Mv.-en (1554), mentes\u00fclt a v\u00e1rosi ad\u00f3k [&hellip;]<\/p>\n","protected":false},"featured_media":0,"comment_status":"open","ping_status":"closed","template":"","meta":[],"product_brand":[],"product_cat":[137],"product_tag":[],"class_list":{"0":"post-12565","1":"product","2":"type-product","3":"status-publish","5":"product_cat-maros-megyei-eletrajzi-lexikon","7":"first","8":"instock","9":"shipping-taxable","10":"product-type-simple"},"_links":{"self":[{"href":"https:\/\/uj.adatbank.ro\/lexikon\/wp-json\/wp\/v2\/product\/12565","targetHints":{"allow":["GET"]}}],"collection":[{"href":"https:\/\/uj.adatbank.ro\/lexikon\/wp-json\/wp\/v2\/product"}],"about":[{"href":"https:\/\/uj.adatbank.ro\/lexikon\/wp-json\/wp\/v2\/types\/product"}],"replies":[{"embeddable":true,"href":"https:\/\/uj.adatbank.ro\/lexikon\/wp-json\/wp\/v2\/comments?post=12565"}],"wp:attachment":[{"href":"https:\/\/uj.adatbank.ro\/lexikon\/wp-json\/wp\/v2\/media?parent=12565"}],"wp:term":[{"taxonomy":"product_brand","embeddable":true,"href":"https:\/\/uj.adatbank.ro\/lexikon\/wp-json\/wp\/v2\/product_brand?post=12565"},{"taxonomy":"product_cat","embeddable":true,"href":"https:\/\/uj.adatbank.ro\/lexikon\/wp-json\/wp\/v2\/product_cat?post=12565"},{"taxonomy":"product_tag","embeddable":true,"href":"https:\/\/uj.adatbank.ro\/lexikon\/wp-json\/wp\/v2\/product_tag?post=12565"}],"curies":[{"name":"wp","href":"https:\/\/api.w.org\/{rel}","templated":true}]}}