{"id":12567,"date":"2025-06-29T14:31:32","date_gmt":"2025-06-29T12:31:32","guid":{"rendered":"https:\/\/uj.adatbank.ro\/lexikon\/termek\/kopeczi-marton\/"},"modified":"2025-06-29T14:31:32","modified_gmt":"2025-06-29T12:31:32","slug":"kopeczi-marton","status":"publish","type":"product","link":"https:\/\/uj.adatbank.ro\/lexikon\/termek\/kopeczi-marton\/","title":{"rendered":"K\u00d6PECZI M\u00e1rton"},"content":{"rendered":"<p>? \u2020 ?: tisztvisel\u0151. \u2013 OTI tisztvisel\u0151 volt Mv.-en. A MSE v\u00e1lasztm\u00e1nyi tagja (1924\u2013), az \u00f6k\u00f6lv\u00edv\u00f3 szakoszt\u00e1ly l\u00e9trehoz\u00f3ja, eln\u00f6ke (1938\u2013), \u0151 hozta l\u00e9tre a ; az evez\u0151s szakoszt\u00e1ly titk\u00e1ra (1934\u201338). Mint akt\u00edv sportol\u00f3 a labdar\u00fag\u00e1sban, evez\u00e9sben, atl\u00e9tik\u00e1ban \u00e9s szertorn\u00e1ban szerepelt. <br \/><strong>Irod.:<\/strong> Pluh\u00e1r<\/br><\/p>\n","protected":false},"excerpt":{"rendered":"<p>? \u2020 ?: tisztvisel\u0151. \u2013 OTI tisztvisel\u0151 volt Mv.-en. A MSE v\u00e1lasztm\u00e1nyi tagja (1924\u2013), az \u00f6k\u00f6lv\u00edv\u00f3 szakoszt\u00e1ly l\u00e9trehoz\u00f3ja, eln\u00f6ke (1938\u2013), \u0151 hozta l\u00e9tre a ; az evez\u0151s szakoszt\u00e1ly titk\u00e1ra (1934\u201338). Mint akt\u00edv sportol\u00f3 a labdar\u00fag\u00e1sban, evez\u00e9sben, atl\u00e9tik\u00e1ban \u00e9s szertorn\u00e1ban szerepelt. Irod.: Pluh\u00e1r<\/p>\n","protected":false},"featured_media":0,"comment_status":"open","ping_status":"closed","template":"","meta":[],"product_brand":[],"product_cat":[137],"product_tag":[],"class_list":{"0":"post-12567","1":"product","2":"type-product","3":"status-publish","5":"product_cat-maros-megyei-eletrajzi-lexikon","7":"first","8":"instock","9":"shipping-taxable","10":"product-type-simple"},"_links":{"self":[{"href":"https:\/\/uj.adatbank.ro\/lexikon\/wp-json\/wp\/v2\/product\/12567","targetHints":{"allow":["GET"]}}],"collection":[{"href":"https:\/\/uj.adatbank.ro\/lexikon\/wp-json\/wp\/v2\/product"}],"about":[{"href":"https:\/\/uj.adatbank.ro\/lexikon\/wp-json\/wp\/v2\/types\/product"}],"replies":[{"embeddable":true,"href":"https:\/\/uj.adatbank.ro\/lexikon\/wp-json\/wp\/v2\/comments?post=12567"}],"wp:attachment":[{"href":"https:\/\/uj.adatbank.ro\/lexikon\/wp-json\/wp\/v2\/media?parent=12567"}],"wp:term":[{"taxonomy":"product_brand","embeddable":true,"href":"https:\/\/uj.adatbank.ro\/lexikon\/wp-json\/wp\/v2\/product_brand?post=12567"},{"taxonomy":"product_cat","embeddable":true,"href":"https:\/\/uj.adatbank.ro\/lexikon\/wp-json\/wp\/v2\/product_cat?post=12567"},{"taxonomy":"product_tag","embeddable":true,"href":"https:\/\/uj.adatbank.ro\/lexikon\/wp-json\/wp\/v2\/product_tag?post=12567"}],"curies":[{"name":"wp","href":"https:\/\/api.w.org\/{rel}","templated":true}]}}