{"id":12569,"date":"2025-06-29T14:31:36","date_gmt":"2025-06-29T12:31:36","guid":{"rendered":"https:\/\/uj.adatbank.ro\/lexikon\/termek\/kopeczi-mihaly\/"},"modified":"2025-06-29T14:31:36","modified_gmt":"2025-06-29T12:31:36","slug":"kopeczi-mihaly","status":"publish","type":"product","link":"https:\/\/uj.adatbank.ro\/lexikon\/termek\/kopeczi-mihaly\/","title":{"rendered":"K\u00d6PECZI Mih\u00e1ly"},"content":{"rendered":"<p>? \u2020 ?: v\u00e1rosi nemes. \u2013 A v\u00e1rosi nemesek nev\u00e9ben Angyalosi J\u00e1nossal a fejedelemhez fordult panasszal a v\u00e1rosi tan\u00e1cs t\u00falkap\u00e1sai miatt, mert az a v\u00e1rosban \u00e9l\u0151 nemess\u00e9get a v\u00e1rosi jogrend al\u00e1 akarta k\u00e9nyszer\u00edteni (1616). Bethlen G\u00e1bor a v\u00e1rosi tan\u00e1cshoz int\u00e9zett rendelet\u00e9vel meghagyta hogy a V\u00e1s\u00e1rhelyen tal\u00e1lhat\u00f3 nemesi telkek \u00e9s nemesi kiv\u00e1lts\u00e1gok s\u00e9rtetlenek maradjanak. <br \/><strong>Irod.:<\/strong> Id\u0151t\u00e1r 1; P\u00e1l-Antal 2006; P\u00e1l-Antal 2009<\/br><\/p>\n","protected":false},"excerpt":{"rendered":"<p>? \u2020 ?: v\u00e1rosi nemes. \u2013 A v\u00e1rosi nemesek nev\u00e9ben Angyalosi J\u00e1nossal a fejedelemhez fordult panasszal a v\u00e1rosi tan\u00e1cs t\u00falkap\u00e1sai miatt, mert az a v\u00e1rosban \u00e9l\u0151 nemess\u00e9get a v\u00e1rosi jogrend al\u00e1 akarta k\u00e9nyszer\u00edteni (1616). Bethlen G\u00e1bor a v\u00e1rosi tan\u00e1cshoz int\u00e9zett rendelet\u00e9vel meghagyta hogy a V\u00e1s\u00e1rhelyen tal\u00e1lhat\u00f3 nemesi telkek \u00e9s nemesi kiv\u00e1lts\u00e1gok s\u00e9rtetlenek maradjanak. Irod.: Id\u0151t\u00e1r [&hellip;]<\/p>\n","protected":false},"featured_media":0,"comment_status":"open","ping_status":"closed","template":"","meta":[],"product_brand":[],"product_cat":[137],"product_tag":[],"class_list":{"0":"post-12569","1":"product","2":"type-product","3":"status-publish","5":"product_cat-maros-megyei-eletrajzi-lexikon","7":"first","8":"instock","9":"shipping-taxable","10":"product-type-simple"},"_links":{"self":[{"href":"https:\/\/uj.adatbank.ro\/lexikon\/wp-json\/wp\/v2\/product\/12569","targetHints":{"allow":["GET"]}}],"collection":[{"href":"https:\/\/uj.adatbank.ro\/lexikon\/wp-json\/wp\/v2\/product"}],"about":[{"href":"https:\/\/uj.adatbank.ro\/lexikon\/wp-json\/wp\/v2\/types\/product"}],"replies":[{"embeddable":true,"href":"https:\/\/uj.adatbank.ro\/lexikon\/wp-json\/wp\/v2\/comments?post=12569"}],"wp:attachment":[{"href":"https:\/\/uj.adatbank.ro\/lexikon\/wp-json\/wp\/v2\/media?parent=12569"}],"wp:term":[{"taxonomy":"product_brand","embeddable":true,"href":"https:\/\/uj.adatbank.ro\/lexikon\/wp-json\/wp\/v2\/product_brand?post=12569"},{"taxonomy":"product_cat","embeddable":true,"href":"https:\/\/uj.adatbank.ro\/lexikon\/wp-json\/wp\/v2\/product_cat?post=12569"},{"taxonomy":"product_tag","embeddable":true,"href":"https:\/\/uj.adatbank.ro\/lexikon\/wp-json\/wp\/v2\/product_tag?post=12569"}],"curies":[{"name":"wp","href":"https:\/\/api.w.org\/{rel}","templated":true}]}}