{"id":12570,"date":"2025-06-29T14:31:39","date_gmt":"2025-06-29T12:31:39","guid":{"rendered":"https:\/\/uj.adatbank.ro\/lexikon\/termek\/kopeczi-mihaly-2\/"},"modified":"2025-06-29T14:31:39","modified_gmt":"2025-06-29T12:31:39","slug":"kopeczi-mihaly-2","status":"publish","type":"product","link":"https:\/\/uj.adatbank.ro\/lexikon\/termek\/kopeczi-mihaly-2\/","title":{"rendered":"K\u00d6PECZI Mih\u00e1ly"},"content":{"rendered":"<p>? \u2020 ?: K\u00e9sz\u00edtetett ez\u00fcst, r\u00e9szben aranyozott talpas poharat (1703), amit feles\u00e9ge, T\u00f6r\u00f6k Krisztina, adom\u00e1nyozott, az \u00e1d\u00e1mosi egyh\u00e1zk\u00f6zs\u00e9gnek \u00e9s a s\u00f6v\u00e9nyfalvi fili\u00e1j\u00e1nak, hozz\u00e1j\u00e1rulva a gy\u00fclekezeti \u00farasztali felszerel\u00e9s\u00e9hez (1705). <br \/><strong>Irod.:<\/strong> K\u00fck\u00fcll\u0151i Ref. Egyh\u00e1zm. 1.<\/br><\/p>\n","protected":false},"excerpt":{"rendered":"<p>? \u2020 ?: K\u00e9sz\u00edtetett ez\u00fcst, r\u00e9szben aranyozott talpas poharat (1703), amit feles\u00e9ge, T\u00f6r\u00f6k Krisztina, adom\u00e1nyozott, az \u00e1d\u00e1mosi egyh\u00e1zk\u00f6zs\u00e9gnek \u00e9s a s\u00f6v\u00e9nyfalvi fili\u00e1j\u00e1nak, hozz\u00e1j\u00e1rulva a gy\u00fclekezeti \u00farasztali felszerel\u00e9s\u00e9hez (1705). Irod.: K\u00fck\u00fcll\u0151i Ref. Egyh\u00e1zm. 1.<\/p>\n","protected":false},"featured_media":0,"comment_status":"open","ping_status":"closed","template":"","meta":[],"product_brand":[],"product_cat":[137],"product_tag":[],"class_list":{"0":"post-12570","1":"product","2":"type-product","3":"status-publish","5":"product_cat-maros-megyei-eletrajzi-lexikon","7":"first","8":"instock","9":"shipping-taxable","10":"product-type-simple"},"_links":{"self":[{"href":"https:\/\/uj.adatbank.ro\/lexikon\/wp-json\/wp\/v2\/product\/12570","targetHints":{"allow":["GET"]}}],"collection":[{"href":"https:\/\/uj.adatbank.ro\/lexikon\/wp-json\/wp\/v2\/product"}],"about":[{"href":"https:\/\/uj.adatbank.ro\/lexikon\/wp-json\/wp\/v2\/types\/product"}],"replies":[{"embeddable":true,"href":"https:\/\/uj.adatbank.ro\/lexikon\/wp-json\/wp\/v2\/comments?post=12570"}],"wp:attachment":[{"href":"https:\/\/uj.adatbank.ro\/lexikon\/wp-json\/wp\/v2\/media?parent=12570"}],"wp:term":[{"taxonomy":"product_brand","embeddable":true,"href":"https:\/\/uj.adatbank.ro\/lexikon\/wp-json\/wp\/v2\/product_brand?post=12570"},{"taxonomy":"product_cat","embeddable":true,"href":"https:\/\/uj.adatbank.ro\/lexikon\/wp-json\/wp\/v2\/product_cat?post=12570"},{"taxonomy":"product_tag","embeddable":true,"href":"https:\/\/uj.adatbank.ro\/lexikon\/wp-json\/wp\/v2\/product_tag?post=12570"}],"curies":[{"name":"wp","href":"https:\/\/api.w.org\/{rel}","templated":true}]}}