{"id":12574,"date":"2025-06-29T14:31:46","date_gmt":"2025-06-29T12:31:46","guid":{"rendered":"https:\/\/uj.adatbank.ro\/lexikon\/termek\/kopeczi-tamas-kopeczi-nagy-tamas\/"},"modified":"2025-06-29T14:31:46","modified_gmt":"2025-06-29T12:31:46","slug":"kopeczi-tamas-kopeczi-nagy-tamas","status":"publish","type":"product","link":"https:\/\/uj.adatbank.ro\/lexikon\/termek\/kopeczi-tamas-kopeczi-nagy-tamas\/","title":{"rendered":"K\u00d6PECZI Tam\u00e1s; K\u00f6peczi Nagy Tam\u00e1s"},"content":{"rendered":"<p>? \u2020 ?: mv.-i b\u00edr\u00f3, az erd\u00e9lyi kincst\u00e1ri j\u00f6vedelmek b\u00e9rl\u0151je (orsz\u00e1g\u00e1rend\u00e1tor). \u2013 Mv.-en f\u0151b\u00edr\u00f3 (1538), esk\u00fcdt (1549), Izabella kir\u00e1lyn\u0151 erd\u00e9lyi ad\u00f3behajt\u00f3ja. Mv.-en lak\u00f3h\u00e1zat \u00e9p\u00edtetett, az akkori Nagyszentkir\u00e1ly \u00e9s Szentgy\u00f6rgy utc\u00e1k sark\u00e1n, (Revolu\u0163iei \/ volt Szentgy\u00f6rgy u., 1. sz.). Mv. legr\u00e9gibb emeletes h\u00e1za (1514-ben \u00e9p\u00fclt), a barokk-klasszicista homlokzata k\u00e9s\u0151bb k\u00e9sz\u00fclt (1763). Ez a v\u00e1ros legr\u00e9gibb emeletes k\u0151h\u00e1za (1554) Kor\u00e1ban a v\u00e1ros legnagyobb \u00e9s legszebb \u00e9p\u00fclete volt. Val\u00f3sz\u00edn\u0171 itt sz\u00e1llt meg J\u00e1nos Zsigmond (1571), I. R\u00e1k\u00f3czi Gy\u00f6rgy (1658), Barcsai \u00c1kos (1659), B\u00e1thori Zsigmond (1659), I. Apafi Mih\u00e1ly (1661, 1667), Petki Istv\u00e1n \u00e9s B\u00e9ldi P\u00e1l helytart\u00f3k (1663), B\u00e1nffy Gy\u00f6rgy korm\u00e1nyz\u00f3 (1692). A k\u00f6vetkez\u0151 tulajdonos Nagy Szab\u00f3 Istv\u00e1n volt (1631\u2013) \u00e9s R\u00e1k\u00f3czi Gy\u00f6rgyt\u0151l fejedelmi kiv\u00e1lts\u00e1glevelet kapott, fejedelmi sz\u00e1ll\u00e1sul volt fenntartva. K\u00e9s\u0151bb az \u00e9p\u00fcletet gr. Teleki L\u00e1szl\u00f3 v\u00e1s\u00e1rolta meg (1756), a barokk-klasszicista homlokzata k\u00e9s\u0151bb k\u00e9sz\u00fclt (1763), Teleki J\u00f3zsef az \u00e1rk\u00e1dokat is be\u00e9p\u00edtette (1808), fel\u00faj\u00edtott\u00e1k (2008), ma \u201eA\u201d kateg\u00f3ri\u00e1s m\u0171eml\u00e9k. Az \u00e9p\u00fclet t\u00f6rt\u00e9nelmi vonatkoz\u00e1sai: Ebben a h\u00e1zban fogatta el I. R\u00e1k\u00f3czi Gy\u00f6rgy Zolyomi D\u00e1vidot; itt tal\u00e1ltak otthonra az akkori tulajdonos Borb\u00e9ly Gy\u00f6rgy j\u00f3volt\u00e1b\u00f3l, a Gyulafeh\u00e9rv\u00e1rr\u00f3l el\u00fcld\u00f6z\u00f6tt ref. koll. tanul\u00f3i \u00e9s tan\u00e1rai (1717); a h\u00e1zban m\u0171k\u00f6dtett\u00e9k az iskol\u00e1t a Schola Particulaval t\u00f6rt\u00e9n\u0151 egyes\u00edt\u00e9sig (1718). Itt volt Teleki J\u00f3zsef h\u00edres k\u00f6nyvt\u00e1ra, a v\u00e1ros els\u0151 m\u00fazeuma \u00e9s kaszin\u00f3ja. <br \/><strong>Irod.:<\/strong> Keresztes Gyula: K\u00f6pecz\u00ed-Teleki H\u00e1z (N\u00fa., 1990. m\u00e1rc. 24.); Keresztes Gyula: A hajdani Mv. 4.: A v\u00e1ros r\u00e9gi \u00e9p\u00fcletei (N\u00fa., 1995. okt. 14.); Kiss P\u00e1l: Mv. kalauz; Kr\u00f3n. F\u00fcz. (1937. 2\/7); Maros megye; M\u00e1th\u00e9 \u00c9va: \u00dajj\u00e1sz\u00fcletik a K\u00f6peczi-Teleki h\u00e1z (K\u00f6zPont, 2008. febr. 18\u201324.); Man: Tg. M.; Orb\u00e1n \u2013 Oniga; P\u00e1l-Antal 2009; SzOkl, 2; Tg. \u2013Mure\u0219 \u2013 Mv.; Valori mure\u015fene de patrimoniu<\/br><\/p>\n","protected":false},"excerpt":{"rendered":"<p>? \u2020 ?: mv.-i b\u00edr\u00f3, az erd\u00e9lyi kincst\u00e1ri j\u00f6vedelmek b\u00e9rl\u0151je (orsz\u00e1g\u00e1rend\u00e1tor). \u2013 Mv.-en f\u0151b\u00edr\u00f3 (1538), esk\u00fcdt (1549), Izabella kir\u00e1lyn\u0151 erd\u00e9lyi ad\u00f3behajt\u00f3ja. Mv.-en lak\u00f3h\u00e1zat \u00e9p\u00edtetett, az akkori Nagyszentkir\u00e1ly \u00e9s Szentgy\u00f6rgy utc\u00e1k sark\u00e1n, (Revolu\u0163iei \/ volt Szentgy\u00f6rgy u., 1. sz.). Mv. legr\u00e9gibb emeletes h\u00e1za (1514-ben \u00e9p\u00fclt), a barokk-klasszicista homlokzata k\u00e9s\u0151bb k\u00e9sz\u00fclt (1763). Ez a v\u00e1ros legr\u00e9gibb emeletes [&hellip;]<\/p>\n","protected":false},"featured_media":0,"comment_status":"open","ping_status":"closed","template":"","meta":[],"product_brand":[],"product_cat":[137],"product_tag":[],"class_list":{"0":"post-12574","1":"product","2":"type-product","3":"status-publish","5":"product_cat-maros-megyei-eletrajzi-lexikon","7":"first","8":"instock","9":"shipping-taxable","10":"product-type-simple"},"_links":{"self":[{"href":"https:\/\/uj.adatbank.ro\/lexikon\/wp-json\/wp\/v2\/product\/12574","targetHints":{"allow":["GET"]}}],"collection":[{"href":"https:\/\/uj.adatbank.ro\/lexikon\/wp-json\/wp\/v2\/product"}],"about":[{"href":"https:\/\/uj.adatbank.ro\/lexikon\/wp-json\/wp\/v2\/types\/product"}],"replies":[{"embeddable":true,"href":"https:\/\/uj.adatbank.ro\/lexikon\/wp-json\/wp\/v2\/comments?post=12574"}],"wp:attachment":[{"href":"https:\/\/uj.adatbank.ro\/lexikon\/wp-json\/wp\/v2\/media?parent=12574"}],"wp:term":[{"taxonomy":"product_brand","embeddable":true,"href":"https:\/\/uj.adatbank.ro\/lexikon\/wp-json\/wp\/v2\/product_brand?post=12574"},{"taxonomy":"product_cat","embeddable":true,"href":"https:\/\/uj.adatbank.ro\/lexikon\/wp-json\/wp\/v2\/product_cat?post=12574"},{"taxonomy":"product_tag","embeddable":true,"href":"https:\/\/uj.adatbank.ro\/lexikon\/wp-json\/wp\/v2\/product_tag?post=12574"}],"curies":[{"name":"wp","href":"https:\/\/api.w.org\/{rel}","templated":true}]}}