{"id":12575,"date":"2025-06-29T14:31:48","date_gmt":"2025-06-29T12:31:48","guid":{"rendered":"https:\/\/uj.adatbank.ro\/lexikon\/termek\/kopeczi-tihamer\/"},"modified":"2025-06-29T14:31:48","modified_gmt":"2025-06-29T12:31:48","slug":"kopeczi-tihamer","status":"publish","type":"product","link":"https:\/\/uj.adatbank.ro\/lexikon\/termek\/kopeczi-tihamer\/","title":{"rendered":"K\u00d6PECZI Tiham\u00e9r"},"content":{"rendered":"<p>Mv., 1904. okt. 3., \u2020 Mv., 1986. okt. 15.: gy\u00f3gyszer\u00e9sz. \u2013 Bp.-en kapott gy\u00f3gyszer\u00e9sz diplom\u00e1t (1923) v. Szegeden a FJTE-en (1943). \u2013 F\u0151gy\u00f3gyszer\u00e9sz Mv.-en. <br \/><strong>Irod.:<\/strong> Molter 2.; [Nekrol\u00f3g] (V. Z., 1986. okt. 16.); P\u00e9ter H. M.; P\u00e9ter H. M. 2013<\/br><\/p>\n","protected":false},"excerpt":{"rendered":"<p>Mv., 1904. okt. 3., \u2020 Mv., 1986. okt. 15.: gy\u00f3gyszer\u00e9sz. \u2013 Bp.-en kapott gy\u00f3gyszer\u00e9sz diplom\u00e1t (1923) v. Szegeden a FJTE-en (1943). \u2013 F\u0151gy\u00f3gyszer\u00e9sz Mv.-en. Irod.: Molter 2.; [Nekrol\u00f3g] (V. Z., 1986. okt. 16.); P\u00e9ter H. M.; P\u00e9ter H. M. 2013<\/p>\n","protected":false},"featured_media":0,"comment_status":"open","ping_status":"closed","template":"","meta":[],"product_brand":[],"product_cat":[137],"product_tag":[],"class_list":{"0":"post-12575","1":"product","2":"type-product","3":"status-publish","5":"product_cat-maros-megyei-eletrajzi-lexikon","7":"first","8":"instock","9":"shipping-taxable","10":"product-type-simple"},"_links":{"self":[{"href":"https:\/\/uj.adatbank.ro\/lexikon\/wp-json\/wp\/v2\/product\/12575","targetHints":{"allow":["GET"]}}],"collection":[{"href":"https:\/\/uj.adatbank.ro\/lexikon\/wp-json\/wp\/v2\/product"}],"about":[{"href":"https:\/\/uj.adatbank.ro\/lexikon\/wp-json\/wp\/v2\/types\/product"}],"replies":[{"embeddable":true,"href":"https:\/\/uj.adatbank.ro\/lexikon\/wp-json\/wp\/v2\/comments?post=12575"}],"wp:attachment":[{"href":"https:\/\/uj.adatbank.ro\/lexikon\/wp-json\/wp\/v2\/media?parent=12575"}],"wp:term":[{"taxonomy":"product_brand","embeddable":true,"href":"https:\/\/uj.adatbank.ro\/lexikon\/wp-json\/wp\/v2\/product_brand?post=12575"},{"taxonomy":"product_cat","embeddable":true,"href":"https:\/\/uj.adatbank.ro\/lexikon\/wp-json\/wp\/v2\/product_cat?post=12575"},{"taxonomy":"product_tag","embeddable":true,"href":"https:\/\/uj.adatbank.ro\/lexikon\/wp-json\/wp\/v2\/product_tag?post=12575"}],"curies":[{"name":"wp","href":"https:\/\/api.w.org\/{rel}","templated":true}]}}