{"id":12578,"date":"2025-06-29T14:31:52","date_gmt":"2025-06-29T12:31:52","guid":{"rendered":"https:\/\/uj.adatbank.ro\/lexikon\/termek\/kopeczy-k-mihaly-kopetzi-kelemen-mihaly\/"},"modified":"2025-06-29T14:31:52","modified_gmt":"2025-06-29T12:31:52","slug":"kopeczy-k-mihaly-kopetzi-kelemen-mihaly","status":"publish","type":"product","link":"https:\/\/uj.adatbank.ro\/lexikon\/termek\/kopeczy-k-mihaly-kopetzi-kelemen-mihaly\/","title":{"rendered":"K\u00d6PECZY K. Mih\u00e1ly; K\u00f6petzi Kelemen. Mih\u00e1ly;"},"content":{"rendered":"<p>? \u2020 Mv., 1718, 1729 : tan\u00e1r, ref. f\u0151iskolai igazgat\u00f3. \u2013 Tanult Udvarhelyen \u00e9s Mv.-en, majd a nagyenyedi Bethlen Koll.-ban (1702\u2013); B\u00e1nffy Zsigmond alumni\u00e1j\u00e1n volt (1709), majd oszt\u00e1lytan\u00edt\u00f3 (1710); k\u00fclf\u00f6ldi egyetemeken tanult ifj. P\u00e1pai P\u00e1riz Ferenccel egy\u00fctt Frankfurtban \u00e9s Franeker\u00e1ban (1711\u2013). A mv.-i Ref. Schola professzora \u00e9s rektora (1715. jan. 23. \u2013 1718. \u00e1pr. 30 az iskola koll\u00e9giumi rangra emel\u00e9s\u00e9ig). Ut\u00e1na tan\u00e1rk\u00e9nt m\u0171k\u00f6d\u00f6tt \u201e1718. \u00e1prilis 30-\u00e1n, a schola 161 \u00e9vig tartott viszontags\u00e1gos fenn\u00e1ll\u00e1sa ut\u00e1n, eddigi kisebb k\u00f6r\u0171 szer\u00e9ny m\u0171k\u00f6d\u00e9s\u00e9t befejezte \u00e9s a keskeny \u00f6sv\u00e9nyt, melyen eddig a tudom\u00e1nyok mezej\u00e9n haladni t\u00f6rekedett, t\u00e1gasabb \u00fatt\u00e1 sz\u00e9les\u00edtette ki, amid\u0151n ajtaj\u00e1t az \u00fcld\u00f6z\u00f6tt s\u00e1rospataki, illetve gyulafeh\u00e9rv\u00e1ri koll\u00e9gium befogad\u00e1s\u00e1ra megnyitotta. K\u00f6petzi Mih\u00e1ly pedig az \u00fajj\u00e1alak\u00edtott int\u00e9zetben, mint annak harmadik professzora, m\u0171k\u00f6d\u00e9s\u00e9t tov\u00e1bb folytatta Zilahi Sebess Andr\u00e1s \u00e9s Szathm\u00e1ri Paksi Mih\u00e1ly tan\u00e1rokkal\u201d. Meghalt pestisben (1729). \u2013 <strong>F. m.:<\/strong> Summa theologiae supernaturalis. Pars. IX. Quam respondens defendit praeside Ruardo Andala. (Franequerae, 1716). <br \/><strong>Irod.:<\/strong> Id\u0151t\u00e1r 1; Koncz; Kov\u00e1sznai; Kozma; Kr\u00f3n. F\u00fcz. (1940. 4\/10); Par\u00e1di; Rugonfalvi Kiss; Szinnyei<\/br><\/p>\n","protected":false},"excerpt":{"rendered":"<p>? \u2020 Mv., 1718, 1729 : tan\u00e1r, ref. f\u0151iskolai igazgat\u00f3. \u2013 Tanult Udvarhelyen \u00e9s Mv.-en, majd a nagyenyedi Bethlen Koll.-ban (1702\u2013); B\u00e1nffy Zsigmond alumni\u00e1j\u00e1n volt (1709), majd oszt\u00e1lytan\u00edt\u00f3 (1710); k\u00fclf\u00f6ldi egyetemeken tanult ifj. P\u00e1pai P\u00e1riz Ferenccel egy\u00fctt Frankfurtban \u00e9s Franeker\u00e1ban (1711\u2013). A mv.-i Ref. Schola professzora \u00e9s rektora (1715. jan. 23. \u2013 1718. \u00e1pr. 30 [&hellip;]<\/p>\n","protected":false},"featured_media":0,"comment_status":"open","ping_status":"closed","template":"","meta":[],"product_brand":[],"product_cat":[137],"product_tag":[],"class_list":{"0":"post-12578","1":"product","2":"type-product","3":"status-publish","5":"product_cat-maros-megyei-eletrajzi-lexikon","7":"first","8":"instock","9":"shipping-taxable","10":"product-type-simple"},"_links":{"self":[{"href":"https:\/\/uj.adatbank.ro\/lexikon\/wp-json\/wp\/v2\/product\/12578","targetHints":{"allow":["GET"]}}],"collection":[{"href":"https:\/\/uj.adatbank.ro\/lexikon\/wp-json\/wp\/v2\/product"}],"about":[{"href":"https:\/\/uj.adatbank.ro\/lexikon\/wp-json\/wp\/v2\/types\/product"}],"replies":[{"embeddable":true,"href":"https:\/\/uj.adatbank.ro\/lexikon\/wp-json\/wp\/v2\/comments?post=12578"}],"wp:attachment":[{"href":"https:\/\/uj.adatbank.ro\/lexikon\/wp-json\/wp\/v2\/media?parent=12578"}],"wp:term":[{"taxonomy":"product_brand","embeddable":true,"href":"https:\/\/uj.adatbank.ro\/lexikon\/wp-json\/wp\/v2\/product_brand?post=12578"},{"taxonomy":"product_cat","embeddable":true,"href":"https:\/\/uj.adatbank.ro\/lexikon\/wp-json\/wp\/v2\/product_cat?post=12578"},{"taxonomy":"product_tag","embeddable":true,"href":"https:\/\/uj.adatbank.ro\/lexikon\/wp-json\/wp\/v2\/product_tag?post=12578"}],"curies":[{"name":"wp","href":"https:\/\/api.w.org\/{rel}","templated":true}]}}