{"id":12582,"date":"2025-06-29T14:32:01","date_gmt":"2025-06-29T12:32:01","guid":{"rendered":"https:\/\/uj.adatbank.ro\/lexikon\/termek\/kopetzi-nagy-sandor\/"},"modified":"2025-06-29T14:32:01","modified_gmt":"2025-06-29T12:32:01","slug":"kopetzi-nagy-sandor","status":"publish","type":"product","link":"https:\/\/uj.adatbank.ro\/lexikon\/termek\/kopetzi-nagy-sandor\/","title":{"rendered":"K\u00d6PETZI NAGY S\u00e1ndor"},"content":{"rendered":"<p>P\u00f3ka, 1732. dec. 18., \u2020 P\u00f3ka, 1812. jan. 29.: f\u00f6ldbirtokos. \u2013 S\u00edreml\u00e9ke P\u00f3ka legr\u00e9gebbi s\u00edreml\u00e9ke. Feles\u00e9ge, Toldalagi Barbara, f\u00e9rje hal\u00e1la ut\u00e1n a birtokot eladta Tolvaly Zsigmond mez\u0151cs\u00e1v\u00e1si lelk\u00e9sznek. <br \/><strong>Irod.:<\/strong> P\u00f3ka<\/br><\/p>\n","protected":false},"excerpt":{"rendered":"<p>P\u00f3ka, 1732. dec. 18., \u2020 P\u00f3ka, 1812. jan. 29.: f\u00f6ldbirtokos. \u2013 S\u00edreml\u00e9ke P\u00f3ka legr\u00e9gebbi s\u00edreml\u00e9ke. Feles\u00e9ge, Toldalagi Barbara, f\u00e9rje hal\u00e1la ut\u00e1n a birtokot eladta Tolvaly Zsigmond mez\u0151cs\u00e1v\u00e1si lelk\u00e9sznek. Irod.: P\u00f3ka<\/p>\n","protected":false},"featured_media":0,"comment_status":"open","ping_status":"closed","template":"","meta":[],"product_brand":[],"product_cat":[137],"product_tag":[],"class_list":{"0":"post-12582","1":"product","2":"type-product","3":"status-publish","5":"product_cat-maros-megyei-eletrajzi-lexikon","7":"first","8":"instock","9":"shipping-taxable","10":"product-type-simple"},"_links":{"self":[{"href":"https:\/\/uj.adatbank.ro\/lexikon\/wp-json\/wp\/v2\/product\/12582","targetHints":{"allow":["GET"]}}],"collection":[{"href":"https:\/\/uj.adatbank.ro\/lexikon\/wp-json\/wp\/v2\/product"}],"about":[{"href":"https:\/\/uj.adatbank.ro\/lexikon\/wp-json\/wp\/v2\/types\/product"}],"replies":[{"embeddable":true,"href":"https:\/\/uj.adatbank.ro\/lexikon\/wp-json\/wp\/v2\/comments?post=12582"}],"wp:attachment":[{"href":"https:\/\/uj.adatbank.ro\/lexikon\/wp-json\/wp\/v2\/media?parent=12582"}],"wp:term":[{"taxonomy":"product_brand","embeddable":true,"href":"https:\/\/uj.adatbank.ro\/lexikon\/wp-json\/wp\/v2\/product_brand?post=12582"},{"taxonomy":"product_cat","embeddable":true,"href":"https:\/\/uj.adatbank.ro\/lexikon\/wp-json\/wp\/v2\/product_cat?post=12582"},{"taxonomy":"product_tag","embeddable":true,"href":"https:\/\/uj.adatbank.ro\/lexikon\/wp-json\/wp\/v2\/product_tag?post=12582"}],"curies":[{"name":"wp","href":"https:\/\/api.w.org\/{rel}","templated":true}]}}