{"id":12583,"date":"2025-06-29T14:32:02","date_gmt":"2025-06-29T12:32:02","guid":{"rendered":"https:\/\/uj.adatbank.ro\/lexikon\/termek\/kopp-elemer-%c2%a7\/"},"modified":"2025-06-29T14:32:02","modified_gmt":"2025-06-29T12:32:02","slug":"kopp-elemer-%c2%a7","status":"publish","type":"product","link":"https:\/\/uj.adatbank.ro\/lexikon\/termek\/kopp-elemer-%c2%a7\/","title":{"rendered":"KOPP Elem\u00e9r, \u00a7"},"content":{"rendered":"<p>Kv., 1890. aug. 17., \u2020 Mv., 1964. jan. 19 : Kv.-on a H\u00e1zsong\u00e1rdi temet\u0151ben nyugszik: vegy\u00e9szm\u00e1rn\u00f6k, egyetemi tan\u00e1r. \u2013 Elemi \u00e9s k\u00f6z\u00e9piskol\u00e1t Kv.-on v\u00e9gzett (1908). A bp.-i J\u00f3zsef M\u0171egyetemen vegy\u00e9szm\u00e9rn\u00f6ki oklevelet (1913) \u00e9s doktori c\u00edmet szerzett (1916). Vegy\u00e9szm\u00e9rn\u00f6k a brass\u00f3i k\u00e9nsavgy\u00e1rban, a botfalusi cukorgy\u00e1rban (1913\u201319), majd a kv.-i k\u00e9miai term\u00e9kek gy\u00e1r\u00e1ban dolgozott (1919\u201323); a kv.-i Gy\u00f3gyn\u00f6v\u00e9ny Kis\u00e9rleti Int\u00e9zet munkat\u00e1rsa P\u00e1ter B\u00e9la prof. mellett (1923\u201331), utols\u00f3 igazgat\u00f3ja (1941\u2013), ugyanakkor az Agron\u00f3miai Int\u00e9zet tan\u00e1ra is volt. A mv.-i OGYI Farmakogn\u00f3ziai Tansz\u00e9k\u00e9n egyetemi tan\u00e1r, katedraf\u0151n\u00f6k (1949\u201361), \u0151 l\u00e9tes\u00edtette az int\u00e9zet gy\u00f3gyn\u00f6v\u00e9nykertj\u00e9t. A Gy\u00f3gyszer\u00e9szeti Karon els\u0151k k\u00f6z\u00f6tt \u00edrt jegyzetet a hallgat\u00f3knak. A h\u00e1bor\u00fa ut\u00e1ni els\u0151 doktor\u00e1ndus ir\u00e1ny\u00edt\u00f3 farmakogn\u00f3zia t\u00e1rgyk\u00f6rben, hat gy\u00f3gyszer\u00e9sz r\u00e9szes\u00fclt doktori fokozatban (1953\u201364). \u00datt\u00f6r\u0151munk\u00e1t v\u00e9gzett a gy\u00f3gyn\u00f6v\u00e9nyek vizsg\u00e1lat\u00e1ban, figyelme kiterjedt a termeszt\u00e9s \u00e9s begy\u0171jt\u00e9s, az \u00e9rt\u00e9kes\u00edt\u00e9s gyakorlati vonatkoz\u00e1saira, foglalkozott a gy\u00f3gyn\u00f6v\u00e9nyek alaktani saj\u00e1toss\u00e1gaival, el\u0151fordul\u00e1s\u00e1val Rom\u00e1nia fl\u00f3r\u00e1j\u00e1ban, hat\u00f3anyagaik mennyis\u00e9g\u00e9vel, vizsg\u00e1lta a k\u00f6m\u00e9ny, angyalgy\u00f6k\u00e9r, muskot\u00e1lyzs\u00e1lya, koriander, r\u00f3zsa, borsmenta ill\u00f3olaj\u00e1t (1927\u201338). Eredeti tudom\u00e1nyos munk\u00e1ss\u00e1ga az ill\u00f3olajok nyer\u00e9s\u00e9re \u00e9s felhaszn\u00e1l\u00e1s\u00e1ra vonatkozott. Kutat\u00e1sainak eredm\u00e9nyei az orsz\u00e1gban \u00e9s k\u00fclf\u00f6ld\u00f6n is elfogadottak: javasolta az ill\u00f3olajok hazai el\u0151\u00e1ll\u00edt\u00e1s\u00e1t az import helyett. Az els\u0151 szakember volt, aki az \u00f3pium alkaloid\u00e1k m\u00e1kb\u00f3l val\u00f3 kivon\u00e1s\u00e1t v\u00e9gezte (1929), \u00faj m\u00f3dszereket dolgozott ki a morfium orvosi felhaszn\u00e1l\u00e1s\u00e1ra Mv.-en jelent\u0151sek az alkaloid\u00e1kra vonatkoz\u00f3 kutat\u00e1sai, nefelometri\u00e1s m\u00f3dszerrel k\u00f6vette az alkaloidok megjelen\u00e9s\u00e9t a m\u00e1k fejl\u0151d\u00e9se sor\u00e1n s nemes\u00edt\u00e9ssel \u00faj m\u00e1kfajt\u00e1t all\u00edtott el\u0151 melynek \u00e9rett tokjaiban a morfintartalom el\u00e9rte az 1 % ot (1953\u201355); utols\u00f3 \u00e9veiben a levendula-nemzed\u00e9k rendeszertani \u00e9s n\u00f6v\u00e9nyk\u00e9miai vonatkoz\u00e1saival, a r\u00f3zsamusk\u00e1tli ill\u00f3olaj-tartalm\u00e1val foglalkozott munkat\u00e1rsaival egy\u00fctt. Nagy visszhangot keltettek belf\u00f6ld\u00f6n \u00e9s k\u00fclf\u00f6ld\u00f6n cikkei \u00e9s tanulm\u00e1nyai. Sz\u00e1mos hazai \u00e9s k\u00fclf\u00f6ldi szaklap munkat\u00e1rsa volt t\u00f6bb mint 40 \u00e9ven kereszt\u00fcl publik\u00e1lt magyarul, rom\u00e1nul, <strong>n\u00e9met\u00fcl:<\/strong> Heil und Gew\u00fcrzpflanzen, Orvosi Szemle, Farmacia, a berlini Pharmazie-ban. Tanulm\u00e1nyai, cikkei visszhangot keltettek. Kit\u00fcntet\u00e9sei : Munka\u00e9rdemrend III. fokozata (1955), Kabay-eml\u00e9k\u00e9rem \u00e9s diszoklev\u00e9l (Magyaro. -on., 1957), 70. sz\u00fclet\u00e9snapj\u00e1n az Eg\u00e9szs\u00e9g\u00fcgyi Munka kit\u00fcntetettje, \u00c9rdemes egyetemi tan\u00e1r c. (1962). \u2013 <strong>F. m.:<\/strong> Magyarorsz\u00e1gi melaszok nitrog\u00e9ntartalm\u00fa vegy\u00fcletei (doktori t\u00e9zis; Brass\u00f3, 1916); Gy\u0171jts\u00fcnk gy\u00f3gyn\u00f6v\u00e9nyeket (Kv., 1942); Farmakogn\u00f3zia 1. k\u00f6t.: \u00c1ltal\u00e1nos r\u00e9sz. (Mv., 1953); <strong>t\u00e1rssz.:<\/strong> Farmakogn\u00f3zia. R\u00e9szletes r\u00e9sz 1\u20132. k\u00f6t. (Mv., 1953; R\u00e1cz-kottila Erzs\u00e9bet, Csed\u0151 K\u00e1roly-lyal; 2. \u00e1tdolgozott \u00e9s b\u0151v\u00edtett kiad., 1. k\u00f6t. 1956; 2. k\u00f6t. 1957); Farmacopeea rom\u00e2n\u0103 (Buc., 1956, 1965, 1967); Istoria \u015fi activitatea \u015ftiin\u0163ifico-practic\u0103 a Institutului Experimental de Cercetare a Plantelor Medicinale din Cluj (Mv., k\u00e9zirat). <br \/><strong>Irod.:<\/strong> EMP; Facultatea de Farmacie; Ga\u00e1l; Genersich; H\u00e1zsong\u00e1rd; Istoria \u015etiin\u0163elor Farmaceutice \u00een Rom\u00e2nia \/ Coordonatori Spielmann Iosif, Baicu Graziella (Buc., 1994); Barab\u00e1s-P\u00e9ter M.\u2013P\u00e9ter H. M.; Nagy L; P\u00e9ter H. M.; P\u00e9ter H. M. 2013; R\u00e1cz Gabriel: Dr. K. E., 1890\u20131964 (Rev. Medical\u0103, 1964, 1. sz.); RMIL; Sz\u00f6ll\u0151si 2009; Todea\u2013F\u00fcl\u00f6p\u2013Avram; T\u0151k\u00e9s<\/br><\/p>\n","protected":false},"excerpt":{"rendered":"<p>Kv., 1890. aug. 17., \u2020 Mv., 1964. jan. 19 : Kv.-on a H\u00e1zsong\u00e1rdi temet\u0151ben nyugszik: vegy\u00e9szm\u00e1rn\u00f6k, egyetemi tan\u00e1r. \u2013 Elemi \u00e9s k\u00f6z\u00e9piskol\u00e1t Kv.-on v\u00e9gzett (1908). A bp.-i J\u00f3zsef M\u0171egyetemen vegy\u00e9szm\u00e9rn\u00f6ki oklevelet (1913) \u00e9s doktori c\u00edmet szerzett (1916). Vegy\u00e9szm\u00e9rn\u00f6k a brass\u00f3i k\u00e9nsavgy\u00e1rban, a botfalusi cukorgy\u00e1rban (1913\u201319), majd a kv.-i k\u00e9miai term\u00e9kek gy\u00e1r\u00e1ban dolgozott (1919\u201323); a kv.-i [&hellip;]<\/p>\n","protected":false},"featured_media":0,"comment_status":"open","ping_status":"closed","template":"","meta":[],"product_brand":[],"product_cat":[137],"product_tag":[],"class_list":{"0":"post-12583","1":"product","2":"type-product","3":"status-publish","5":"product_cat-maros-megyei-eletrajzi-lexikon","7":"first","8":"instock","9":"shipping-taxable","10":"product-type-simple"},"_links":{"self":[{"href":"https:\/\/uj.adatbank.ro\/lexikon\/wp-json\/wp\/v2\/product\/12583","targetHints":{"allow":["GET"]}}],"collection":[{"href":"https:\/\/uj.adatbank.ro\/lexikon\/wp-json\/wp\/v2\/product"}],"about":[{"href":"https:\/\/uj.adatbank.ro\/lexikon\/wp-json\/wp\/v2\/types\/product"}],"replies":[{"embeddable":true,"href":"https:\/\/uj.adatbank.ro\/lexikon\/wp-json\/wp\/v2\/comments?post=12583"}],"wp:attachment":[{"href":"https:\/\/uj.adatbank.ro\/lexikon\/wp-json\/wp\/v2\/media?parent=12583"}],"wp:term":[{"taxonomy":"product_brand","embeddable":true,"href":"https:\/\/uj.adatbank.ro\/lexikon\/wp-json\/wp\/v2\/product_brand?post=12583"},{"taxonomy":"product_cat","embeddable":true,"href":"https:\/\/uj.adatbank.ro\/lexikon\/wp-json\/wp\/v2\/product_cat?post=12583"},{"taxonomy":"product_tag","embeddable":true,"href":"https:\/\/uj.adatbank.ro\/lexikon\/wp-json\/wp\/v2\/product_tag?post=12583"}],"curies":[{"name":"wp","href":"https:\/\/api.w.org\/{rel}","templated":true}]}}