{"id":12584,"date":"2025-06-29T14:32:03","date_gmt":"2025-06-29T12:32:03","guid":{"rendered":"https:\/\/uj.adatbank.ro\/lexikon\/termek\/kopping-laszlo\/"},"modified":"2025-06-29T14:32:03","modified_gmt":"2025-06-29T12:32:03","slug":"kopping-laszlo","status":"publish","type":"product","link":"https:\/\/uj.adatbank.ro\/lexikon\/termek\/kopping-laszlo\/","title":{"rendered":"KOPPING L\u00e1szl\u00f3"},"content":{"rendered":"<p>1927., \u2020 H\u00f6fingen (N\u00e9meto.), 2008 dec. 27(?), hamvait Stuttgartban a Pragfriedhofban helyezt\u00e9k v\u00e9gs\u0151 nyugalomra: okleveles g\u00e9p\u00e9szm\u00e9rn\u00f6k. <br \/><strong>Irod.:<\/strong> [Nekrol\u00f3g] (N\u00fa., 2008. dec..)<\/br><\/p>\n","protected":false},"excerpt":{"rendered":"<p>1927., \u2020 H\u00f6fingen (N\u00e9meto.), 2008 dec. 27(?), hamvait Stuttgartban a Pragfriedhofban helyezt\u00e9k v\u00e9gs\u0151 nyugalomra: okleveles g\u00e9p\u00e9szm\u00e9rn\u00f6k. Irod.: [Nekrol\u00f3g] (N\u00fa., 2008. dec..)<\/p>\n","protected":false},"featured_media":0,"comment_status":"open","ping_status":"closed","template":"","meta":[],"product_brand":[],"product_cat":[137],"product_tag":[],"class_list":{"0":"post-12584","1":"product","2":"type-product","3":"status-publish","5":"product_cat-maros-megyei-eletrajzi-lexikon","7":"first","8":"instock","9":"shipping-taxable","10":"product-type-simple"},"_links":{"self":[{"href":"https:\/\/uj.adatbank.ro\/lexikon\/wp-json\/wp\/v2\/product\/12584","targetHints":{"allow":["GET"]}}],"collection":[{"href":"https:\/\/uj.adatbank.ro\/lexikon\/wp-json\/wp\/v2\/product"}],"about":[{"href":"https:\/\/uj.adatbank.ro\/lexikon\/wp-json\/wp\/v2\/types\/product"}],"replies":[{"embeddable":true,"href":"https:\/\/uj.adatbank.ro\/lexikon\/wp-json\/wp\/v2\/comments?post=12584"}],"wp:attachment":[{"href":"https:\/\/uj.adatbank.ro\/lexikon\/wp-json\/wp\/v2\/media?parent=12584"}],"wp:term":[{"taxonomy":"product_brand","embeddable":true,"href":"https:\/\/uj.adatbank.ro\/lexikon\/wp-json\/wp\/v2\/product_brand?post=12584"},{"taxonomy":"product_cat","embeddable":true,"href":"https:\/\/uj.adatbank.ro\/lexikon\/wp-json\/wp\/v2\/product_cat?post=12584"},{"taxonomy":"product_tag","embeddable":true,"href":"https:\/\/uj.adatbank.ro\/lexikon\/wp-json\/wp\/v2\/product_tag?post=12584"}],"curies":[{"name":"wp","href":"https:\/\/api.w.org\/{rel}","templated":true}]}}