{"id":12587,"date":"2025-06-29T14:32:10","date_gmt":"2025-06-29T12:32:10","guid":{"rendered":"https:\/\/uj.adatbank.ro\/lexikon\/termek\/korch-marton\/"},"modified":"2025-06-29T14:32:10","modified_gmt":"2025-06-29T12:32:10","slug":"korch-marton","status":"publish","type":"product","link":"https:\/\/uj.adatbank.ro\/lexikon\/termek\/korch-marton\/","title":{"rendered":"KORCH M\u00e1rton"},"content":{"rendered":"<p>Mv., 1900, \u2020 ? : tisztvisel\u0151, sportakt\u00edvista. \u2013 Mv.-en a v\u00e1rosi k\u00f6z\u00fczemek p\u00e9nz\u00e1tosa. R\u00e9szt vett az I. vh.-ban (1918. dec. \u2013 1919. j\u00fan.). Sportp\u00e1lyafut\u00e1s\u00e1t a labdar\u00fag\u00e1sban \u00e9s j\u00e9gkorongban kezdte (1919) a MTE keret\u00e9ben. J\u00e1t\u00e9kvezet\u0151i vizsg\u00e1t tett (1931), a sz\u00e9kelyf\u00f6ldi j\u00e1t\u00e9kvezet\u0151 kirendelts\u00e9g vezet\u0151je lett; a MSE labdar\u00fag\u00f3 szakoszt\u00e1ly\u00e1nak valamint a labdar\u00fag\u00f3 ker\u00fclet f\u0151titk\u00e1ra. T\u00f6bb mint hat \u00e9vtizeden \u00e1t tev\u00e9kenykedett a min\u0151s\u00e9gi \u00e9s a t\u00f6megsportban. Akt\u00edv sportol\u00f3, A div\u00edzi\u00f3s j\u00e1t\u00e9kvezet\u0151, sportakt\u00edvista \u00e9s \u00f6nk\u00e9ntes akt\u00edvista. \u00c9rdemei elismer\u00e9sek\u00e9nt az Orsz\u00e1gos Testnevel\u00e9si \u00e9s Sporttan\u00e1cs \u00e9rdem\u00e9remmel \u00e9s \u00e9rdemdiplom\u00e1val t\u00fcntette ki (1980). <br \/><strong>Irod.:<\/strong> Erd\u00e9lyi ezredek; Pluh\u00e1r; 80 eszetend\u0151s sport-akt\u00edvista (V. Z., 1980. nov. 11.)<\/br><\/p>\n","protected":false},"excerpt":{"rendered":"<p>Mv., 1900, \u2020 ? : tisztvisel\u0151, sportakt\u00edvista. \u2013 Mv.-en a v\u00e1rosi k\u00f6z\u00fczemek p\u00e9nz\u00e1tosa. R\u00e9szt vett az I. vh.-ban (1918. dec. \u2013 1919. j\u00fan.). Sportp\u00e1lyafut\u00e1s\u00e1t a labdar\u00fag\u00e1sban \u00e9s j\u00e9gkorongban kezdte (1919) a MTE keret\u00e9ben. J\u00e1t\u00e9kvezet\u0151i vizsg\u00e1t tett (1931), a sz\u00e9kelyf\u00f6ldi j\u00e1t\u00e9kvezet\u0151 kirendelts\u00e9g vezet\u0151je lett; a MSE labdar\u00fag\u00f3 szakoszt\u00e1ly\u00e1nak valamint a labdar\u00fag\u00f3 ker\u00fclet f\u0151titk\u00e1ra. T\u00f6bb mint hat [&hellip;]<\/p>\n","protected":false},"featured_media":0,"comment_status":"open","ping_status":"closed","template":"","meta":[],"product_brand":[],"product_cat":[137],"product_tag":[],"class_list":{"0":"post-12587","1":"product","2":"type-product","3":"status-publish","5":"product_cat-maros-megyei-eletrajzi-lexikon","7":"first","8":"instock","9":"shipping-taxable","10":"product-type-simple"},"_links":{"self":[{"href":"https:\/\/uj.adatbank.ro\/lexikon\/wp-json\/wp\/v2\/product\/12587","targetHints":{"allow":["GET"]}}],"collection":[{"href":"https:\/\/uj.adatbank.ro\/lexikon\/wp-json\/wp\/v2\/product"}],"about":[{"href":"https:\/\/uj.adatbank.ro\/lexikon\/wp-json\/wp\/v2\/types\/product"}],"replies":[{"embeddable":true,"href":"https:\/\/uj.adatbank.ro\/lexikon\/wp-json\/wp\/v2\/comments?post=12587"}],"wp:attachment":[{"href":"https:\/\/uj.adatbank.ro\/lexikon\/wp-json\/wp\/v2\/media?parent=12587"}],"wp:term":[{"taxonomy":"product_brand","embeddable":true,"href":"https:\/\/uj.adatbank.ro\/lexikon\/wp-json\/wp\/v2\/product_brand?post=12587"},{"taxonomy":"product_cat","embeddable":true,"href":"https:\/\/uj.adatbank.ro\/lexikon\/wp-json\/wp\/v2\/product_cat?post=12587"},{"taxonomy":"product_tag","embeddable":true,"href":"https:\/\/uj.adatbank.ro\/lexikon\/wp-json\/wp\/v2\/product_tag?post=12587"}],"curies":[{"name":"wp","href":"https:\/\/api.w.org\/{rel}","templated":true}]}}