{"id":12588,"date":"2025-06-29T14:32:12","date_gmt":"2025-06-29T12:32:12","guid":{"rendered":"https:\/\/uj.adatbank.ro\/lexikon\/termek\/korcseff-nedelka-korcsev-nedelko-gorcsev-nedelku\/"},"modified":"2025-06-29T14:32:12","modified_gmt":"2025-06-29T12:32:12","slug":"korcseff-nedelka-korcsev-nedelko-gorcsev-nedelku","status":"publish","type":"product","link":"https:\/\/uj.adatbank.ro\/lexikon\/termek\/korcseff-nedelka-korcsev-nedelko-gorcsev-nedelku\/","title":{"rendered":"KORCSEFF Nedelka; Korcsev Nedelko Gorcsev Nedelk\u00fc"},"content":{"rendered":"<p>Bulg\u00e1ria, Tarnov\u00f3, 1908., \u2020 1989.: bolg\u00e1r kert\u00e9sz Mv.-en. \u2013 Feles\u00e9g: Korcsev M\u00e1ria (1916\u20131991). \u2013 Bulg\u00e1ri\u00e1ban tanulta a kert\u00e9szetet, Mv. -re ker\u00fclt (1929). A legjobb min\u0151s\u00e9g\u0171 sp\u00e1rg\u00e1t tudta megtermelni. \u00c9s j\u00f3 min\u0151s\u00e9g\u0171 vet\u0151magot \u00e1ll\u00edtottak el\u0151. Term\u00e9nyeit a mv.-i \u00e9s k\u00f6rny\u00e9ki piacokon \u00e1r\u00fas\u00edtotta. <br \/><strong>Irod.:<\/strong> Kem\u00e9ny Zsuzsa: Bolg\u00e1r kert\u00e9szek Mv.-en (\u00daj \u00c9let, 1979); Nagy Zsolt: M\u0171kert\u00e9szek, kert\u00e9sz-v\u00e1llalkoz\u00f3k a 19\u201320. sz\u00e1zadi Mv.-en. = Maros megyei t\u00f6rt. 5.; Sz\u00e9kelyf\u00f6ld \u00ed. k.<\/br><\/p>\n","protected":false},"excerpt":{"rendered":"<p>Bulg\u00e1ria, Tarnov\u00f3, 1908., \u2020 1989.: bolg\u00e1r kert\u00e9sz Mv.-en. \u2013 Feles\u00e9g: Korcsev M\u00e1ria (1916\u20131991). \u2013 Bulg\u00e1ri\u00e1ban tanulta a kert\u00e9szetet, Mv. -re ker\u00fclt (1929). A legjobb min\u0151s\u00e9g\u0171 sp\u00e1rg\u00e1t tudta megtermelni. \u00c9s j\u00f3 min\u0151s\u00e9g\u0171 vet\u0151magot \u00e1ll\u00edtottak el\u0151. Term\u00e9nyeit a mv.-i \u00e9s k\u00f6rny\u00e9ki piacokon \u00e1r\u00fas\u00edtotta. Irod.: Kem\u00e9ny Zsuzsa: Bolg\u00e1r kert\u00e9szek Mv.-en (\u00daj \u00c9let, 1979); Nagy Zsolt: M\u0171kert\u00e9szek, kert\u00e9sz-v\u00e1llalkoz\u00f3k a [&hellip;]<\/p>\n","protected":false},"featured_media":0,"comment_status":"open","ping_status":"closed","template":"","meta":[],"product_brand":[],"product_cat":[137],"product_tag":[],"class_list":{"0":"post-12588","1":"product","2":"type-product","3":"status-publish","5":"product_cat-maros-megyei-eletrajzi-lexikon","7":"first","8":"instock","9":"shipping-taxable","10":"product-type-simple"},"_links":{"self":[{"href":"https:\/\/uj.adatbank.ro\/lexikon\/wp-json\/wp\/v2\/product\/12588","targetHints":{"allow":["GET"]}}],"collection":[{"href":"https:\/\/uj.adatbank.ro\/lexikon\/wp-json\/wp\/v2\/product"}],"about":[{"href":"https:\/\/uj.adatbank.ro\/lexikon\/wp-json\/wp\/v2\/types\/product"}],"replies":[{"embeddable":true,"href":"https:\/\/uj.adatbank.ro\/lexikon\/wp-json\/wp\/v2\/comments?post=12588"}],"wp:attachment":[{"href":"https:\/\/uj.adatbank.ro\/lexikon\/wp-json\/wp\/v2\/media?parent=12588"}],"wp:term":[{"taxonomy":"product_brand","embeddable":true,"href":"https:\/\/uj.adatbank.ro\/lexikon\/wp-json\/wp\/v2\/product_brand?post=12588"},{"taxonomy":"product_cat","embeddable":true,"href":"https:\/\/uj.adatbank.ro\/lexikon\/wp-json\/wp\/v2\/product_cat?post=12588"},{"taxonomy":"product_tag","embeddable":true,"href":"https:\/\/uj.adatbank.ro\/lexikon\/wp-json\/wp\/v2\/product_tag?post=12588"}],"curies":[{"name":"wp","href":"https:\/\/api.w.org\/{rel}","templated":true}]}}