{"id":12590,"date":"2025-06-29T14:32:16","date_gmt":"2025-06-29T12:32:16","guid":{"rendered":"https:\/\/uj.adatbank.ro\/lexikon\/termek\/korda-anna-borosjenoi-gr-toldalagi-laszlone\/"},"modified":"2025-06-29T14:32:16","modified_gmt":"2025-06-29T12:32:16","slug":"korda-anna-borosjenoi-gr-toldalagi-laszlone","status":"publish","type":"product","link":"https:\/\/uj.adatbank.ro\/lexikon\/termek\/korda-anna-borosjenoi-gr-toldalagi-laszlone\/","title":{"rendered":"KORDA Anna, borosjen\u0151i gr., Toldalagi L\u00e1szl\u00f3n\u00e9"},"content":{"rendered":"<p>1748 k. \u2020 1820: birtokos. \u2013 K. Gy\u00f6rgy (\u2020 1786)\u00e9s sz\u00e9ki Teleki Zsuzs\u00e1nna (1730) le\u00e1nya. F\u00e9rje 1. B\u00e1nffy Elek (1755\u20131824) elv\u00e1lt (1895), 2. Toldalaghy L\u00e1szl\u00f3 (1748\u20131806), (esk. 1786). \u0150k \u00e9p\u00edtett\u00e9k a kv.-i Toldalaghy-Korda palot\u00e1t. A csal\u00e1d t\u00e1mogat\u00e1s\u00e1val \u00e9p\u00fclt a koronkai ref. templom (1802), amelynek sz\u00fcrke m\u00e1rv\u00e1ny sz\u00f3sz\u00e9ket adom\u00e1nyozott (1806). Ny\u00e1r\u00e1dszentbenedeken is volt kast\u00e9lyuk \u00e9s birtokuk. T\u00e1mogatta Salamon J\u00f3zsef ref lelk\u00e9szt, aki vas\u00e1rnapi papja volt, valamint a fiatal Bodolai S\u00e1muel koll.-i tan\u00e1rt. H\u00e1za volt Mv.-en a piact\u00e9r keleti oldal\u00e1n (1814, ekkor m\u00e1r \u00f6zvegy volt), amelyet Houchard J\u00f3zsef b\u00e9relt. A Kir T\u00e1bla meg akarta venni h\u00e1z\u00e1t sz\u00e9kh\u00e1znak de \u0151 elutas\u00edtotta azzal hogy beteg \u00e9s koronkai tart\u00f3zkod\u00e1sa idej\u00e9n gyakran van sz\u00fcks\u00e9ge a mv.-i orvosokra \u00e9s patik\u00e1kra. T\u00e1mogatta a mez\u0151bodoni ref. egyh\u00e1zk\u00f6zs\u00e9get, a templomnak kerersztel\u0151 \u00f3nkann\u00e1t (1813) \u00e9s meisseni porcel\u00e1n t\u00e1ny\u00e9rt aj\u00e1nd\u00e9kozott. <br \/><strong>Irod.:<\/strong> B\u00edr\u00f3 J\u00f3zsef 2008; Gudenus; Koncz; K\u00fck\u00fcll\u0151i Ref. Egyh\u00e1zm. 4.; Kelemen Lajos 1982; Nagy Iv\u00e1n; MNZS; Ny\u00e1r\u00e1dszentbenedek; Orb\u00e1n J\u00e1nos: A Kir\u00e1lyi T\u00e1bla els\u0151 k\u00e9t mv.-i sz\u00e9kh\u00e1za =  St\u00edlusok, m\u0171vek, mesterek; P\u00e1lmay; Sepsisz\u00e9ki<\/br><\/p>\n","protected":false},"excerpt":{"rendered":"<p>1748 k. \u2020 1820: birtokos. \u2013 K. Gy\u00f6rgy (\u2020 1786)\u00e9s sz\u00e9ki Teleki Zsuzs\u00e1nna (1730) le\u00e1nya. F\u00e9rje 1. B\u00e1nffy Elek (1755\u20131824) elv\u00e1lt (1895), 2. Toldalaghy L\u00e1szl\u00f3 (1748\u20131806), (esk. 1786). \u0150k \u00e9p\u00edtett\u00e9k a kv.-i Toldalaghy-Korda palot\u00e1t. A csal\u00e1d t\u00e1mogat\u00e1s\u00e1val \u00e9p\u00fclt a koronkai ref. templom (1802), amelynek sz\u00fcrke m\u00e1rv\u00e1ny sz\u00f3sz\u00e9ket adom\u00e1nyozott (1806). Ny\u00e1r\u00e1dszentbenedeken is volt kast\u00e9lyuk \u00e9s birtokuk. [&hellip;]<\/p>\n","protected":false},"featured_media":0,"comment_status":"open","ping_status":"closed","template":"","meta":[],"product_brand":[],"product_cat":[137],"product_tag":[],"class_list":{"0":"post-12590","1":"product","2":"type-product","3":"status-publish","5":"product_cat-maros-megyei-eletrajzi-lexikon","7":"first","8":"instock","9":"shipping-taxable","10":"product-type-simple"},"_links":{"self":[{"href":"https:\/\/uj.adatbank.ro\/lexikon\/wp-json\/wp\/v2\/product\/12590","targetHints":{"allow":["GET"]}}],"collection":[{"href":"https:\/\/uj.adatbank.ro\/lexikon\/wp-json\/wp\/v2\/product"}],"about":[{"href":"https:\/\/uj.adatbank.ro\/lexikon\/wp-json\/wp\/v2\/types\/product"}],"replies":[{"embeddable":true,"href":"https:\/\/uj.adatbank.ro\/lexikon\/wp-json\/wp\/v2\/comments?post=12590"}],"wp:attachment":[{"href":"https:\/\/uj.adatbank.ro\/lexikon\/wp-json\/wp\/v2\/media?parent=12590"}],"wp:term":[{"taxonomy":"product_brand","embeddable":true,"href":"https:\/\/uj.adatbank.ro\/lexikon\/wp-json\/wp\/v2\/product_brand?post=12590"},{"taxonomy":"product_cat","embeddable":true,"href":"https:\/\/uj.adatbank.ro\/lexikon\/wp-json\/wp\/v2\/product_cat?post=12590"},{"taxonomy":"product_tag","embeddable":true,"href":"https:\/\/uj.adatbank.ro\/lexikon\/wp-json\/wp\/v2\/product_tag?post=12590"}],"curies":[{"name":"wp","href":"https:\/\/api.w.org\/{rel}","templated":true}]}}