{"id":12591,"date":"2025-06-29T14:32:18","date_gmt":"2025-06-29T12:32:18","guid":{"rendered":"https:\/\/uj.adatbank.ro\/lexikon\/termek\/korda-gyorgy-borosjenoi-br-gr\/"},"modified":"2025-06-29T14:32:18","modified_gmt":"2025-06-29T12:32:18","slug":"korda-gyorgy-borosjenoi-br-gr","status":"publish","type":"product","link":"https:\/\/uj.adatbank.ro\/lexikon\/termek\/korda-gyorgy-borosjenoi-br-gr\/","title":{"rendered":"KORDA Gy\u00f6rgy, borosjen\u0151i br., gr."},"content":{"rendered":"<p>1721.? \u2020 B\u00e9cs, 1786. jan. 12. Mez\u0151banyic\u00e1n a Turnu cs\u00facson temett\u00e9k: f\u0151isp\u00e1n. \u2013 K. L\u00e1szl\u00f3 (\u2020 1731) \u00e9s L\u00e1z\u00e1r Anna (\u2020 1735. j\u00fal.) fia. Feles\u00e9ge: sz\u00e9ki Teleki Zsuzs\u00e1nna (1730-?). Gyermekeik: \u00c1d\u00e1m, akivel a csal\u00e1d gr\u00f3fi \u00e1ga kihalt, a birtokok a le\u00e1ny\u00e1gra sz\u00e1lltak: M\u00e1ria Kem\u00e9ny L\u00e1szl\u00f3n\u00e9, Anna Toldalgi L\u00e1szl\u00f3n\u00e9, Zsuzs\u00e1nna ikt\u00e1ri Bethlen S\u00e1mueln\u00e9 \u00e9s Kata vajai Vay D\u00e1nieln\u00e9, gr\u00f3fi rangot kaptak (1779). \u2013 Tulajdonosa volt \u201eaz eg\u00e9sz sz\u00e1sz banyicai domenium\u201d-nak (Gyulai Ferenc szolgab\u00edr\u00f3 szerint). Kolozs v\u00e1rmegyei f\u0151isp\u00e1n, guberniumi v. t. tan\u00e1csos, f\u0151 vad\u00e1szmester. Mv.-en polg\u00e1ri esk\u00fct tett (1768. dec. 16.), v\u00e1rosi tulajdonnal rendelkezett. A Szent Mikl\u00f3s utca 79 sz alatt. V\u00e9grendelet\u00e9ben 500 forint kamatjait hagyta a ref. f\u0151iskol\u00e1ra. 200 forintot adott a tanul\u00f3ifj\u00fas\u00e1g \u00e9s az iskol\u00e1ban tanul\u00f3 \u00e1rva di\u00e1kok sz\u00e1m\u00e1ra (1781). A Bodoni csal\u00e1d kihal\u00e1sa ut\u00e1n, a birtokukat a Korda csal\u00e1d kapta meg (1725). A Kord\u00e1k jelent\u0151s szerepet v\u00e1llalt a mez\u0151bodoni ill. a mez\u0151banyicai egyh\u00e1zk\u00f6zs\u00e9g t\u00e1mogat\u00e1s\u00e1ban. Testamentum\u00e1ban 318 mft. alap\u00edtv\u00e1ny j\u00f6vedelm\u00e9t hagyta a mez\u0151bodoni egyh\u00e1zk\u00f6zs\u00e9gre. <br \/><strong>Irod.:<\/strong> Id\u0151t\u00e1r 1; K\u00fck\u00fcll\u0151i Ref. Egyh\u00e1zm. 4.; Lev\u00e9lt\u00e1ri gy\u00e1szj\u0151; Orb\u00e1n J\u00e1nos: St\u00edlusok, m\u0171vek (Mv., 2011); Orb\u00e1n J\u00e1nos: T\u00e1blab\u00edr\u00e1k, f\u0151nemesek, pall\u00e9rok \u00e9s h\u00e1zak: V\u00e1rosk\u00e9p \u00e9s t\u00e1rsadalom v\u00e1ltoz\u00e1sai Mv.-en a Kir\u00e1lyi T\u00e1bla bek\u00f6lt\u00f6z\u00e9se ut\u00e1n [1754]  =  K\u00f6nyvek \u00e1ltal \u2026, P\u00e1l-Antal 2009; Pesty 2014; Sas P\u00e9ter<\/br><\/p>\n","protected":false},"excerpt":{"rendered":"<p>1721.? \u2020 B\u00e9cs, 1786. jan. 12. Mez\u0151banyic\u00e1n a Turnu cs\u00facson temett\u00e9k: f\u0151isp\u00e1n. \u2013 K. L\u00e1szl\u00f3 (\u2020 1731) \u00e9s L\u00e1z\u00e1r Anna (\u2020 1735. j\u00fal.) fia. Feles\u00e9ge: sz\u00e9ki Teleki Zsuzs\u00e1nna (1730-?). Gyermekeik: \u00c1d\u00e1m, akivel a csal\u00e1d gr\u00f3fi \u00e1ga kihalt, a birtokok a le\u00e1ny\u00e1gra sz\u00e1lltak: M\u00e1ria Kem\u00e9ny L\u00e1szl\u00f3n\u00e9, Anna Toldalgi L\u00e1szl\u00f3n\u00e9, Zsuzs\u00e1nna ikt\u00e1ri Bethlen S\u00e1mueln\u00e9 \u00e9s Kata vajai [&hellip;]<\/p>\n","protected":false},"featured_media":0,"comment_status":"open","ping_status":"closed","template":"","meta":[],"product_brand":[],"product_cat":[137],"product_tag":[],"class_list":{"0":"post-12591","1":"product","2":"type-product","3":"status-publish","5":"product_cat-maros-megyei-eletrajzi-lexikon","7":"first","8":"instock","9":"shipping-taxable","10":"product-type-simple"},"_links":{"self":[{"href":"https:\/\/uj.adatbank.ro\/lexikon\/wp-json\/wp\/v2\/product\/12591","targetHints":{"allow":["GET"]}}],"collection":[{"href":"https:\/\/uj.adatbank.ro\/lexikon\/wp-json\/wp\/v2\/product"}],"about":[{"href":"https:\/\/uj.adatbank.ro\/lexikon\/wp-json\/wp\/v2\/types\/product"}],"replies":[{"embeddable":true,"href":"https:\/\/uj.adatbank.ro\/lexikon\/wp-json\/wp\/v2\/comments?post=12591"}],"wp:attachment":[{"href":"https:\/\/uj.adatbank.ro\/lexikon\/wp-json\/wp\/v2\/media?parent=12591"}],"wp:term":[{"taxonomy":"product_brand","embeddable":true,"href":"https:\/\/uj.adatbank.ro\/lexikon\/wp-json\/wp\/v2\/product_brand?post=12591"},{"taxonomy":"product_cat","embeddable":true,"href":"https:\/\/uj.adatbank.ro\/lexikon\/wp-json\/wp\/v2\/product_cat?post=12591"},{"taxonomy":"product_tag","embeddable":true,"href":"https:\/\/uj.adatbank.ro\/lexikon\/wp-json\/wp\/v2\/product_tag?post=12591"}],"curies":[{"name":"wp","href":"https:\/\/api.w.org\/{rel}","templated":true}]}}