{"id":12593,"date":"2025-06-29T14:32:22","date_gmt":"2025-06-29T12:32:22","guid":{"rendered":"https:\/\/uj.adatbank.ro\/lexikon\/termek\/korda-zsuzsanna-borosjenoi-gr-iktari-bethlen-samuelne\/"},"modified":"2025-06-29T14:32:22","modified_gmt":"2025-06-29T12:32:22","slug":"korda-zsuzsanna-borosjenoi-gr-iktari-bethlen-samuelne","status":"publish","type":"product","link":"https:\/\/uj.adatbank.ro\/lexikon\/termek\/korda-zsuzsanna-borosjenoi-gr-iktari-bethlen-samuelne\/","title":{"rendered":"KORDA Zsuzsanna, borosjen\u0151i gr.; ikt\u00e1ri Bethlen S\u00e1mueln\u00e9"},"content":{"rendered":"<p>1739.? \u2020 Zilah, 1818. j\u00fal. 12.: br, adom\u00e1nyoz\u00f3. \u2013 K. Gy\u00f6rgy (\u20201786) \u00e9s Teleki Zsuzs\u00e1nna le\u00e1nya. F\u00e9rje ikt\u00e1ri gr. Bethlen. S\u00e1muel. (\u2020 1818). Fiaik: S\u00e1muel, Gy\u00f6rgy. \u2013 A Szentgy\u00f6rgyutcai k\u0151h\u00e1z\u00e1t \u00e9s telk\u00e9t felaj\u00e1nlotta hal\u00e1la ut\u00e1n a v\u00e1rosi k\u00f3rh\u00e1z sz\u00e1m\u00e1ra Szotyory J\u00f3zsfenek, amit \u00edr\u00e1sba is adott (1807). K\u00e9s\u0151bb a h\u00e1zat eladta b\u00e1r\u00f3 Szentkereszti S\u00e1muelnek, de az \u00e1r\u00e1b\u00f3l n\u00e9gyezer forintot bank\u00f3ban a fel\u00e1ll\u00edtand\u00f3 gy\u00f3gyint\u00e9zet sz\u00e1m\u00e1ra leadott Antal J\u00e1nosnak \u00e9s K\u00f6teles S\u00e1muelnek. Az els\u0151 adakoz\u00f3 volt a k\u00f3rh\u00e1z sz\u00e1m\u00e1ra. H\u00e9derf\u00e1j\u00e1n volt birtokuk, ott a ref. egyh\u00e1z patr\u00f3nusai voltak, \u00fajj\u00e1\u00e9p\u00edttett\u00e9k a templomot (1778), \u00e9s f\u00f6ldet adom\u00e1nyoztak a cinterem sz\u00e1m\u00e1ra. Harangot \u00f6ntetett a boncidai ref. templom r\u00e9sz\u00e9re (1800), amely ma a mez\u0151banyicai B\u00e1nffy k\u00faria kis torny\u00e1nak kisebbik harangja. A zilahi Ref. Koll. -nak k\u00e9tszer k\u00e9tezer Rh. forintotl \u00e9s iskol\u00e1s k\u00f6nyveket aj\u00e1nd\u00e9kozott. <br \/><strong>Irod.:<\/strong> Fogarasi; H\u00e9derf\u00e1ja \u00e9s egyh\u00e1za; Id\u0151t\u00e1r 1; Kelemen Lajos 1977; K\u00fck\u00fcll\u0151i Ref. Egyh\u00e1zm. 4.; Lev\u00e9lt\u00e1ri gy\u00e1szj.; Mv.-i Pl\u00e9b\u00e1nia; P\u00e1l-Antal 2009; Szotyori<\/br><\/p>\n","protected":false},"excerpt":{"rendered":"<p>1739.? \u2020 Zilah, 1818. j\u00fal. 12.: br, adom\u00e1nyoz\u00f3. \u2013 K. Gy\u00f6rgy (\u20201786) \u00e9s Teleki Zsuzs\u00e1nna le\u00e1nya. F\u00e9rje ikt\u00e1ri gr. Bethlen. S\u00e1muel. (\u2020 1818). Fiaik: S\u00e1muel, Gy\u00f6rgy. \u2013 A Szentgy\u00f6rgyutcai k\u0151h\u00e1z\u00e1t \u00e9s telk\u00e9t felaj\u00e1nlotta hal\u00e1la ut\u00e1n a v\u00e1rosi k\u00f3rh\u00e1z sz\u00e1m\u00e1ra Szotyory J\u00f3zsfenek, amit \u00edr\u00e1sba is adott (1807). K\u00e9s\u0151bb a h\u00e1zat eladta b\u00e1r\u00f3 Szentkereszti S\u00e1muelnek, de az [&hellip;]<\/p>\n","protected":false},"featured_media":0,"comment_status":"open","ping_status":"closed","template":"","meta":[],"product_brand":[],"product_cat":[137],"product_tag":[],"class_list":{"0":"post-12593","1":"product","2":"type-product","3":"status-publish","5":"product_cat-maros-megyei-eletrajzi-lexikon","7":"first","8":"instock","9":"shipping-taxable","10":"product-type-simple"},"_links":{"self":[{"href":"https:\/\/uj.adatbank.ro\/lexikon\/wp-json\/wp\/v2\/product\/12593","targetHints":{"allow":["GET"]}}],"collection":[{"href":"https:\/\/uj.adatbank.ro\/lexikon\/wp-json\/wp\/v2\/product"}],"about":[{"href":"https:\/\/uj.adatbank.ro\/lexikon\/wp-json\/wp\/v2\/types\/product"}],"replies":[{"embeddable":true,"href":"https:\/\/uj.adatbank.ro\/lexikon\/wp-json\/wp\/v2\/comments?post=12593"}],"wp:attachment":[{"href":"https:\/\/uj.adatbank.ro\/lexikon\/wp-json\/wp\/v2\/media?parent=12593"}],"wp:term":[{"taxonomy":"product_brand","embeddable":true,"href":"https:\/\/uj.adatbank.ro\/lexikon\/wp-json\/wp\/v2\/product_brand?post=12593"},{"taxonomy":"product_cat","embeddable":true,"href":"https:\/\/uj.adatbank.ro\/lexikon\/wp-json\/wp\/v2\/product_cat?post=12593"},{"taxonomy":"product_tag","embeddable":true,"href":"https:\/\/uj.adatbank.ro\/lexikon\/wp-json\/wp\/v2\/product_tag?post=12593"}],"curies":[{"name":"wp","href":"https:\/\/api.w.org\/{rel}","templated":true}]}}