{"id":12594,"date":"2025-06-29T14:32:23","date_gmt":"2025-06-29T12:32:23","guid":{"rendered":"https:\/\/uj.adatbank.ro\/lexikon\/termek\/kore-otto\/"},"modified":"2025-06-29T14:32:23","modified_gmt":"2025-06-29T12:32:23","slug":"kore-otto","status":"publish","type":"product","link":"https:\/\/uj.adatbank.ro\/lexikon\/termek\/kore-otto\/","title":{"rendered":"KOR\u00c9 Ott\u00f3"},"content":{"rendered":"<p>? \u2020 ?: ferencrendi szerzetes, mv.-i h\u00e1zf\u0151n\u00f6k. \u2013 H\u00e1zf\u0151n\u00f6k volt a mv.-i Ferencrendiek temploma \u00e9s kolostor\u00e1ban, az \u0151 idej\u00e9ben a h\u00edvek \u00e1ldozatk\u00e9szs\u00e9g\u00e9b\u0151l a templom utcafel\u0151li hat ablak\u00e1ra m\u0171v\u00e9szi \u00fcvegfestm\u00e9nyt helyeztek (1899). <br \/><strong>Irod.:<\/strong> Kr\u00f3n F\u00fcz. (1936. 17\/18)<\/br><\/p>\n","protected":false},"excerpt":{"rendered":"<p>? \u2020 ?: ferencrendi szerzetes, mv.-i h\u00e1zf\u0151n\u00f6k. \u2013 H\u00e1zf\u0151n\u00f6k volt a mv.-i Ferencrendiek temploma \u00e9s kolostor\u00e1ban, az \u0151 idej\u00e9ben a h\u00edvek \u00e1ldozatk\u00e9szs\u00e9g\u00e9b\u0151l a templom utcafel\u0151li hat ablak\u00e1ra m\u0171v\u00e9szi \u00fcvegfestm\u00e9nyt helyeztek (1899). Irod.: Kr\u00f3n F\u00fcz. (1936. 17\/18)<\/p>\n","protected":false},"featured_media":0,"comment_status":"open","ping_status":"closed","template":"","meta":[],"product_brand":[],"product_cat":[137],"product_tag":[],"class_list":{"0":"post-12594","1":"product","2":"type-product","3":"status-publish","5":"product_cat-maros-megyei-eletrajzi-lexikon","7":"first","8":"instock","9":"shipping-taxable","10":"product-type-simple"},"_links":{"self":[{"href":"https:\/\/uj.adatbank.ro\/lexikon\/wp-json\/wp\/v2\/product\/12594","targetHints":{"allow":["GET"]}}],"collection":[{"href":"https:\/\/uj.adatbank.ro\/lexikon\/wp-json\/wp\/v2\/product"}],"about":[{"href":"https:\/\/uj.adatbank.ro\/lexikon\/wp-json\/wp\/v2\/types\/product"}],"replies":[{"embeddable":true,"href":"https:\/\/uj.adatbank.ro\/lexikon\/wp-json\/wp\/v2\/comments?post=12594"}],"wp:attachment":[{"href":"https:\/\/uj.adatbank.ro\/lexikon\/wp-json\/wp\/v2\/media?parent=12594"}],"wp:term":[{"taxonomy":"product_brand","embeddable":true,"href":"https:\/\/uj.adatbank.ro\/lexikon\/wp-json\/wp\/v2\/product_brand?post=12594"},{"taxonomy":"product_cat","embeddable":true,"href":"https:\/\/uj.adatbank.ro\/lexikon\/wp-json\/wp\/v2\/product_cat?post=12594"},{"taxonomy":"product_tag","embeddable":true,"href":"https:\/\/uj.adatbank.ro\/lexikon\/wp-json\/wp\/v2\/product_tag?post=12594"}],"curies":[{"name":"wp","href":"https:\/\/api.w.org\/{rel}","templated":true}]}}