{"id":12595,"date":"2025-06-29T14:32:25","date_gmt":"2025-06-29T12:32:25","guid":{"rendered":"https:\/\/uj.adatbank.ro\/lexikon\/termek\/koreh-bela\/"},"modified":"2025-06-29T14:32:25","modified_gmt":"2025-06-29T12:32:25","slug":"koreh-bela","status":"publish","type":"product","link":"https:\/\/uj.adatbank.ro\/lexikon\/termek\/koreh-bela\/","title":{"rendered":"KOR\u00c9H B\u00e9la"},"content":{"rendered":"<p>Feh\u00e9rv\u00edz, 1913. dec. 14., \u2020 Mv., 1996. \u00e1pr. 7., : jog\u00e1sz. \u2013 Feles\u00e9ge: Frink Etelka-M\u00e1ria, jog\u00e1sz. \u00c9retts\u00e9gizett Sepsiszentgy\u00f6rgy\u00f6n a Sz\u00e9kely Mik\u00f3 Koll.-ban (1932); a kv.-i egyetemen jog\u00e1szi diplom\u00e1t szerzett (1938); Bp.-en egys\u00e9ges b\u00edr\u00f3i vizsg\u00e1t tett (1938). Okl\u00e1ndon \u00fcgyv\u00e9djel\u0151lt (1938\u201340); Kv.-on a polg\u00e1rmesteri hivatal fogalmaz\u00f3ja (1940\u201341); b\u00edr\u00f3s\u00e1gi jegyz\u0151, \u00edt\u00e9l\u0151t\u00e1blai tan\u00e1cseln\u00f6k (1941\u201344); Mv.-en \u00fcgyv\u00e9d (1946\u201377), a mv.-i \u00dcgyv\u00e9di Munkak\u00f6z\u00f6ss\u00e9g tan\u00e1csosa (1965\u201377), a mv.-i V\u00e1rtemplomi Egyh\u00e1zk\u00f6zs\u00e9g f\u0151gondnoka, a Marosi Ref. Egyh\u00e1zmegye jogtan\u00e1csosa, a Ref. Egyh\u00e1zker\u00fclet Fegyelmi Biz. Eln\u00f6ke, az Erd\u00e9lyi Ref. Zsinat tagja, az MNSZ (1946\u201348), majd az RMDSZ tagja (1990\u2013). &#8211;<br \/><strong>Irod.:<\/strong> KKACs; [Nekrol\u00f3g] (N\u00fa., 1996. \u00e1pr. 10.)<\/br><\/p>\n","protected":false},"excerpt":{"rendered":"<p>Feh\u00e9rv\u00edz, 1913. dec. 14., \u2020 Mv., 1996. \u00e1pr. 7., : jog\u00e1sz. \u2013 Feles\u00e9ge: Frink Etelka-M\u00e1ria, jog\u00e1sz. \u00c9retts\u00e9gizett Sepsiszentgy\u00f6rgy\u00f6n a Sz\u00e9kely Mik\u00f3 Koll.-ban (1932); a kv.-i egyetemen jog\u00e1szi diplom\u00e1t szerzett (1938); Bp.-en egys\u00e9ges b\u00edr\u00f3i vizsg\u00e1t tett (1938). Okl\u00e1ndon \u00fcgyv\u00e9djel\u0151lt (1938\u201340); Kv.-on a polg\u00e1rmesteri hivatal fogalmaz\u00f3ja (1940\u201341); b\u00edr\u00f3s\u00e1gi jegyz\u0151, \u00edt\u00e9l\u0151t\u00e1blai tan\u00e1cseln\u00f6k (1941\u201344); Mv.-en \u00fcgyv\u00e9d (1946\u201377), a mv.-i [&hellip;]<\/p>\n","protected":false},"featured_media":0,"comment_status":"open","ping_status":"closed","template":"","meta":[],"product_brand":[],"product_cat":[137],"product_tag":[],"class_list":{"0":"post-12595","1":"product","2":"type-product","3":"status-publish","5":"product_cat-maros-megyei-eletrajzi-lexikon","7":"first","8":"instock","9":"shipping-taxable","10":"product-type-simple"},"_links":{"self":[{"href":"https:\/\/uj.adatbank.ro\/lexikon\/wp-json\/wp\/v2\/product\/12595","targetHints":{"allow":["GET"]}}],"collection":[{"href":"https:\/\/uj.adatbank.ro\/lexikon\/wp-json\/wp\/v2\/product"}],"about":[{"href":"https:\/\/uj.adatbank.ro\/lexikon\/wp-json\/wp\/v2\/types\/product"}],"replies":[{"embeddable":true,"href":"https:\/\/uj.adatbank.ro\/lexikon\/wp-json\/wp\/v2\/comments?post=12595"}],"wp:attachment":[{"href":"https:\/\/uj.adatbank.ro\/lexikon\/wp-json\/wp\/v2\/media?parent=12595"}],"wp:term":[{"taxonomy":"product_brand","embeddable":true,"href":"https:\/\/uj.adatbank.ro\/lexikon\/wp-json\/wp\/v2\/product_brand?post=12595"},{"taxonomy":"product_cat","embeddable":true,"href":"https:\/\/uj.adatbank.ro\/lexikon\/wp-json\/wp\/v2\/product_cat?post=12595"},{"taxonomy":"product_tag","embeddable":true,"href":"https:\/\/uj.adatbank.ro\/lexikon\/wp-json\/wp\/v2\/product_tag?post=12595"}],"curies":[{"name":"wp","href":"https:\/\/api.w.org\/{rel}","templated":true}]}}