{"id":12596,"date":"2025-06-29T14:32:29","date_gmt":"2025-06-29T12:32:29","guid":{"rendered":"https:\/\/uj.adatbank.ro\/lexikon\/termek\/koreh-bela-2\/"},"modified":"2025-06-29T14:32:29","modified_gmt":"2025-06-29T12:32:29","slug":"koreh-bela-2","status":"publish","type":"product","link":"https:\/\/uj.adatbank.ro\/lexikon\/termek\/koreh-bela-2\/","title":{"rendered":"K\u00d3R\u00c9H B\u00e9la"},"content":{"rendered":"<p>? \u2020 Mv., 2010. aug. 17.: ?. \u2013 Feles\u00e9ge: Frink Etelka-M\u00e1ria (Mv., 2003. nov. 4.), jogtan\u00e1csos. \u2013 A Bolyai L\u00edc-ban \u00e9retts\u00e9gizett (1960). <br \/><strong>Irod.:<\/strong> Nekrol\u00f3g, (N\u00fa., 2010. aug. 19.)<\/br><\/p>\n","protected":false},"excerpt":{"rendered":"<p>? \u2020 Mv., 2010. aug. 17.: ?. \u2013 Feles\u00e9ge: Frink Etelka-M\u00e1ria (Mv., 2003. nov. 4.), jogtan\u00e1csos. \u2013 A Bolyai L\u00edc-ban \u00e9retts\u00e9gizett (1960). Irod.: Nekrol\u00f3g, (N\u00fa., 2010. aug. 19.)<\/p>\n","protected":false},"featured_media":0,"comment_status":"open","ping_status":"closed","template":"","meta":[],"product_brand":[],"product_cat":[137],"product_tag":[],"class_list":{"0":"post-12596","1":"product","2":"type-product","3":"status-publish","5":"product_cat-maros-megyei-eletrajzi-lexikon","7":"first","8":"instock","9":"shipping-taxable","10":"product-type-simple"},"_links":{"self":[{"href":"https:\/\/uj.adatbank.ro\/lexikon\/wp-json\/wp\/v2\/product\/12596","targetHints":{"allow":["GET"]}}],"collection":[{"href":"https:\/\/uj.adatbank.ro\/lexikon\/wp-json\/wp\/v2\/product"}],"about":[{"href":"https:\/\/uj.adatbank.ro\/lexikon\/wp-json\/wp\/v2\/types\/product"}],"replies":[{"embeddable":true,"href":"https:\/\/uj.adatbank.ro\/lexikon\/wp-json\/wp\/v2\/comments?post=12596"}],"wp:attachment":[{"href":"https:\/\/uj.adatbank.ro\/lexikon\/wp-json\/wp\/v2\/media?parent=12596"}],"wp:term":[{"taxonomy":"product_brand","embeddable":true,"href":"https:\/\/uj.adatbank.ro\/lexikon\/wp-json\/wp\/v2\/product_brand?post=12596"},{"taxonomy":"product_cat","embeddable":true,"href":"https:\/\/uj.adatbank.ro\/lexikon\/wp-json\/wp\/v2\/product_cat?post=12596"},{"taxonomy":"product_tag","embeddable":true,"href":"https:\/\/uj.adatbank.ro\/lexikon\/wp-json\/wp\/v2\/product_tag?post=12596"}],"curies":[{"name":"wp","href":"https:\/\/api.w.org\/{rel}","templated":true}]}}