{"id":12600,"date":"2025-06-29T14:32:39","date_gmt":"2025-06-29T12:32:39","guid":{"rendered":"https:\/\/uj.adatbank.ro\/lexikon\/termek\/korispataki-mihaly\/"},"modified":"2025-06-29T14:32:39","modified_gmt":"2025-06-29T12:32:39","slug":"korispataki-mihaly","status":"publish","type":"product","link":"https:\/\/uj.adatbank.ro\/lexikon\/termek\/korispataki-mihaly\/","title":{"rendered":"K\u0150RISPATAKI Mih\u00e1ly"},"content":{"rendered":"<p>? \u2020 ? : unit. pap. \u2013 Szenth\u00e1roms\u00e1gon pap \u00e9s tan\u00edt\u00f3 (1764\u20131780). <br \/><strong>Irod.:<\/strong> Szenth\u00e1roms\u00e1g<\/br><\/p>\n","protected":false},"excerpt":{"rendered":"<p>? \u2020 ? : unit. pap. \u2013 Szenth\u00e1roms\u00e1gon pap \u00e9s tan\u00edt\u00f3 (1764\u20131780). Irod.: Szenth\u00e1roms\u00e1g<\/p>\n","protected":false},"featured_media":0,"comment_status":"open","ping_status":"closed","template":"","meta":[],"product_brand":[],"product_cat":[137],"product_tag":[],"class_list":{"0":"post-12600","1":"product","2":"type-product","3":"status-publish","5":"product_cat-maros-megyei-eletrajzi-lexikon","7":"first","8":"instock","9":"shipping-taxable","10":"product-type-simple"},"_links":{"self":[{"href":"https:\/\/uj.adatbank.ro\/lexikon\/wp-json\/wp\/v2\/product\/12600","targetHints":{"allow":["GET"]}}],"collection":[{"href":"https:\/\/uj.adatbank.ro\/lexikon\/wp-json\/wp\/v2\/product"}],"about":[{"href":"https:\/\/uj.adatbank.ro\/lexikon\/wp-json\/wp\/v2\/types\/product"}],"replies":[{"embeddable":true,"href":"https:\/\/uj.adatbank.ro\/lexikon\/wp-json\/wp\/v2\/comments?post=12600"}],"wp:attachment":[{"href":"https:\/\/uj.adatbank.ro\/lexikon\/wp-json\/wp\/v2\/media?parent=12600"}],"wp:term":[{"taxonomy":"product_brand","embeddable":true,"href":"https:\/\/uj.adatbank.ro\/lexikon\/wp-json\/wp\/v2\/product_brand?post=12600"},{"taxonomy":"product_cat","embeddable":true,"href":"https:\/\/uj.adatbank.ro\/lexikon\/wp-json\/wp\/v2\/product_cat?post=12600"},{"taxonomy":"product_tag","embeddable":true,"href":"https:\/\/uj.adatbank.ro\/lexikon\/wp-json\/wp\/v2\/product_tag?post=12600"}],"curies":[{"name":"wp","href":"https:\/\/api.w.org\/{rel}","templated":true}]}}