{"id":12603,"date":"2025-06-29T14:32:46","date_gmt":"2025-06-29T12:32:46","guid":{"rendered":"https:\/\/uj.adatbank.ro\/lexikon\/termek\/kormendi-gyorgy-kormondi-gyorgy\/"},"modified":"2025-06-29T14:32:46","modified_gmt":"2025-06-29T12:32:46","slug":"kormendi-gyorgy-kormondi-gyorgy","status":"publish","type":"product","link":"https:\/\/uj.adatbank.ro\/lexikon\/termek\/kormendi-gyorgy-kormondi-gyorgy\/","title":{"rendered":"K\u00d6RMENDI Gy\u00f6rgy, K\u00f6rm\u00f6ndi Gy\u00f6rgy"},"content":{"rendered":"<p>? \u2020 ? : ref. lelk\u00e9sz. \u2013 Feles\u00e9ge N\u00e1n\u00e1si Zsuzsa. \u2013 Franekerben peregrin\u00e1lt (1715\u201316). Rektor volt Sz\u00e9kelyudvarhelyen (1720\u201323). Lelk\u00e9sz V\u00edzakn\u00e1n(1723\u201334-?), Marosbog\u00e1ton (1740\u201351). <br \/><strong>Irod.:<\/strong> K\u00fck\u00fcll\u0151i Ref. Egyh\u00e1zm. 3.<\/br><\/p>\n","protected":false},"excerpt":{"rendered":"<p>? \u2020 ? : ref. lelk\u00e9sz. \u2013 Feles\u00e9ge N\u00e1n\u00e1si Zsuzsa. \u2013 Franekerben peregrin\u00e1lt (1715\u201316). Rektor volt Sz\u00e9kelyudvarhelyen (1720\u201323). Lelk\u00e9sz V\u00edzakn\u00e1n(1723\u201334-?), Marosbog\u00e1ton (1740\u201351). Irod.: K\u00fck\u00fcll\u0151i Ref. Egyh\u00e1zm. 3.<\/p>\n","protected":false},"featured_media":0,"comment_status":"open","ping_status":"closed","template":"","meta":[],"product_brand":[],"product_cat":[137],"product_tag":[],"class_list":{"0":"post-12603","1":"product","2":"type-product","3":"status-publish","5":"product_cat-maros-megyei-eletrajzi-lexikon","7":"first","8":"instock","9":"shipping-taxable","10":"product-type-simple"},"_links":{"self":[{"href":"https:\/\/uj.adatbank.ro\/lexikon\/wp-json\/wp\/v2\/product\/12603","targetHints":{"allow":["GET"]}}],"collection":[{"href":"https:\/\/uj.adatbank.ro\/lexikon\/wp-json\/wp\/v2\/product"}],"about":[{"href":"https:\/\/uj.adatbank.ro\/lexikon\/wp-json\/wp\/v2\/types\/product"}],"replies":[{"embeddable":true,"href":"https:\/\/uj.adatbank.ro\/lexikon\/wp-json\/wp\/v2\/comments?post=12603"}],"wp:attachment":[{"href":"https:\/\/uj.adatbank.ro\/lexikon\/wp-json\/wp\/v2\/media?parent=12603"}],"wp:term":[{"taxonomy":"product_brand","embeddable":true,"href":"https:\/\/uj.adatbank.ro\/lexikon\/wp-json\/wp\/v2\/product_brand?post=12603"},{"taxonomy":"product_cat","embeddable":true,"href":"https:\/\/uj.adatbank.ro\/lexikon\/wp-json\/wp\/v2\/product_cat?post=12603"},{"taxonomy":"product_tag","embeddable":true,"href":"https:\/\/uj.adatbank.ro\/lexikon\/wp-json\/wp\/v2\/product_tag?post=12603"}],"curies":[{"name":"wp","href":"https:\/\/api.w.org\/{rel}","templated":true}]}}