{"id":12604,"date":"2025-06-29T14:32:48","date_gmt":"2025-06-29T12:32:48","guid":{"rendered":"https:\/\/uj.adatbank.ro\/lexikon\/termek\/kormendy-istvan\/"},"modified":"2025-06-29T14:32:48","modified_gmt":"2025-06-29T12:32:48","slug":"kormendy-istvan","status":"publish","type":"product","link":"https:\/\/uj.adatbank.ro\/lexikon\/termek\/kormendy-istvan\/","title":{"rendered":"K\u00d6RMENDY Istv\u00e1n"},"content":{"rendered":"<p>Kaposv\u00e1r, 1918. dec. 10., \u2020 Bp., ? : f\u0151hadnagy. \u2013 Az \u00fajonnan alakult mv.-i 27. \/ III. z\u00e1szl\u00f3aljn\u00e1l sz\u00e1zadparancsnoki feladatot l\u00e1tott el (1940. dec. 30. \u2013). F\u0151hadnagy (1943. m\u00e1j. 1. \u2013). Az \u00fajonnan fel\u00e1ll\u00edtott 57. \/ III. z\u00e1szl\u00f3alj g\u00e9ppusk\u00e1s sz\u00e1zad\u00e1nak parancsnoka, a keleti frontra vez\u00e9nyelt\u00e9k. R\u00e9szt vett a gal\u00edciai \u00e9s az erd\u00e9lyi hadm\u0171veletekben. Zalaegerszegen t\u00f6rzssz\u00e1zadparancsnok, majd sz\u00e1zadparancsnok (1945. jan. 10.-ig), alakulat\u00e1val szovjet hadifogs\u00e1gba esett. A foks\u00e1nyi hadifogolyt\u00e1borb\u00f3l betegs\u00e9ge miatt hazaengedt\u00e9k (1945. okt. 15.). <br \/><strong>Irod.:<\/strong> Berekm\u00e9ri: mv.-i 27. hadoszt\u00e1ly<\/br><\/p>\n","protected":false},"excerpt":{"rendered":"<p>Kaposv\u00e1r, 1918. dec. 10., \u2020 Bp., ? : f\u0151hadnagy. \u2013 Az \u00fajonnan alakult mv.-i 27. \/ III. z\u00e1szl\u00f3aljn\u00e1l sz\u00e1zadparancsnoki feladatot l\u00e1tott el (1940. dec. 30. \u2013). F\u0151hadnagy (1943. m\u00e1j. 1. \u2013). Az \u00fajonnan fel\u00e1ll\u00edtott 57. \/ III. z\u00e1szl\u00f3alj g\u00e9ppusk\u00e1s sz\u00e1zad\u00e1nak parancsnoka, a keleti frontra vez\u00e9nyelt\u00e9k. R\u00e9szt vett a gal\u00edciai \u00e9s az erd\u00e9lyi hadm\u0171veletekben. Zalaegerszegen t\u00f6rzssz\u00e1zadparancsnok, [&hellip;]<\/p>\n","protected":false},"featured_media":0,"comment_status":"open","ping_status":"closed","template":"","meta":[],"product_brand":[],"product_cat":[137],"product_tag":[],"class_list":{"0":"post-12604","1":"product","2":"type-product","3":"status-publish","5":"product_cat-maros-megyei-eletrajzi-lexikon","7":"first","8":"instock","9":"shipping-taxable","10":"product-type-simple"},"_links":{"self":[{"href":"https:\/\/uj.adatbank.ro\/lexikon\/wp-json\/wp\/v2\/product\/12604","targetHints":{"allow":["GET"]}}],"collection":[{"href":"https:\/\/uj.adatbank.ro\/lexikon\/wp-json\/wp\/v2\/product"}],"about":[{"href":"https:\/\/uj.adatbank.ro\/lexikon\/wp-json\/wp\/v2\/types\/product"}],"replies":[{"embeddable":true,"href":"https:\/\/uj.adatbank.ro\/lexikon\/wp-json\/wp\/v2\/comments?post=12604"}],"wp:attachment":[{"href":"https:\/\/uj.adatbank.ro\/lexikon\/wp-json\/wp\/v2\/media?parent=12604"}],"wp:term":[{"taxonomy":"product_brand","embeddable":true,"href":"https:\/\/uj.adatbank.ro\/lexikon\/wp-json\/wp\/v2\/product_brand?post=12604"},{"taxonomy":"product_cat","embeddable":true,"href":"https:\/\/uj.adatbank.ro\/lexikon\/wp-json\/wp\/v2\/product_cat?post=12604"},{"taxonomy":"product_tag","embeddable":true,"href":"https:\/\/uj.adatbank.ro\/lexikon\/wp-json\/wp\/v2\/product_tag?post=12604"}],"curies":[{"name":"wp","href":"https:\/\/api.w.org\/{rel}","templated":true}]}}