{"id":12605,"date":"2025-06-29T14:32:50","date_gmt":"2025-06-29T12:32:50","guid":{"rendered":"https:\/\/uj.adatbank.ro\/lexikon\/termek\/kormoczi-janos-p-nagyajtai\/"},"modified":"2025-06-29T14:32:50","modified_gmt":"2025-06-29T12:32:50","slug":"kormoczi-janos-p-nagyajtai","status":"publish","type":"product","link":"https:\/\/uj.adatbank.ro\/lexikon\/termek\/kormoczi-janos-p-nagyajtai\/","title":{"rendered":"K\u00d6RM\u00d6CZI J\u00e1nos P. nagyajtai"},"content":{"rendered":"<p>Magyars\u00e1ros v. Kiss\u00e1ros, 1762., \u2020 Kv., 1836. dec. 14.: tan\u00e1r, unit. pap, p\u00fcsp\u00f6k. \u2013 Tanult filoz\u00f3fi\u00e1t \u00e9s teol\u00f3gi\u00e1t Kv.-on (1785\u2013); k\u00f6zk\u00f6lts\u00e9gen k\u00fclf\u00f6ldi akad\u00e9mi\u00e1kra k\u00fcldt\u00e9k: B\u00e9cs (1794\u2013), J\u00e9na, G\u00f6ttingen (1796). A kv.-i Unit\u00e1rius F\u0151iskol\u00e1n matematika- fizikatan\u00e1r (1797\u2013), majd rektor (1802); unit\u00e1rius p\u00fcsp\u00f6kk\u00e9 v\u00e1lasztott\u00e1k a ravai szin\u00f3duson (1812\u2013). -. <strong>F. m.:<\/strong> Az istens\u00e9g k\u00e9t l\u00e9anyinak a vall\u00e1s \u00e9s a j\u00f3zan okoss\u00e1gnak k\u00f6lcs\u00f6n\u00f6s viaskod\u00e1sai \u00e9s gy\u0151zedelmei (Kv., 1800); Nem minden asszonyok emberek. Egy halotti besz\u00e9d \u00c1gh Kl\u00e1ra n\u00e9hai orvosdoktor Barra Ferencz \u00f6zvegye felett, 1800. j\u00fan. 22. (Kv., 1800); K\u00f6rm\u00f6czi J\u00e1nos \u00e9s Pakai Pakay J\u00f3zsef besz\u00e9dei a vall\u00e1sr\u00f3l \u00e9s j\u00f3zan okoss\u00e1gr\u00f3l (Kv., 1800); Az embers\u00e9g megtanul\u00e1s\u00e1nak oskol\u00e1ja : Egy halotti besz\u00e9d, melyet n\u00e9hai p\u00e1kei P\u00e1kei J\u00f3zsef \u00farnak az erd\u00e9lyi unit\u00e1ria ekkl\u00e9sia nagy \u00e9rdem\u0171 gener\u00e1lis not\u00e1rius\u00e1nak. \u00e9rdemlett utols\u00f3 tisztess\u00e9g megad\u00e1s\u00e1ra \u00edrt \u00e9s elmondott, 1802. m\u00e1rc. 21. (Kv., 1802); A h\u00edv el\u0151lj\u00e1r\u00f3 munk\u00e1ss\u00e1g\u00e1nak mezeji s a k\u00f6zj\u00f3 el\u0151mozd\u00edt\u00e1s\u00e1ban tett f\u00e1radoz\u00e1s\u00e1nak jutalma egy szomor\u00fa elm\u00e9lked\u00e9sben, melyet Petrityevith Horv\u00e1th Ferencz \u00f6r\u00f6k eml\u00e9kezet\u00e9re \u00edr\u00e1sban hagyott, 1805. j\u00fal. 28. (Kv., 1805); Az emberi \u00e9letnek tiszteletes v\u00e9ns\u00e9ge \u00e9s makula n\u00e9l\u00fcl val\u00f3 \u00e9letben lerajzolva egy halotti tan\u00edt\u00e1sban, melyet m\u00e9ltos. K\u00e9nosi S\u00e1ndor Moses urnak utols\u00f3 \u00e9rdemlett tisztelet\u00e9re \u00edrt (Kv., 1809). <br \/><strong>Irod.:<\/strong> Csetri Elek: K. J. hagyat\u00e9k\u00e1b\u00f3l (Helikon, 18. sz, 1993. szept. 3.; 19. sz., 1993. szept. 17.); Fogarasi; K. J. (1763\u20131836)  =  Csetri Elek: Eur\u00f3pa \u00e9s Erd\u00e9ly: Tanulm\u00e1nyok \u00e9s forr\u00e1sok (Kv., 2005); Halotti besz\u00e9dek; Koczi\u00e1ny; Szab\u00f3\u2013Sz\u00f6gi; Szinnyei; Todea 2013<\/br><\/p>\n","protected":false},"excerpt":{"rendered":"<p>Magyars\u00e1ros v. Kiss\u00e1ros, 1762., \u2020 Kv., 1836. dec. 14.: tan\u00e1r, unit. pap, p\u00fcsp\u00f6k. \u2013 Tanult filoz\u00f3fi\u00e1t \u00e9s teol\u00f3gi\u00e1t Kv.-on (1785\u2013); k\u00f6zk\u00f6lts\u00e9gen k\u00fclf\u00f6ldi akad\u00e9mi\u00e1kra k\u00fcldt\u00e9k: B\u00e9cs (1794\u2013), J\u00e9na, G\u00f6ttingen (1796). A kv.-i Unit\u00e1rius F\u0151iskol\u00e1n matematika- fizikatan\u00e1r (1797\u2013), majd rektor (1802); unit\u00e1rius p\u00fcsp\u00f6kk\u00e9 v\u00e1lasztott\u00e1k a ravai szin\u00f3duson (1812\u2013). -. F. m.: Az istens\u00e9g k\u00e9t l\u00e9anyinak a vall\u00e1s [&hellip;]<\/p>\n","protected":false},"featured_media":0,"comment_status":"open","ping_status":"closed","template":"","meta":[],"product_brand":[],"product_cat":[137],"product_tag":[],"class_list":{"0":"post-12605","1":"product","2":"type-product","3":"status-publish","5":"product_cat-maros-megyei-eletrajzi-lexikon","7":"first","8":"instock","9":"shipping-taxable","10":"product-type-simple"},"_links":{"self":[{"href":"https:\/\/uj.adatbank.ro\/lexikon\/wp-json\/wp\/v2\/product\/12605","targetHints":{"allow":["GET"]}}],"collection":[{"href":"https:\/\/uj.adatbank.ro\/lexikon\/wp-json\/wp\/v2\/product"}],"about":[{"href":"https:\/\/uj.adatbank.ro\/lexikon\/wp-json\/wp\/v2\/types\/product"}],"replies":[{"embeddable":true,"href":"https:\/\/uj.adatbank.ro\/lexikon\/wp-json\/wp\/v2\/comments?post=12605"}],"wp:attachment":[{"href":"https:\/\/uj.adatbank.ro\/lexikon\/wp-json\/wp\/v2\/media?parent=12605"}],"wp:term":[{"taxonomy":"product_brand","embeddable":true,"href":"https:\/\/uj.adatbank.ro\/lexikon\/wp-json\/wp\/v2\/product_brand?post=12605"},{"taxonomy":"product_cat","embeddable":true,"href":"https:\/\/uj.adatbank.ro\/lexikon\/wp-json\/wp\/v2\/product_cat?post=12605"},{"taxonomy":"product_tag","embeddable":true,"href":"https:\/\/uj.adatbank.ro\/lexikon\/wp-json\/wp\/v2\/product_tag?post=12605"}],"curies":[{"name":"wp","href":"https:\/\/api.w.org\/{rel}","templated":true}]}}