{"id":12607,"date":"2025-06-29T14:32:53","date_gmt":"2025-06-29T12:32:53","guid":{"rendered":"https:\/\/uj.adatbank.ro\/lexikon\/termek\/kormondi-imre-kormendi-imre\/"},"modified":"2025-06-29T14:32:53","modified_gmt":"2025-06-29T12:32:53","slug":"kormondi-imre-kormendi-imre","status":"publish","type":"product","link":"https:\/\/uj.adatbank.ro\/lexikon\/termek\/kormondi-imre-kormendi-imre\/","title":{"rendered":"K\u00d6RM\u00d6NDI Imre, K\u00f6rmendi Imre"},"content":{"rendered":"<p>\u00dajhely, 1670. nov. 5. \u2020 ? : jezsuita hitsz\u00f3nok \u00e9s tan\u00e1r. \u2013 A trencs\u00e9nyi jezsuita gimn.-ban volt nov\u00edcius (1686\u2013), a mv.-i misszi\u00f3 vezet\u0151je (1703). A jezsuit\u00e1k mv.-i iskol\u00e1j\u00e1nak els\u0151 igazgat\u00f3ja (1702\u20131712). Nagytudom\u00e1ny\u00fa, lelkes \u00e9s ellen\u00e1llhatatlan hat\u00e1s\u00f3 sz\u00f3noklataival nagy szolg\u00e1latot tett a kat. hit terjeszt\u00e9se \u00e9rdek\u00e9ben. Sz\u00f3noki k\u00e9szs\u00e9g\u00e9r\u0151l legend\u00e1k terjedtek. Fenn maradt az az adoma hogy egy hideg t\u00e9li vas\u00e1rnapon kiment Kerel\u0151szentp\u00e1lra a gr. Haller f\u00e9le k\u00e1poln\u00e1ba templomoz\u00e1st tartani, amikor ennek h\u00edr\u00e9re egy k\u00e1lvinista atyafi Debreczeni uram haza szaladt \u00e9s az \u00e9ppen t\u0171zcsin\u00e1l\u00e1ssal foglalkoz\u00f3 csel\u00e9dnek odaki\u00e1ltotta : \u00ab No minden ember kapc\u00e1t k\u00e9sz\u00edtsen. Itt van K\u00f6rm\u00f6ndi ! \u00dajb\u00f3l elpr\u00e9dik\u00e1l k\u00e9t \u00f3r\u00e1ig ! \u00bb. K\u00e9s\u0151bb, mint kv.-i h\u00e1zf\u0151n\u00f6k j\u00e1rt Mv.-en (1728), amikor a mai pl\u00e9b\u00e1nia templom alapk\u0151t\u00e9tel\u00e9nek szertart\u00e1s\u00e1n celebr\u00e1lt. <br \/><strong>Irod.:<\/strong> H\u00edres polg\u00e1rok; Id\u0151t\u00e1r 1; Jezsuita \u00e9vk.; Kr\u00f3n. F\u00fcz. (1940. 4\/10); Mv.-i Pl\u00e9b\u00e1nia; Mv.-i R. K. okt.<\/br><\/p>\n","protected":false},"excerpt":{"rendered":"<p>\u00dajhely, 1670. nov. 5. \u2020 ? : jezsuita hitsz\u00f3nok \u00e9s tan\u00e1r. \u2013 A trencs\u00e9nyi jezsuita gimn.-ban volt nov\u00edcius (1686\u2013), a mv.-i misszi\u00f3 vezet\u0151je (1703). A jezsuit\u00e1k mv.-i iskol\u00e1j\u00e1nak els\u0151 igazgat\u00f3ja (1702\u20131712). Nagytudom\u00e1ny\u00fa, lelkes \u00e9s ellen\u00e1llhatatlan hat\u00e1s\u00f3 sz\u00f3noklataival nagy szolg\u00e1latot tett a kat. hit terjeszt\u00e9se \u00e9rdek\u00e9ben. Sz\u00f3noki k\u00e9szs\u00e9g\u00e9r\u0151l legend\u00e1k terjedtek. Fenn maradt az az adoma hogy [&hellip;]<\/p>\n","protected":false},"featured_media":0,"comment_status":"open","ping_status":"closed","template":"","meta":[],"product_brand":[],"product_cat":[137],"product_tag":[],"class_list":{"0":"post-12607","1":"product","2":"type-product","3":"status-publish","5":"product_cat-maros-megyei-eletrajzi-lexikon","7":"first","8":"instock","9":"shipping-taxable","10":"product-type-simple"},"_links":{"self":[{"href":"https:\/\/uj.adatbank.ro\/lexikon\/wp-json\/wp\/v2\/product\/12607","targetHints":{"allow":["GET"]}}],"collection":[{"href":"https:\/\/uj.adatbank.ro\/lexikon\/wp-json\/wp\/v2\/product"}],"about":[{"href":"https:\/\/uj.adatbank.ro\/lexikon\/wp-json\/wp\/v2\/types\/product"}],"replies":[{"embeddable":true,"href":"https:\/\/uj.adatbank.ro\/lexikon\/wp-json\/wp\/v2\/comments?post=12607"}],"wp:attachment":[{"href":"https:\/\/uj.adatbank.ro\/lexikon\/wp-json\/wp\/v2\/media?parent=12607"}],"wp:term":[{"taxonomy":"product_brand","embeddable":true,"href":"https:\/\/uj.adatbank.ro\/lexikon\/wp-json\/wp\/v2\/product_brand?post=12607"},{"taxonomy":"product_cat","embeddable":true,"href":"https:\/\/uj.adatbank.ro\/lexikon\/wp-json\/wp\/v2\/product_cat?post=12607"},{"taxonomy":"product_tag","embeddable":true,"href":"https:\/\/uj.adatbank.ro\/lexikon\/wp-json\/wp\/v2\/product_tag?post=12607"}],"curies":[{"name":"wp","href":"https:\/\/api.w.org\/{rel}","templated":true}]}}