{"id":12609,"date":"2025-06-29T14:32:57","date_gmt":"2025-06-29T12:32:57","guid":{"rendered":"https:\/\/uj.adatbank.ro\/lexikon\/termek\/korneli-denes-kornely-danes\/"},"modified":"2025-06-29T14:32:57","modified_gmt":"2025-06-29T12:32:57","slug":"korneli-denes-kornely-danes","status":"publish","type":"product","link":"https:\/\/uj.adatbank.ro\/lexikon\/termek\/korneli-denes-kornely-danes\/","title":{"rendered":"KORN\u00c9LI D\u00e9nes, Korn\u00e9ly D\u00e1nes"},"content":{"rendered":"<p>Marossolymos, 1827. j\u00fal. 15., \u2020 Abrudb\u00e1nya, 1880. \u00e1pr. 7.: r. k. pl\u00e9b\u00e1nos. \u2013 Nagyszebenben, Kv.-on \u00e9s Gyulafeh\u00e9rv\u00e1ron tanult. Papp\u00e1 szentelt\u00e9k (1850. aug. 5.). K\u00e1pl\u00e1n \u00e9s hitsz\u00f3nok Gyulafeh\u00e9rv\u00e1ron, Kv.-on (1852), t\u00e1bori k\u00e1pl\u00e1n (1854\u201360). Sz\u00e1szr\u00e9genben pl\u00e9b\u00e1nos (1860\u201364), majd Nagy\u00e1gon (1865), Abrudb\u00e1ny\u00e1n (1873\u201380), f\u0151esperes (1880). <br \/><strong>Irod.:<\/strong> Ferenczi S\u00e1ndor 2009<\/br><\/p>\n","protected":false},"excerpt":{"rendered":"<p>Marossolymos, 1827. j\u00fal. 15., \u2020 Abrudb\u00e1nya, 1880. \u00e1pr. 7.: r. k. pl\u00e9b\u00e1nos. \u2013 Nagyszebenben, Kv.-on \u00e9s Gyulafeh\u00e9rv\u00e1ron tanult. Papp\u00e1 szentelt\u00e9k (1850. aug. 5.). K\u00e1pl\u00e1n \u00e9s hitsz\u00f3nok Gyulafeh\u00e9rv\u00e1ron, Kv.-on (1852), t\u00e1bori k\u00e1pl\u00e1n (1854\u201360). Sz\u00e1szr\u00e9genben pl\u00e9b\u00e1nos (1860\u201364), majd Nagy\u00e1gon (1865), Abrudb\u00e1ny\u00e1n (1873\u201380), f\u0151esperes (1880). Irod.: Ferenczi S\u00e1ndor 2009<\/p>\n","protected":false},"featured_media":0,"comment_status":"open","ping_status":"closed","template":"","meta":[],"product_brand":[],"product_cat":[137],"product_tag":[],"class_list":{"0":"post-12609","1":"product","2":"type-product","3":"status-publish","5":"product_cat-maros-megyei-eletrajzi-lexikon","7":"first","8":"instock","9":"shipping-taxable","10":"product-type-simple"},"_links":{"self":[{"href":"https:\/\/uj.adatbank.ro\/lexikon\/wp-json\/wp\/v2\/product\/12609","targetHints":{"allow":["GET"]}}],"collection":[{"href":"https:\/\/uj.adatbank.ro\/lexikon\/wp-json\/wp\/v2\/product"}],"about":[{"href":"https:\/\/uj.adatbank.ro\/lexikon\/wp-json\/wp\/v2\/types\/product"}],"replies":[{"embeddable":true,"href":"https:\/\/uj.adatbank.ro\/lexikon\/wp-json\/wp\/v2\/comments?post=12609"}],"wp:attachment":[{"href":"https:\/\/uj.adatbank.ro\/lexikon\/wp-json\/wp\/v2\/media?parent=12609"}],"wp:term":[{"taxonomy":"product_brand","embeddable":true,"href":"https:\/\/uj.adatbank.ro\/lexikon\/wp-json\/wp\/v2\/product_brand?post=12609"},{"taxonomy":"product_cat","embeddable":true,"href":"https:\/\/uj.adatbank.ro\/lexikon\/wp-json\/wp\/v2\/product_cat?post=12609"},{"taxonomy":"product_tag","embeddable":true,"href":"https:\/\/uj.adatbank.ro\/lexikon\/wp-json\/wp\/v2\/product_tag?post=12609"}],"curies":[{"name":"wp","href":"https:\/\/api.w.org\/{rel}","templated":true}]}}