{"id":12610,"date":"2025-06-29T14:32:59","date_gmt":"2025-06-29T12:32:59","guid":{"rendered":"https:\/\/uj.adatbank.ro\/lexikon\/termek\/kornhoffer-lajos-%c2%a7\/"},"modified":"2025-06-29T14:32:59","modified_gmt":"2025-06-29T12:32:59","slug":"kornhoffer-lajos-%c2%a7","status":"publish","type":"product","link":"https:\/\/uj.adatbank.ro\/lexikon\/termek\/kornhoffer-lajos-%c2%a7\/","title":{"rendered":"KORNHOFFER Lajos, \u00a7"},"content":{"rendered":"<p>1863.? \u2020 Mv., 1930. j\u00fal. 18.: orvos. \u2013 K. Lajos (1827 \u2013 Mv., 1884. jan. 22. Nagyszebenben temett\u00e9k) \u00e9s Seibriger Lujza (\u2020 Mv., 1911. febr. 25.) fia. Testv\u00e9rei: dr. K Vilmos \u00e9s Ern\u0151. Feles\u00e9ge: Patrovits Erzs\u00e9bet. Le\u00e1nyuk K. Erzs\u00e9bet, dr. Csath K\u00e1lm\u00e1nn\u00e9. &#8211; Mv.-en a Ref. Koll.-ban tanult. Di\u00e1kkor\u00e1ban Mv.-en kezdett heged\u00fclni Zach Antaln\u00e1l, majd B\u00e9csben a h\u00edres heged\u0171 pedag\u00f3gusn\u00e1l Dent v. Dont-n\u00e1l tanult tov\u00e1bb. A b\u00e9csi egyetem orvosi kar\u00e1n v\u00e9gzett, szem\u00e9sz szakorvos. Ezredorvos \u00e1llom\u00e1sai: Gyulafeh\u00e9rv\u00e1r, Brass\u00f3, Kamenicza, Jareslau, Kv., Mv. Mindenhol \u00e9l\u00e9nk zenei \u00e9letet \u00e9lt. M\u00e9g Dohn\u00e1nyi Ern\u0151vel is kamarazen\u00e9lt. Mv.-en a kamarazene t\u00e1rsas\u00e1g tagja, akikkel muzsik\u00e1lt: Mentovics Gyula, G\u00f6ldner K\u00e1roly, Petelei Istv\u00e1n, Duha Tibor, Faquart, Fanfuri, J\u00e1nosi. ezeket nem tudtam j\u00f3l kiolvasni!! (1930 k.). Cs. kir. els\u0151oszt. f\u0151t\u00f6rzsorvos dr., a mv.-i katonai k\u00f3rh\u00e1z parancsnoka az I. vh. -ban. A 30 \u00e9v \u00f3ta fenn\u00e1ll\u00f3 kv\u00e1rtett tagja volt I. heged\u0171sk\u00e9nt, II. heged\u0171s dr. Szil\u00e1gyi S\u00e1ndor, br\u00e1csa B\u00fcrger Albert. A csell\u00f3 j\u00e1t\u00e9kosok az \u00e9vek sor\u00e1n: Dics\u0151 B\u00e9la, Posoni G\u00e1bor, Dics\u0151 G\u00e9za, Tonh\u00e1zi Ferenc, Tischler Ferenc \u00e9s Kozma G\u00e9za. M\u00e1s kv\u00e1rtettel is j\u00e1tszott, tagjai: Agyag\u00e1si K\u00e1roly, dr. Szil\u00e1gyi S\u00e1ndor, Posoni G\u00e1bor. Majd a Mestitz M\u00f3ricz f\u00e9le vas\u00e1rnap du.-i kamarazene \u00f6sszej\u00f6veteleken is szerepelt. A M\u0171vezet\u0151 Bizotts\u00e1g eln\u00f6ke, a Mv.-i Zenekedvel\u0151k T\u00e1rsas\u00e1g\u00e1nak, ami Bern\u00e1d\u00ed Gy\u00f6rgy eln\u00f6lete alatt alakult meg (1909). R\u00e9szt velt a Zenekedvel\u0151k T\u00e1rsas\u00e1ga nagy hangversenyeinek szervez\u00e9s\u00e9ben, amikor a megh\u00edvottnagy vend\u00e9gel\u0151ad\u00f3k: Casals, Szigeti, F\u00f6ldessy, Durige, Vecsy. A KMTT tagja (1877). A h\u00e1bor\u00fa ut\u00e1n visszavonultan \u00e9lt. Shekespeare sz\u00f3t\u00e1r \u00f6ssze\u00e1ll\u00edt\u00e1s\u00e1n dolgozott, elk\u00e9sz\u00fclt az \u00f6sszes m\u0171vekb\u0151l az angol-n\u00e9met nyelv\u0171 sz\u00f3t\u00e1r, \u00e9lete utols\u00f3 \u00e9v\u00e9ben fejezte be az angol-m. r\u00e9szt. A Ferenc J\u00f3zsef rend lovagja \u00e9s a n\u00e9met vaskereszt \u00e9rdemrend tulajdonosa. <br \/><strong>Irod.:<\/strong> Gy\u00e1szjelent.; KMTT; Mv. \u00e9s a h\u00e1bor\u00fa 1.; Mv.-i lev\u00e9lt\u00e1r<\/br><\/p>\n","protected":false},"excerpt":{"rendered":"<p>1863.? \u2020 Mv., 1930. j\u00fal. 18.: orvos. \u2013 K. Lajos (1827 \u2013 Mv., 1884. jan. 22. Nagyszebenben temett\u00e9k) \u00e9s Seibriger Lujza (\u2020 Mv., 1911. febr. 25.) fia. Testv\u00e9rei: dr. K Vilmos \u00e9s Ern\u0151. Feles\u00e9ge: Patrovits Erzs\u00e9bet. Le\u00e1nyuk K. Erzs\u00e9bet, dr. Csath K\u00e1lm\u00e1nn\u00e9. &#8211; Mv.-en a Ref. Koll.-ban tanult. Di\u00e1kkor\u00e1ban Mv.-en kezdett heged\u00fclni Zach Antaln\u00e1l, majd [&hellip;]<\/p>\n","protected":false},"featured_media":0,"comment_status":"open","ping_status":"closed","template":"","meta":[],"product_brand":[],"product_cat":[137],"product_tag":[],"class_list":{"0":"post-12610","1":"product","2":"type-product","3":"status-publish","5":"product_cat-maros-megyei-eletrajzi-lexikon","7":"first","8":"instock","9":"shipping-taxable","10":"product-type-simple"},"_links":{"self":[{"href":"https:\/\/uj.adatbank.ro\/lexikon\/wp-json\/wp\/v2\/product\/12610","targetHints":{"allow":["GET"]}}],"collection":[{"href":"https:\/\/uj.adatbank.ro\/lexikon\/wp-json\/wp\/v2\/product"}],"about":[{"href":"https:\/\/uj.adatbank.ro\/lexikon\/wp-json\/wp\/v2\/types\/product"}],"replies":[{"embeddable":true,"href":"https:\/\/uj.adatbank.ro\/lexikon\/wp-json\/wp\/v2\/comments?post=12610"}],"wp:attachment":[{"href":"https:\/\/uj.adatbank.ro\/lexikon\/wp-json\/wp\/v2\/media?parent=12610"}],"wp:term":[{"taxonomy":"product_brand","embeddable":true,"href":"https:\/\/uj.adatbank.ro\/lexikon\/wp-json\/wp\/v2\/product_brand?post=12610"},{"taxonomy":"product_cat","embeddable":true,"href":"https:\/\/uj.adatbank.ro\/lexikon\/wp-json\/wp\/v2\/product_cat?post=12610"},{"taxonomy":"product_tag","embeddable":true,"href":"https:\/\/uj.adatbank.ro\/lexikon\/wp-json\/wp\/v2\/product_tag?post=12610"}],"curies":[{"name":"wp","href":"https:\/\/api.w.org\/{rel}","templated":true}]}}