{"id":12611,"date":"2025-06-29T14:33:00","date_gmt":"2025-06-29T12:33:00","guid":{"rendered":"https:\/\/uj.adatbank.ro\/lexikon\/termek\/kornhoffer-lajosne-%c2%a7\/"},"modified":"2025-06-29T14:33:00","modified_gmt":"2025-06-29T12:33:00","slug":"kornhoffer-lajosne-%c2%a7","status":"publish","type":"product","link":"https:\/\/uj.adatbank.ro\/lexikon\/termek\/kornhoffer-lajosne-%c2%a7\/","title":{"rendered":"KORNHOFFER Lajosn\u00e9, \u00a7"},"content":{"rendered":"<p>? \u2020 ? : Az I. vh. idej\u00e9n a mv.-i fels\u0151bb le\u00e1nyiskol\u00e1ban elhelyezett sebes\u00fcltek \u00f6nk\u00e9ntes \u00e1pol\u00f3ja. <br \/><strong>Irod.:<\/strong> Mv. \u00e9s a h\u00e1bor\u00fa 1.<\/br><\/p>\n","protected":false},"excerpt":{"rendered":"<p>? \u2020 ? : Az I. vh. idej\u00e9n a mv.-i fels\u0151bb le\u00e1nyiskol\u00e1ban elhelyezett sebes\u00fcltek \u00f6nk\u00e9ntes \u00e1pol\u00f3ja. Irod.: Mv. \u00e9s a h\u00e1bor\u00fa 1.<\/p>\n","protected":false},"featured_media":0,"comment_status":"open","ping_status":"closed","template":"","meta":[],"product_brand":[],"product_cat":[137],"product_tag":[],"class_list":{"0":"post-12611","1":"product","2":"type-product","3":"status-publish","5":"product_cat-maros-megyei-eletrajzi-lexikon","7":"first","8":"instock","9":"shipping-taxable","10":"product-type-simple"},"_links":{"self":[{"href":"https:\/\/uj.adatbank.ro\/lexikon\/wp-json\/wp\/v2\/product\/12611","targetHints":{"allow":["GET"]}}],"collection":[{"href":"https:\/\/uj.adatbank.ro\/lexikon\/wp-json\/wp\/v2\/product"}],"about":[{"href":"https:\/\/uj.adatbank.ro\/lexikon\/wp-json\/wp\/v2\/types\/product"}],"replies":[{"embeddable":true,"href":"https:\/\/uj.adatbank.ro\/lexikon\/wp-json\/wp\/v2\/comments?post=12611"}],"wp:attachment":[{"href":"https:\/\/uj.adatbank.ro\/lexikon\/wp-json\/wp\/v2\/media?parent=12611"}],"wp:term":[{"taxonomy":"product_brand","embeddable":true,"href":"https:\/\/uj.adatbank.ro\/lexikon\/wp-json\/wp\/v2\/product_brand?post=12611"},{"taxonomy":"product_cat","embeddable":true,"href":"https:\/\/uj.adatbank.ro\/lexikon\/wp-json\/wp\/v2\/product_cat?post=12611"},{"taxonomy":"product_tag","embeddable":true,"href":"https:\/\/uj.adatbank.ro\/lexikon\/wp-json\/wp\/v2\/product_tag?post=12611"}],"curies":[{"name":"wp","href":"https:\/\/api.w.org\/{rel}","templated":true}]}}