{"id":12613,"date":"2025-06-29T14:33:03","date_gmt":"2025-06-29T12:33:03","guid":{"rendered":"https:\/\/uj.adatbank.ro\/lexikon\/termek\/kornhoffer-vilmos-2\/"},"modified":"2025-06-29T14:33:03","modified_gmt":"2025-06-29T12:33:03","slug":"kornhoffer-vilmos-2","status":"publish","type":"product","link":"https:\/\/uj.adatbank.ro\/lexikon\/termek\/kornhoffer-vilmos-2\/","title":{"rendered":"KORNHOFFER Vilmos"},"content":{"rendered":"<p>? \u2020 ? : Az analitikai k\u00e9mia \u00e9s fizikai-k\u00e9miai anal\u00edzis a mv.-i gy\u00f3gyszer\u00e9szeti karon Kiss \u00c1rp\u00e1d el\u0151ad\u00f3tan\u00e1r munkat\u00e1rsa (1948\u201349). <br \/><strong>Irod.:<\/strong> Facultatea de Farmacie<\/br><\/p>\n","protected":false},"excerpt":{"rendered":"<p>? \u2020 ? : Az analitikai k\u00e9mia \u00e9s fizikai-k\u00e9miai anal\u00edzis a mv.-i gy\u00f3gyszer\u00e9szeti karon Kiss \u00c1rp\u00e1d el\u0151ad\u00f3tan\u00e1r munkat\u00e1rsa (1948\u201349). Irod.: Facultatea de Farmacie<\/p>\n","protected":false},"featured_media":0,"comment_status":"open","ping_status":"closed","template":"","meta":[],"product_brand":[],"product_cat":[137],"product_tag":[],"class_list":{"0":"post-12613","1":"product","2":"type-product","3":"status-publish","5":"product_cat-maros-megyei-eletrajzi-lexikon","7":"first","8":"instock","9":"shipping-taxable","10":"product-type-simple"},"_links":{"self":[{"href":"https:\/\/uj.adatbank.ro\/lexikon\/wp-json\/wp\/v2\/product\/12613","targetHints":{"allow":["GET"]}}],"collection":[{"href":"https:\/\/uj.adatbank.ro\/lexikon\/wp-json\/wp\/v2\/product"}],"about":[{"href":"https:\/\/uj.adatbank.ro\/lexikon\/wp-json\/wp\/v2\/types\/product"}],"replies":[{"embeddable":true,"href":"https:\/\/uj.adatbank.ro\/lexikon\/wp-json\/wp\/v2\/comments?post=12613"}],"wp:attachment":[{"href":"https:\/\/uj.adatbank.ro\/lexikon\/wp-json\/wp\/v2\/media?parent=12613"}],"wp:term":[{"taxonomy":"product_brand","embeddable":true,"href":"https:\/\/uj.adatbank.ro\/lexikon\/wp-json\/wp\/v2\/product_brand?post=12613"},{"taxonomy":"product_cat","embeddable":true,"href":"https:\/\/uj.adatbank.ro\/lexikon\/wp-json\/wp\/v2\/product_cat?post=12613"},{"taxonomy":"product_tag","embeddable":true,"href":"https:\/\/uj.adatbank.ro\/lexikon\/wp-json\/wp\/v2\/product_tag?post=12613"}],"curies":[{"name":"wp","href":"https:\/\/api.w.org\/{rel}","templated":true}]}}