{"id":12614,"date":"2025-06-29T14:33:05","date_gmt":"2025-06-29T12:33:05","guid":{"rendered":"https:\/\/uj.adatbank.ro\/lexikon\/termek\/kornis-anna-katalin-goncruszkai-gr-huszar-antalne\/"},"modified":"2025-06-29T14:33:05","modified_gmt":"2025-06-29T12:33:05","slug":"kornis-anna-katalin-goncruszkai-gr-huszar-antalne","status":"publish","type":"product","link":"https:\/\/uj.adatbank.ro\/lexikon\/termek\/kornis-anna-katalin-goncruszkai-gr-huszar-antalne\/","title":{"rendered":"KORNIS Anna Katalin, g\u00f6ncruszkai gr, Husz\u00e1r Antaln\u00e9"},"content":{"rendered":"<p>1774., \u2020 1848 ban \u00e9lt: f\u00f6ldbirtokos. &#8211; Mih\u00e1ly (1738\u20131782) f\u0151isp\u00e1n \u00e9s erd\u0151di P\u00e1lffy Karolina (1740\u20131799) l\u00e1nya. F\u00e9rje k\u00f6vesdi br. Husz\u00e1r Antal Ferenc (1760. m\u00e1j. 7\u20131804. \u00e1pr. 2). Esk\u00fcv\u0151, (Nagyv\u00e1rad, 1794). Gyermeke: K\u00e1roly (1795- Kv., 1869). <br \/><strong>Irod.:<\/strong> Nagy Iv\u00e1n; Veress Endre 1917<\/br><\/p>\n","protected":false},"excerpt":{"rendered":"<p>1774., \u2020 1848 ban \u00e9lt: f\u00f6ldbirtokos. &#8211; Mih\u00e1ly (1738\u20131782) f\u0151isp\u00e1n \u00e9s erd\u0151di P\u00e1lffy Karolina (1740\u20131799) l\u00e1nya. F\u00e9rje k\u00f6vesdi br. Husz\u00e1r Antal Ferenc (1760. m\u00e1j. 7\u20131804. \u00e1pr. 2). Esk\u00fcv\u0151, (Nagyv\u00e1rad, 1794). Gyermeke: K\u00e1roly (1795- Kv., 1869). Irod.: Nagy Iv\u00e1n; Veress Endre 1917<\/p>\n","protected":false},"featured_media":0,"comment_status":"open","ping_status":"closed","template":"","meta":[],"product_brand":[],"product_cat":[137],"product_tag":[],"class_list":{"0":"post-12614","1":"product","2":"type-product","3":"status-publish","5":"product_cat-maros-megyei-eletrajzi-lexikon","7":"first","8":"instock","9":"shipping-taxable","10":"product-type-simple"},"_links":{"self":[{"href":"https:\/\/uj.adatbank.ro\/lexikon\/wp-json\/wp\/v2\/product\/12614","targetHints":{"allow":["GET"]}}],"collection":[{"href":"https:\/\/uj.adatbank.ro\/lexikon\/wp-json\/wp\/v2\/product"}],"about":[{"href":"https:\/\/uj.adatbank.ro\/lexikon\/wp-json\/wp\/v2\/types\/product"}],"replies":[{"embeddable":true,"href":"https:\/\/uj.adatbank.ro\/lexikon\/wp-json\/wp\/v2\/comments?post=12614"}],"wp:attachment":[{"href":"https:\/\/uj.adatbank.ro\/lexikon\/wp-json\/wp\/v2\/media?parent=12614"}],"wp:term":[{"taxonomy":"product_brand","embeddable":true,"href":"https:\/\/uj.adatbank.ro\/lexikon\/wp-json\/wp\/v2\/product_brand?post=12614"},{"taxonomy":"product_cat","embeddable":true,"href":"https:\/\/uj.adatbank.ro\/lexikon\/wp-json\/wp\/v2\/product_cat?post=12614"},{"taxonomy":"product_tag","embeddable":true,"href":"https:\/\/uj.adatbank.ro\/lexikon\/wp-json\/wp\/v2\/product_tag?post=12614"}],"curies":[{"name":"wp","href":"https:\/\/api.w.org\/{rel}","templated":true}]}}