{"id":12615,"date":"2025-06-29T14:33:08","date_gmt":"2025-06-29T12:33:08","guid":{"rendered":"https:\/\/uj.adatbank.ro\/lexikon\/termek\/kornis-anna-goncruszkai-gr-haller-istvanne\/"},"modified":"2025-06-29T14:33:08","modified_gmt":"2025-06-29T12:33:08","slug":"kornis-anna-goncruszkai-gr-haller-istvanne","status":"publish","type":"product","link":"https:\/\/uj.adatbank.ro\/lexikon\/termek\/kornis-anna-goncruszkai-gr-haller-istvanne\/","title":{"rendered":"KORNIS Anna, g\u00f6ncruszkai gr., Haller Istv\u00e1nn\u00e9"},"content":{"rendered":"<p>1777., \u2020 Nagyenyed, 1815. j\u00fan. 5. temetve Nagyenyed.: f\u00f6ldbirtokos. &#8211; Antal (1746\u20131803) \u00e9s br. Thoroczkay Anna (1752\u20131826) le\u00e1nya. F\u00e9rje hallerk\u0151i Haller Istv\u00e1n (\u2020 1839), Feh\u00e9r vm., Bels\u0151-Szolnok vm. f\u0151isp\u00e1nja. (Esk\u00fcv\u0151 1795.) Gyermekei: Istv\u00e1n, J\u00falia, Cecilia (1797\u20131873), Borb\u00e1la (1800\u20131883). <br \/><strong>Irod.:<\/strong> Lev\u00e9lt\u00e1ri gy\u00e1szj.; MNZsK; Nagy Iv\u00e1n; Veress Endre 1917<\/br><\/p>\n","protected":false},"excerpt":{"rendered":"<p>1777., \u2020 Nagyenyed, 1815. j\u00fan. 5. temetve Nagyenyed.: f\u00f6ldbirtokos. &#8211; Antal (1746\u20131803) \u00e9s br. Thoroczkay Anna (1752\u20131826) le\u00e1nya. F\u00e9rje hallerk\u0151i Haller Istv\u00e1n (\u2020 1839), Feh\u00e9r vm., Bels\u0151-Szolnok vm. f\u0151isp\u00e1nja. (Esk\u00fcv\u0151 1795.) Gyermekei: Istv\u00e1n, J\u00falia, Cecilia (1797\u20131873), Borb\u00e1la (1800\u20131883). Irod.: Lev\u00e9lt\u00e1ri gy\u00e1szj.; MNZsK; Nagy Iv\u00e1n; Veress Endre 1917<\/p>\n","protected":false},"featured_media":0,"comment_status":"open","ping_status":"closed","template":"","meta":[],"product_brand":[],"product_cat":[137],"product_tag":[],"class_list":{"0":"post-12615","1":"product","2":"type-product","3":"status-publish","5":"product_cat-maros-megyei-eletrajzi-lexikon","7":"first","8":"instock","9":"shipping-taxable","10":"product-type-simple"},"_links":{"self":[{"href":"https:\/\/uj.adatbank.ro\/lexikon\/wp-json\/wp\/v2\/product\/12615","targetHints":{"allow":["GET"]}}],"collection":[{"href":"https:\/\/uj.adatbank.ro\/lexikon\/wp-json\/wp\/v2\/product"}],"about":[{"href":"https:\/\/uj.adatbank.ro\/lexikon\/wp-json\/wp\/v2\/types\/product"}],"replies":[{"embeddable":true,"href":"https:\/\/uj.adatbank.ro\/lexikon\/wp-json\/wp\/v2\/comments?post=12615"}],"wp:attachment":[{"href":"https:\/\/uj.adatbank.ro\/lexikon\/wp-json\/wp\/v2\/media?parent=12615"}],"wp:term":[{"taxonomy":"product_brand","embeddable":true,"href":"https:\/\/uj.adatbank.ro\/lexikon\/wp-json\/wp\/v2\/product_brand?post=12615"},{"taxonomy":"product_cat","embeddable":true,"href":"https:\/\/uj.adatbank.ro\/lexikon\/wp-json\/wp\/v2\/product_cat?post=12615"},{"taxonomy":"product_tag","embeddable":true,"href":"https:\/\/uj.adatbank.ro\/lexikon\/wp-json\/wp\/v2\/product_tag?post=12615"}],"curies":[{"name":"wp","href":"https:\/\/api.w.org\/{rel}","templated":true}]}}