{"id":12616,"date":"2025-06-29T14:33:11","date_gmt":"2025-06-29T12:33:11","guid":{"rendered":"https:\/\/uj.adatbank.ro\/lexikon\/termek\/kornis-anna-goncruszkai-gr-lazar-janosne\/"},"modified":"2025-06-29T14:33:11","modified_gmt":"2025-06-29T12:33:11","slug":"kornis-anna-goncruszkai-gr-lazar-janosne","status":"publish","type":"product","link":"https:\/\/uj.adatbank.ro\/lexikon\/termek\/kornis-anna-goncruszkai-gr-lazar-janosne\/","title":{"rendered":"KORNIS Anna, g\u00f6ncruszkai gr., L\u00e1z\u00e1r J\u00e1nosn\u00e9"},"content":{"rendered":"<p>1758. aug. 31., \u2020 Drass\u00f3, 1814. nov. 10., temetve a Sz\u00e1szsebes, Freneces templomba : gyulakuti f\u00f6ldbirtokos. \u2013 K. Ferenc gr. (1703\u20131765) k\u00fck\u00fcll\u0151i f\u0151isp\u00e1n \u00e9s \u00e1rapataki Ger\u00e9b Zsuzsanna (\u2020 1784) le\u00e1nya. K. Zsigmond unok\u00e1ja. Testv\u00e9rei: G\u00e1sp\u00e1r; Kl\u00e1ra Chamus Lajosn\u00e9. F\u00e9rje gyulakuti gr. L\u00e1z\u00e1r J\u00e1nos (1755\u20131800), kir. kamar\u00e1s, a Kir T\u00e1bla eln\u00f6ke. (Esk\u00fcv\u0151 B\u00e9cs, 1776. nov. 17). Gyermekeik: J\u00e1nos (\u2020), Gy\u00f6rgy (\u2020), Istv\u00e1n (1779 \u2020 ?), Anna gr. Battyh\u00e1ni J\u00f3zsefn\u00e9 (1787-?), J\u00f3zsef (1783\u20131831. j\u00fal. 12) a gyalakuti L\u00e1z\u00e1r \u00e1g utols\u00f3 tagja. Gyulakut\u00e1n \u00e9ltek. F\u00e9rj\u00e9t ref.-r\u00f3l r. k. vall\u00e1sra t\u00e9r\u00edtette \u00e9s vall\u00e1si t\u00fcrelmetlens\u00e9g\u00e9vel sok bajt okozott szeg\u00e9ny jobb\u00e1gyainak. <br \/><strong>Irod.:<\/strong> Gudenus; Kelemen Lajos 2006; Lev\u00e9lt\u00e1ri gy\u00e1szj.; Nagy Iv\u00e1n; Veress Endre 1917<\/br><\/p>\n","protected":false},"excerpt":{"rendered":"<p>1758. aug. 31., \u2020 Drass\u00f3, 1814. nov. 10., temetve a Sz\u00e1szsebes, Freneces templomba : gyulakuti f\u00f6ldbirtokos. \u2013 K. Ferenc gr. (1703\u20131765) k\u00fck\u00fcll\u0151i f\u0151isp\u00e1n \u00e9s \u00e1rapataki Ger\u00e9b Zsuzsanna (\u2020 1784) le\u00e1nya. K. Zsigmond unok\u00e1ja. Testv\u00e9rei: G\u00e1sp\u00e1r; Kl\u00e1ra Chamus Lajosn\u00e9. F\u00e9rje gyulakuti gr. L\u00e1z\u00e1r J\u00e1nos (1755\u20131800), kir. kamar\u00e1s, a Kir T\u00e1bla eln\u00f6ke. (Esk\u00fcv\u0151 B\u00e9cs, 1776. nov. 17). [&hellip;]<\/p>\n","protected":false},"featured_media":0,"comment_status":"open","ping_status":"closed","template":"","meta":[],"product_brand":[],"product_cat":[137],"product_tag":[],"class_list":{"0":"post-12616","1":"product","2":"type-product","3":"status-publish","5":"product_cat-maros-megyei-eletrajzi-lexikon","7":"first","8":"instock","9":"shipping-taxable","10":"product-type-simple"},"_links":{"self":[{"href":"https:\/\/uj.adatbank.ro\/lexikon\/wp-json\/wp\/v2\/product\/12616","targetHints":{"allow":["GET"]}}],"collection":[{"href":"https:\/\/uj.adatbank.ro\/lexikon\/wp-json\/wp\/v2\/product"}],"about":[{"href":"https:\/\/uj.adatbank.ro\/lexikon\/wp-json\/wp\/v2\/types\/product"}],"replies":[{"embeddable":true,"href":"https:\/\/uj.adatbank.ro\/lexikon\/wp-json\/wp\/v2\/comments?post=12616"}],"wp:attachment":[{"href":"https:\/\/uj.adatbank.ro\/lexikon\/wp-json\/wp\/v2\/media?parent=12616"}],"wp:term":[{"taxonomy":"product_brand","embeddable":true,"href":"https:\/\/uj.adatbank.ro\/lexikon\/wp-json\/wp\/v2\/product_brand?post=12616"},{"taxonomy":"product_cat","embeddable":true,"href":"https:\/\/uj.adatbank.ro\/lexikon\/wp-json\/wp\/v2\/product_cat?post=12616"},{"taxonomy":"product_tag","embeddable":true,"href":"https:\/\/uj.adatbank.ro\/lexikon\/wp-json\/wp\/v2\/product_tag?post=12616"}],"curies":[{"name":"wp","href":"https:\/\/api.w.org\/{rel}","templated":true}]}}