{"id":12617,"date":"2025-06-29T14:33:12","date_gmt":"2025-06-29T12:33:12","guid":{"rendered":"https:\/\/uj.adatbank.ro\/lexikon\/termek\/kornis-anna-goncruszkai-gr-macskasi-ferencne\/"},"modified":"2025-06-29T14:33:12","modified_gmt":"2025-06-29T12:33:12","slug":"kornis-anna-goncruszkai-gr-macskasi-ferencne","status":"publish","type":"product","link":"https:\/\/uj.adatbank.ro\/lexikon\/termek\/kornis-anna-goncruszkai-gr-macskasi-ferencne\/","title":{"rendered":"KORNIS Anna, g\u00f6ncruszkai gr., Macsk\u00e1si Ferencn\u00e9"},"content":{"rendered":"<p>1751., \u2020 1798, Temetve D\u00e9va Ferences templom: f\u00f6ldbirtokos. \u2013 Zsigmond (1718\u20131777), cs. k. kamar\u00e1s, vbtt, udvari kancell\u00e1r \u00e9s hallerk\u0151i gr. Haller Anna (1730\u20131778)- a feh\u00e9regyh\u00e1zi f\u0151\u00e1g szentp\u00e1li \u00e1gazat\u00e1b\u00f3l, le\u00e1nya. F\u00e9rje hinkovai Macsk\u00e1si Ferenc (\u2020 1795 el\u0151tt). <br \/><strong>Irod.:<\/strong> Gudenus, Nagy Iv\u00e1n; Veress Endre 1917<\/br><\/p>\n","protected":false},"excerpt":{"rendered":"<p>1751., \u2020 1798, Temetve D\u00e9va Ferences templom: f\u00f6ldbirtokos. \u2013 Zsigmond (1718\u20131777), cs. k. kamar\u00e1s, vbtt, udvari kancell\u00e1r \u00e9s hallerk\u0151i gr. Haller Anna (1730\u20131778)- a feh\u00e9regyh\u00e1zi f\u0151\u00e1g szentp\u00e1li \u00e1gazat\u00e1b\u00f3l, le\u00e1nya. F\u00e9rje hinkovai Macsk\u00e1si Ferenc (\u2020 1795 el\u0151tt). Irod.: Gudenus, Nagy Iv\u00e1n; Veress Endre 1917<\/p>\n","protected":false},"featured_media":0,"comment_status":"open","ping_status":"closed","template":"","meta":[],"product_brand":[],"product_cat":[137],"product_tag":[],"class_list":{"0":"post-12617","1":"product","2":"type-product","3":"status-publish","5":"product_cat-maros-megyei-eletrajzi-lexikon","7":"first","8":"instock","9":"shipping-taxable","10":"product-type-simple"},"_links":{"self":[{"href":"https:\/\/uj.adatbank.ro\/lexikon\/wp-json\/wp\/v2\/product\/12617","targetHints":{"allow":["GET"]}}],"collection":[{"href":"https:\/\/uj.adatbank.ro\/lexikon\/wp-json\/wp\/v2\/product"}],"about":[{"href":"https:\/\/uj.adatbank.ro\/lexikon\/wp-json\/wp\/v2\/types\/product"}],"replies":[{"embeddable":true,"href":"https:\/\/uj.adatbank.ro\/lexikon\/wp-json\/wp\/v2\/comments?post=12617"}],"wp:attachment":[{"href":"https:\/\/uj.adatbank.ro\/lexikon\/wp-json\/wp\/v2\/media?parent=12617"}],"wp:term":[{"taxonomy":"product_brand","embeddable":true,"href":"https:\/\/uj.adatbank.ro\/lexikon\/wp-json\/wp\/v2\/product_brand?post=12617"},{"taxonomy":"product_cat","embeddable":true,"href":"https:\/\/uj.adatbank.ro\/lexikon\/wp-json\/wp\/v2\/product_cat?post=12617"},{"taxonomy":"product_tag","embeddable":true,"href":"https:\/\/uj.adatbank.ro\/lexikon\/wp-json\/wp\/v2\/product_tag?post=12617"}],"curies":[{"name":"wp","href":"https:\/\/api.w.org\/{rel}","templated":true}]}}