{"id":12618,"date":"2025-06-29T14:33:14","date_gmt":"2025-06-29T12:33:14","guid":{"rendered":"https:\/\/uj.adatbank.ro\/lexikon\/termek\/kornis-anna-goncruszkai-haller-gyorgyne\/"},"modified":"2025-06-29T14:33:14","modified_gmt":"2025-06-29T12:33:14","slug":"kornis-anna-goncruszkai-haller-gyorgyne","status":"publish","type":"product","link":"https:\/\/uj.adatbank.ro\/lexikon\/termek\/kornis-anna-goncruszkai-haller-gyorgyne\/","title":{"rendered":"KORNIS Anna, g\u00f6ncruszkai, Haller Gy\u00f6rgyn\u00e9"},"content":{"rendered":"<p>1683., \u2020 1719 e: f\u00f6ldbirtokos. \u2013 l. br K. G\u00e1sp\u00e1r (1641\u20131683) marossz\u00e9ki f\u0151kapit\u00e1ny \u00e9s m\u00e1sodik feles\u00e9ge Cs\u00e1ky M\u00e1ria (\u2020 1688) l\u00e1nya. F\u00e9rje hallerk\u0151i Haller Gy\u00f6rgy (\u2020 1730) tan\u00e1csos, a kapjoni \u00e1gb\u00f3l. Esk\u00fcv\u0151 (Kerel\u0151szentp\u00e1l, 1695. febr. 8). Gyermekei Ferenc (1698\u20131750), Borb\u00e1la (1718\u20131754), \u00c9va, Gy\u00f6rgy (1708\u20131763), P\u00e1l (\u2020 1766). &#8211;<br \/><strong>Irod.:<\/strong> Bicsok-Orb\u00e1n; Gudenus; Nagy Iv\u00e1n; Veress Endre 1917<\/br><\/p>\n","protected":false},"excerpt":{"rendered":"<p>1683., \u2020 1719 e: f\u00f6ldbirtokos. \u2013 l. br K. G\u00e1sp\u00e1r (1641\u20131683) marossz\u00e9ki f\u0151kapit\u00e1ny \u00e9s m\u00e1sodik feles\u00e9ge Cs\u00e1ky M\u00e1ria (\u2020 1688) l\u00e1nya. F\u00e9rje hallerk\u0151i Haller Gy\u00f6rgy (\u2020 1730) tan\u00e1csos, a kapjoni \u00e1gb\u00f3l. Esk\u00fcv\u0151 (Kerel\u0151szentp\u00e1l, 1695. febr. 8). Gyermekei Ferenc (1698\u20131750), Borb\u00e1la (1718\u20131754), \u00c9va, Gy\u00f6rgy (1708\u20131763), P\u00e1l (\u2020 1766). &#8211;Irod.: Bicsok-Orb\u00e1n; Gudenus; Nagy Iv\u00e1n; Veress Endre 1917<\/p>\n","protected":false},"featured_media":0,"comment_status":"open","ping_status":"closed","template":"","meta":[],"product_brand":[],"product_cat":[137],"product_tag":[],"class_list":{"0":"post-12618","1":"product","2":"type-product","3":"status-publish","5":"product_cat-maros-megyei-eletrajzi-lexikon","7":"first","8":"instock","9":"shipping-taxable","10":"product-type-simple"},"_links":{"self":[{"href":"https:\/\/uj.adatbank.ro\/lexikon\/wp-json\/wp\/v2\/product\/12618","targetHints":{"allow":["GET"]}}],"collection":[{"href":"https:\/\/uj.adatbank.ro\/lexikon\/wp-json\/wp\/v2\/product"}],"about":[{"href":"https:\/\/uj.adatbank.ro\/lexikon\/wp-json\/wp\/v2\/types\/product"}],"replies":[{"embeddable":true,"href":"https:\/\/uj.adatbank.ro\/lexikon\/wp-json\/wp\/v2\/comments?post=12618"}],"wp:attachment":[{"href":"https:\/\/uj.adatbank.ro\/lexikon\/wp-json\/wp\/v2\/media?parent=12618"}],"wp:term":[{"taxonomy":"product_brand","embeddable":true,"href":"https:\/\/uj.adatbank.ro\/lexikon\/wp-json\/wp\/v2\/product_brand?post=12618"},{"taxonomy":"product_cat","embeddable":true,"href":"https:\/\/uj.adatbank.ro\/lexikon\/wp-json\/wp\/v2\/product_cat?post=12618"},{"taxonomy":"product_tag","embeddable":true,"href":"https:\/\/uj.adatbank.ro\/lexikon\/wp-json\/wp\/v2\/product_tag?post=12618"}],"curies":[{"name":"wp","href":"https:\/\/api.w.org\/{rel}","templated":true}]}}