{"id":12619,"date":"2025-06-29T14:33:16","date_gmt":"2025-06-29T12:33:16","guid":{"rendered":"https:\/\/uj.adatbank.ro\/lexikon\/termek\/kornis-anna-goncruszkai-veer-mihalyne-ver-mihaly\/"},"modified":"2025-06-29T14:33:16","modified_gmt":"2025-06-29T12:33:16","slug":"kornis-anna-goncruszkai-veer-mihalyne-ver-mihaly","status":"publish","type":"product","link":"https:\/\/uj.adatbank.ro\/lexikon\/termek\/kornis-anna-goncruszkai-veer-mihalyne-ver-mihaly\/","title":{"rendered":"KORNIS Anna, g\u00f6ncruszkai, Ve\u00e9r Mih\u00e1lyn\u00e9, V\u00e9r Mih\u00e1ly"},"content":{"rendered":"<p>? \u2020 ?.: f\u00f6ldbirtokos. \u2013 K. G\u00e1sp\u00e1r (1550 k. \u2013 1601) m\u00e1ramarosi f\u0151isp\u00e1n, huszti kapit\u00e1ny \u00e9s Dolhay Ilona (\u2020 1575 k.) le\u00e1nya. F\u00e9rje k\u00f6r\u00f6starcsai Ve\u00e9r Mih\u00e1ly (1595\u20131644), unok\u00e1ja k\u00f6r\u00f6starcsai Ve\u00e9r Judit (1640\u20131707), Teleki Mih\u00e1ly kancell\u00e1r feles\u00e9ge. \u00edgy anyai \u00e1gon a Teleki csal\u00e1d \u0151sanyj\u00e1nak tekinthet\u0151. Basta, mint a V\u00e9r Mih\u00e1ly \u00f6zvegy\u00e9nek, visszaadta minden j\u00f3sz\u00e1g\u00e1t (Szeben, 1602. j\u00fal. 24.). <br \/><strong>Irod.:<\/strong> Basta; Bicsok-Orb\u00e1n; Marossz\u00e9ki kr\u00f3nik\u00e1k I; Nagy Iv\u00e1n; Veress Endre 1917<\/br><\/p>\n","protected":false},"excerpt":{"rendered":"<p>? \u2020 ?.: f\u00f6ldbirtokos. \u2013 K. G\u00e1sp\u00e1r (1550 k. \u2013 1601) m\u00e1ramarosi f\u0151isp\u00e1n, huszti kapit\u00e1ny \u00e9s Dolhay Ilona (\u2020 1575 k.) le\u00e1nya. F\u00e9rje k\u00f6r\u00f6starcsai Ve\u00e9r Mih\u00e1ly (1595\u20131644), unok\u00e1ja k\u00f6r\u00f6starcsai Ve\u00e9r Judit (1640\u20131707), Teleki Mih\u00e1ly kancell\u00e1r feles\u00e9ge. \u00edgy anyai \u00e1gon a Teleki csal\u00e1d \u0151sanyj\u00e1nak tekinthet\u0151. Basta, mint a V\u00e9r Mih\u00e1ly \u00f6zvegy\u00e9nek, visszaadta minden j\u00f3sz\u00e1g\u00e1t (Szeben, 1602. [&hellip;]<\/p>\n","protected":false},"featured_media":0,"comment_status":"open","ping_status":"closed","template":"","meta":[],"product_brand":[],"product_cat":[137],"product_tag":[],"class_list":{"0":"post-12619","1":"product","2":"type-product","3":"status-publish","5":"product_cat-maros-megyei-eletrajzi-lexikon","7":"first","8":"instock","9":"shipping-taxable","10":"product-type-simple"},"_links":{"self":[{"href":"https:\/\/uj.adatbank.ro\/lexikon\/wp-json\/wp\/v2\/product\/12619","targetHints":{"allow":["GET"]}}],"collection":[{"href":"https:\/\/uj.adatbank.ro\/lexikon\/wp-json\/wp\/v2\/product"}],"about":[{"href":"https:\/\/uj.adatbank.ro\/lexikon\/wp-json\/wp\/v2\/types\/product"}],"replies":[{"embeddable":true,"href":"https:\/\/uj.adatbank.ro\/lexikon\/wp-json\/wp\/v2\/comments?post=12619"}],"wp:attachment":[{"href":"https:\/\/uj.adatbank.ro\/lexikon\/wp-json\/wp\/v2\/media?parent=12619"}],"wp:term":[{"taxonomy":"product_brand","embeddable":true,"href":"https:\/\/uj.adatbank.ro\/lexikon\/wp-json\/wp\/v2\/product_brand?post=12619"},{"taxonomy":"product_cat","embeddable":true,"href":"https:\/\/uj.adatbank.ro\/lexikon\/wp-json\/wp\/v2\/product_cat?post=12619"},{"taxonomy":"product_tag","embeddable":true,"href":"https:\/\/uj.adatbank.ro\/lexikon\/wp-json\/wp\/v2\/product_tag?post=12619"}],"curies":[{"name":"wp","href":"https:\/\/api.w.org\/{rel}","templated":true}]}}