{"id":12620,"date":"2025-06-29T14:33:18","date_gmt":"2025-06-29T12:33:18","guid":{"rendered":"https:\/\/uj.adatbank.ro\/lexikon\/termek\/kornis-antal-goncruszkai-l-br\/"},"modified":"2025-06-29T14:33:18","modified_gmt":"2025-06-29T12:33:18","slug":"kornis-antal-goncruszkai-l-br","status":"publish","type":"product","link":"https:\/\/uj.adatbank.ro\/lexikon\/termek\/kornis-antal-goncruszkai-l-br\/","title":{"rendered":"KORNIS Antal, g\u00f6ncruszkai l. br."},"content":{"rendered":"<p>1709 \u2020 1759, temetve Kv. az \u00f3v\u00e1ri Ferencrendi templom Kornis kripta: tan\u00e1csos., hunyadi f\u0151isp\u00e1n, v. b. t. t., kamar\u00e1s. \u2013 Istv\u00e1n (1680\u20131741) \u00e9s gyer\u0151monostori Gyer\u0151ffi Borb\u00e1la (1684\u20131744) fia. Feles\u00e9ge: 1. zabolai Mikes M\u00e1ria (1723\u20131744) gr., csillagkeresztes h\u00f6lgy, esk\u00fcv\u0151 (1736); 2. kir\u00e1lyhalmi gr. Petky Anna (1720\u201368), csillagkeresztes h\u00f6lgy (esk\u00fcv\u0151 1745). Gyermekei: Mih\u00e1ly (1738\u20131782), Antal (1746\u20131803), hunyadi f\u0151isp\u00e1n, v. b. t. t., tartom\u00e1nyi biztos, f\u0151korm\u00e1nysz\u00e9ki tan\u00e1csos. A kv.-i jezsuita rendh\u00e1z el\u00e9 M\u00e1ria oszlopot emeltetett m\u00e1sodik feles\u00e9g\u00e9vel a pestis j\u00e1rv\u00e1ny megsz\u00fcnt\u00e9nek eml\u00e9k\u00e9re (1744). Schuchbauer Antal szobr\u00e1sz m\u0171ve. K\u00fari\u00e1ja volt Backamadarason. <br \/><strong>Irod.:<\/strong> Backamadaras; Balogh J\u00f3zsef: Leg jobb r\u00e9sz. Mellyet ez \u00e1rny\u00e9k vil\u00e1gb\u00f3l kik\u00f6lt\u00f6zv\u00e9n \u2026 \u00e9s boldog hal\u00e1la \u00e1ltal \u2026 Mikes M\u00e1ria \u2026 Kornis Antal \u00dar kedves h\u00fctves t\u00e1rsa \u00e9let\u00e9nek 23. eszt., \u00e9s v\u00e9gs\u0151 tisztelet\u00e9re s \u00f6r\u00f6k eml\u00e9kezet\u00e9re \u00e9l\u0151 nyelvel meg magyar\u00e1zott 1744. eszt. (Kv., s. a.); Gudenus; Kelemen Lajos 2009; Kornis; R\u00e1cz 2009; Veress Endre 1917<\/br><\/p>\n","protected":false},"excerpt":{"rendered":"<p>1709 \u2020 1759, temetve Kv. az \u00f3v\u00e1ri Ferencrendi templom Kornis kripta: tan\u00e1csos., hunyadi f\u0151isp\u00e1n, v. b. t. t., kamar\u00e1s. \u2013 Istv\u00e1n (1680\u20131741) \u00e9s gyer\u0151monostori Gyer\u0151ffi Borb\u00e1la (1684\u20131744) fia. Feles\u00e9ge: 1. zabolai Mikes M\u00e1ria (1723\u20131744) gr., csillagkeresztes h\u00f6lgy, esk\u00fcv\u0151 (1736); 2. kir\u00e1lyhalmi gr. Petky Anna (1720\u201368), csillagkeresztes h\u00f6lgy (esk\u00fcv\u0151 1745). Gyermekei: Mih\u00e1ly (1738\u20131782), Antal (1746\u20131803), hunyadi [&hellip;]<\/p>\n","protected":false},"featured_media":0,"comment_status":"open","ping_status":"closed","template":"","meta":[],"product_brand":[],"product_cat":[137],"product_tag":[],"class_list":{"0":"post-12620","1":"product","2":"type-product","3":"status-publish","5":"product_cat-maros-megyei-eletrajzi-lexikon","7":"first","8":"instock","9":"shipping-taxable","10":"product-type-simple"},"_links":{"self":[{"href":"https:\/\/uj.adatbank.ro\/lexikon\/wp-json\/wp\/v2\/product\/12620","targetHints":{"allow":["GET"]}}],"collection":[{"href":"https:\/\/uj.adatbank.ro\/lexikon\/wp-json\/wp\/v2\/product"}],"about":[{"href":"https:\/\/uj.adatbank.ro\/lexikon\/wp-json\/wp\/v2\/types\/product"}],"replies":[{"embeddable":true,"href":"https:\/\/uj.adatbank.ro\/lexikon\/wp-json\/wp\/v2\/comments?post=12620"}],"wp:attachment":[{"href":"https:\/\/uj.adatbank.ro\/lexikon\/wp-json\/wp\/v2\/media?parent=12620"}],"wp:term":[{"taxonomy":"product_brand","embeddable":true,"href":"https:\/\/uj.adatbank.ro\/lexikon\/wp-json\/wp\/v2\/product_brand?post=12620"},{"taxonomy":"product_cat","embeddable":true,"href":"https:\/\/uj.adatbank.ro\/lexikon\/wp-json\/wp\/v2\/product_cat?post=12620"},{"taxonomy":"product_tag","embeddable":true,"href":"https:\/\/uj.adatbank.ro\/lexikon\/wp-json\/wp\/v2\/product_tag?post=12620"}],"curies":[{"name":"wp","href":"https:\/\/api.w.org\/{rel}","templated":true}]}}