{"id":12621,"date":"2025-06-29T14:33:20","date_gmt":"2025-06-29T12:33:20","guid":{"rendered":"https:\/\/uj.adatbank.ro\/lexikon\/termek\/kornis-boldizsar-homorodszentpali-gonczruszkai-br\/"},"modified":"2025-06-29T14:33:20","modified_gmt":"2025-06-29T12:33:20","slug":"kornis-boldizsar-homorodszentpali-gonczruszkai-br","status":"publish","type":"product","link":"https:\/\/uj.adatbank.ro\/lexikon\/termek\/kornis-boldizsar-homorodszentpali-gonczruszkai-br\/","title":{"rendered":"KORNIS Boldizs\u00e1r, homor\u00f3dszentp\u00e1li, g\u00f6nczruszkai, br."},"content":{"rendered":"<p>1581 e., \u2020 Kv., 1610. j\u00fal 11., lefejezt\u00e9k.: f\u0151\u00far, f\u0151kapit\u00e1ny, sz\u00e9kely gener\u00e1lis, f\u0151isp\u00e1n. \u2013 Radn\u00f3ti K. G\u00e1sp\u00e1r (1550\u20131601) \u00e9s nagyszalontai Tholdy Erzs\u00e9bet fia. Feles\u00e9ge: Kereszt\u00fari Kata, esk\u00fcv\u0151 (1600). Gyermekei: Ferenc (1607\u20131661), Istv\u00e1n (1608\u20131648 e.) jezsuita szerzetes, Borb\u00e1la (1610\u20131653), klarissza ap\u00e1ca. \u2013 Bast\u00e1t\u00f3l falvakat kapott adom\u00e1nyk\u00e9nt, a h\u0171tlenn\u00e9 v\u00e1lt szentp\u00e1li Kornis Farkas fiair\u00f3l \u00e9s m\u00e1sokr\u00f3l a kincst\u00e1rra maradt falvakb\u00f3l (1603. szept. 19.), valamint v\u00e9d\u0151levelet (1603. nov. 18). Bels\u0151-Szolnok vm. f\u0151isp\u00e1nja, Udvarhelysz\u00e9k (H\u00e1romsz\u00e9k) f\u0151kapit\u00e1ny (1604) a sz\u00e9kely hadak f\u0151parancsnoka (1608). A Bocskai szabads\u00e1gharc idej\u00e9n Habsburgok h\u0171s\u00e9ges embere. Visszat\u00e9rt Erd\u00e9lybe (1607), mint R\u00e1k\u00f3czi Zsigmond tan\u00e1csosa. Sz\u00e9kely gener\u00e1lis (1608\u2013). Vezet\u0151je annak a sz\u00f6vets\u00e9gnek, amely Ecsedr\u0151l megh\u00edvta B\u00e1thori G\u00e1bort az erd\u00e9lyi fejedelems\u00e9gre (1608). Ekkor kapta adom\u00e1nyul Radn\u00f3t v\u00e1r\u00e1t a fejedelemt\u0151l. Feles\u00e9g\u00e9vel nyerte hozom\u00e1nyk\u00e9nt D\u00e9s mellett a szentbenedeki kast\u00e9lyt \u00e9s uradalmat. Erd\u00e9lyi b\u00e1r\u00f3i rangot kapott (1609. okt. 26). \u00c9l\u00e9re \u00e1llt a B\u00e1thori G\u00e1bor elleni \u00f6sszesk\u00fcv\u00e9snek az \u0151 \u00e9s Kendy Istv\u00e1n vezet\u00e9s\u00e9vel a kat. f\u0151urak Sz\u00e9ken mer\u00e9nyletet kis\u00e9reltek meg, a fejedelem ez\u00e9rt elfogatta \u00e9s Kv. piac\u00e1n lefejeztette ( Kv., 1610. j\u00fal. 11.). A radn\u00f3ti uradalomhoz tartoz\u00f3 ludasi birtok tulajdonosa r\u00f6vid ideig mert amikor kiv\u00e9gezt\u00e9k elkobozt\u00e1k minden vagyon\u00e1t. Ha volt is udvarh\u00e1z az 1848\/49-ben elpusztult. <br \/><strong>Irod.:<\/strong> Basta; Bicsok-Orb\u00e1n; Kelemen Lajos 2006; Keresztes Gyula 1995; Nagy Iv\u00e1n; P\u00e1l-Antal 2002; Szekeres Ad\u00e9l: Ludas a XV \u2013 XVIII. sz\u00e1zad k\u00f6z\u00f6tt (N\u00fa., 1996. m\u00e1rc. 13.); Szov\u00e1ta; \u00daM\u00c9L; Vass Mikl\u00f3s: A homor\u00f3dszentp\u00e1li Kornis csal\u00e1d (1909); Veress Endre 1917<\/br><\/p>\n","protected":false},"excerpt":{"rendered":"<p>1581 e., \u2020 Kv., 1610. j\u00fal 11., lefejezt\u00e9k.: f\u0151\u00far, f\u0151kapit\u00e1ny, sz\u00e9kely gener\u00e1lis, f\u0151isp\u00e1n. \u2013 Radn\u00f3ti K. G\u00e1sp\u00e1r (1550\u20131601) \u00e9s nagyszalontai Tholdy Erzs\u00e9bet fia. Feles\u00e9ge: Kereszt\u00fari Kata, esk\u00fcv\u0151 (1600). Gyermekei: Ferenc (1607\u20131661), Istv\u00e1n (1608\u20131648 e.) jezsuita szerzetes, Borb\u00e1la (1610\u20131653), klarissza ap\u00e1ca. \u2013 Bast\u00e1t\u00f3l falvakat kapott adom\u00e1nyk\u00e9nt, a h\u0171tlenn\u00e9 v\u00e1lt szentp\u00e1li Kornis Farkas fiair\u00f3l \u00e9s m\u00e1sokr\u00f3l a [&hellip;]<\/p>\n","protected":false},"featured_media":0,"comment_status":"open","ping_status":"closed","template":"","meta":[],"product_brand":[],"product_cat":[137],"product_tag":[],"class_list":{"0":"post-12621","1":"product","2":"type-product","3":"status-publish","5":"product_cat-maros-megyei-eletrajzi-lexikon","7":"first","8":"instock","9":"shipping-taxable","10":"product-type-simple"},"_links":{"self":[{"href":"https:\/\/uj.adatbank.ro\/lexikon\/wp-json\/wp\/v2\/product\/12621","targetHints":{"allow":["GET"]}}],"collection":[{"href":"https:\/\/uj.adatbank.ro\/lexikon\/wp-json\/wp\/v2\/product"}],"about":[{"href":"https:\/\/uj.adatbank.ro\/lexikon\/wp-json\/wp\/v2\/types\/product"}],"replies":[{"embeddable":true,"href":"https:\/\/uj.adatbank.ro\/lexikon\/wp-json\/wp\/v2\/comments?post=12621"}],"wp:attachment":[{"href":"https:\/\/uj.adatbank.ro\/lexikon\/wp-json\/wp\/v2\/media?parent=12621"}],"wp:term":[{"taxonomy":"product_brand","embeddable":true,"href":"https:\/\/uj.adatbank.ro\/lexikon\/wp-json\/wp\/v2\/product_brand?post=12621"},{"taxonomy":"product_cat","embeddable":true,"href":"https:\/\/uj.adatbank.ro\/lexikon\/wp-json\/wp\/v2\/product_cat?post=12621"},{"taxonomy":"product_tag","embeddable":true,"href":"https:\/\/uj.adatbank.ro\/lexikon\/wp-json\/wp\/v2\/product_tag?post=12621"}],"curies":[{"name":"wp","href":"https:\/\/api.w.org\/{rel}","templated":true}]}}