{"id":12624,"date":"2025-06-29T14:33:26","date_gmt":"2025-06-29T12:33:26","guid":{"rendered":"https:\/\/uj.adatbank.ro\/lexikon\/termek\/kornis-ferenc-goncruszkai-br-gr\/"},"modified":"2025-06-29T14:33:26","modified_gmt":"2025-06-29T12:33:26","slug":"kornis-ferenc-goncruszkai-br-gr","status":"publish","type":"product","link":"https:\/\/uj.adatbank.ro\/lexikon\/termek\/kornis-ferenc-goncruszkai-br-gr\/","title":{"rendered":"KORNIS Ferenc, g\u00f6ncruszkai br, gr."},"content":{"rendered":"<p>Meggyesfalva, 1703., \u2020 1765, temetve Kv. \u00f3v\u00e1ri Ferencrendi templom Kornis kripata.: f\u00f6ldbirtokos, f\u0151isp\u00e1n. \u2013 K. Zsigmond (1677\u20131731) \u00e9s t\u00f6visi B\u00e1lintitt Zsuzsanna (1681\u20131738) fia. Feles\u00e9ge: 1. kir\u00e1lyhalmi gr. Petki Zsuzsa (1681\u20131727). Esk\u00fcv\u0151: Marosszentgy\u00f6rgy, (1727); 2. \u00e1rapataki Ger\u00e9b Zsuzs\u00e1nna (\u2020. 1784) Esk\u00fcv\u0151 (1752). Gyermekei: Krisztina-Haller Istv\u00e1nn\u00e9 (1728\u201378), Ferenc (1731\u201390) p\u00fcsp\u00f6k, v\u00e1radi nagypr\u00e9post, Anna \u2020, Istv\u00e1n (1736\u20131790); m\u00e1sodik feles\u00e9g\u00e9t\u0151l : G\u00e1sp\u00e1r (1755\u20131820), Anna-L\u00e1z\u00e1r J\u00e1nosn\u00e9 (1758\u20131814), Kl\u00e1ra-Chamus Lajosn\u00e9 (1761\u20131829). Kis-K\u00fck\u00fcll\u0151 vm., majd K\u00fck\u00fcll\u0151 v\u00e1rmegye f\u0151isp\u00e1nja (1729\u201362) Kor\u00f3don lakott a legt\u00f6bbet. <br \/><strong>Irod.:<\/strong> Gudenus; Gy\u00f6rgy: A ferencrendiek; Kelemen Lajos 2006; Kornis; Kov\u00e1sznai; Mo. f\u0151isp\u00e1njai, Nagy Iv\u00e1n; Veress Endre 1917<\/br><\/p>\n","protected":false},"excerpt":{"rendered":"<p>Meggyesfalva, 1703., \u2020 1765, temetve Kv. \u00f3v\u00e1ri Ferencrendi templom Kornis kripata.: f\u00f6ldbirtokos, f\u0151isp\u00e1n. \u2013 K. Zsigmond (1677\u20131731) \u00e9s t\u00f6visi B\u00e1lintitt Zsuzsanna (1681\u20131738) fia. Feles\u00e9ge: 1. kir\u00e1lyhalmi gr. Petki Zsuzsa (1681\u20131727). Esk\u00fcv\u0151: Marosszentgy\u00f6rgy, (1727); 2. \u00e1rapataki Ger\u00e9b Zsuzs\u00e1nna (\u2020. 1784) Esk\u00fcv\u0151 (1752). Gyermekei: Krisztina-Haller Istv\u00e1nn\u00e9 (1728\u201378), Ferenc (1731\u201390) p\u00fcsp\u00f6k, v\u00e1radi nagypr\u00e9post, Anna \u2020, Istv\u00e1n (1736\u20131790); m\u00e1sodik [&hellip;]<\/p>\n","protected":false},"featured_media":0,"comment_status":"open","ping_status":"closed","template":"","meta":[],"product_brand":[],"product_cat":[137],"product_tag":[],"class_list":{"0":"post-12624","1":"product","2":"type-product","3":"status-publish","5":"product_cat-maros-megyei-eletrajzi-lexikon","7":"first","8":"instock","9":"shipping-taxable","10":"product-type-simple"},"_links":{"self":[{"href":"https:\/\/uj.adatbank.ro\/lexikon\/wp-json\/wp\/v2\/product\/12624","targetHints":{"allow":["GET"]}}],"collection":[{"href":"https:\/\/uj.adatbank.ro\/lexikon\/wp-json\/wp\/v2\/product"}],"about":[{"href":"https:\/\/uj.adatbank.ro\/lexikon\/wp-json\/wp\/v2\/types\/product"}],"replies":[{"embeddable":true,"href":"https:\/\/uj.adatbank.ro\/lexikon\/wp-json\/wp\/v2\/comments?post=12624"}],"wp:attachment":[{"href":"https:\/\/uj.adatbank.ro\/lexikon\/wp-json\/wp\/v2\/media?parent=12624"}],"wp:term":[{"taxonomy":"product_brand","embeddable":true,"href":"https:\/\/uj.adatbank.ro\/lexikon\/wp-json\/wp\/v2\/product_brand?post=12624"},{"taxonomy":"product_cat","embeddable":true,"href":"https:\/\/uj.adatbank.ro\/lexikon\/wp-json\/wp\/v2\/product_cat?post=12624"},{"taxonomy":"product_tag","embeddable":true,"href":"https:\/\/uj.adatbank.ro\/lexikon\/wp-json\/wp\/v2\/product_tag?post=12624"}],"curies":[{"name":"wp","href":"https:\/\/api.w.org\/{rel}","templated":true}]}}